{"id":996,"date":"2021-03-10T17:44:59","date_gmt":"2021-03-10T17:44:59","guid":{"rendered":"https:\/\/magicgamesbolivia.com\/?post_type=product&#038;p=996"},"modified":"2026-01-14T14:16:16","modified_gmt":"2026-01-14T14:16:16","slug":"la-polilla-tramposa","status":"publish","type":"product","link":"https:\/\/magicgamesbolivia.com\/index.php\/product\/la-polilla-tramposa\/","title":{"rendered":"LA POLILLA TRAMPOSA"},"content":{"rendered":"<p>La gran novedad del 2012, ganador del prestigioso\u00a0<strong>Deutscher Spiele preis Best Children\u2019s Game.<\/strong>\u00a0En este original juego, las trampas no solo no est\u00e1n prohibidas, sino que probablemente estar\u00e1s obligado a hacerlas para ganar.<\/p>\n<p>Cada jugador recibe una mano de ocho cartas y gana el primero que consigue deshacerse de ellas. Por desgracia, algunas de ellas no pueden descartarse de forma normal y los jugadores deben buscar sistemas \u201calternativos\u201d para librarse de ellas.<\/p>\n<p>Componentes: 20 cartas de acci\u00f3n, 43 de n\u00fameros, 8 de polillas tramposa, 1 chinche guardi\u00e1n, reglamento<\/p>\n<p>&nbsp;<\/p>\n<p>Este juego dispone de 72 cartas y les corresponden fundas de 57x90mm<\/p>\n","protected":false},"excerpt":{"rendered":"<p>Cada jugador recibe una mano de ocho cartas y gana el primero que consigue deshacerse de ellas. Por desgracia, algunas de ellas no pueden descartarse de forma normal y los jugadores deben buscar sistemas \u201calternativos\u201d para librarse de ellas.<\/p>\n","protected":false},"featured_media":997,"comment_status":"open","ping_status":"closed","template":"","meta":{"_themeisle_gutenberg_block_has_review":false},"product_brand":[],"product_cat":[29,30],"product_tag":[50,51],"class_list":{"0":"post-996","1":"product","2":"type-product","3":"status-publish","4":"has-post-thumbnail","6":"product_cat-juegos-de-mesa","7":"product_cat-devir","8":"product_tag-polilla","9":"product_tag-tramposa","11":"first","12":"instock","13":"shipping-taxable","14":"purchasable","15":"product-type-simple"},"_links":{"self":[{"href":"https:\/\/magicgamesbolivia.com\/index.php\/wp-json\/wp\/v2\/product\/996","targetHints":{"allow":["GET"]}}],"collection":[{"href":"https:\/\/magicgamesbolivia.com\/index.php\/wp-json\/wp\/v2\/product"}],"about":[{"href":"https:\/\/magicgamesbolivia.com\/index.php\/wp-json\/wp\/v2\/types\/product"}],"replies":[{"embeddable":true,"href":"https:\/\/magicgamesbolivia.com\/index.php\/wp-json\/wp\/v2\/comments?post=996"}],"version-history":[{"count":1,"href":"https:\/\/magicgamesbolivia.com\/index.php\/wp-json\/wp\/v2\/product\/996\/revisions"}],"predecessor-version":[{"id":1000,"href":"https:\/\/magicgamesbolivia.com\/index.php\/wp-json\/wp\/v2\/product\/996\/revisions\/1000"}],"wp:featuredmedia":[{"embeddable":true,"href":"https:\/\/magicgamesbolivia.com\/index.php\/wp-json\/wp\/v2\/media\/997"}],"wp:attachment":[{"href":"https:\/\/magicgamesbolivia.com\/index.php\/wp-json\/wp\/v2\/media?parent=996"}],"wp:term":[{"taxonomy":"product_brand","embeddable":true,"href":"https:\/\/magicgamesbolivia.com\/index.php\/wp-json\/wp\/v2\/product_brand?post=996"},{"taxonomy":"product_cat","embeddable":true,"href":"https:\/\/magicgamesbolivia.com\/index.php\/wp-json\/wp\/v2\/product_cat?post=996"},{"taxonomy":"product_tag","embeddable":true,"href":"https:\/\/magicgamesbolivia.com\/index.php\/wp-json\/wp\/v2\/product_tag?post=996"}],"curies":[{"name":"wp","href":"https:\/\/api.w.org\/{rel}","templated":true}]}}