{"id":993,"date":"2021-03-10T17:32:09","date_gmt":"2021-03-10T17:32:09","guid":{"rendered":"https:\/\/magicgamesbolivia.com\/?post_type=product&#038;p=993"},"modified":"2022-01-17T21:08:57","modified_gmt":"2022-01-17T21:08:57","slug":"pick-a-foca","status":"publish","type":"product","link":"https:\/\/magicgamesbolivia.com\/index.php\/product\/pick-a-foca\/","title":{"rendered":"Pick-a-Foca"},"content":{"rendered":"<p>(Espa\u00f1ol) 1. Cada jugador recibe una carta boca abajo.<br \/>\n2. A la voz de \u201c\u201d\u00a1YA!\u201d\u201d, gira tu carta y apres\u00farate a coger otro cerdo que sea exactamente igual o muestre una \u00fanica diferencia con respecto a tu carta.<br \/>\n3. Sigue cogiendo tantas cartas v\u00e1lidas como puedas. Cuando ya no puedas m\u00e1s, grita \u201c\u201d\u00a1ALTO!\u201d\u201d y recibe tu recompensa.<br \/>\n4. \u00a1Consigue m\u00e1s cartas que los dem\u00e1s y ser\u00e1s el ganador!<\/p>\n<p>*Combinalo con el Pick-a-Oso Polar para jugar hasta con 8 jugadores<\/p>\n","protected":false},"excerpt":{"rendered":"<p>(Espa\u00f1ol) 1. Cada jugador recibe una carta boca abajo.<br \/>\n2. A la voz de \u201c\u201d\u00a1YA!\u201d\u201d, gira tu carta y apres\u00farate a coger otro cerdo que sea exactamente igual o muestre una \u00fanica diferencia con respecto a tu carta.<br \/>\n3. Sigue cogiendo tantas cartas v\u00e1lidas como puedas. Cuando ya no puedas m\u00e1s, grita \u201c\u201d\u00a1ALTO!\u201d\u201d y recibe tu recompensa.<br \/>\n4. \u00a1Consigue m\u00e1s cartas que los dem\u00e1s y ser\u00e1s el ganador!<\/p>\n<p>*Combinalo con el Pick-a-Oso Polar para jugar hasta con 8 jugadores<\/p>\n","protected":false},"featured_media":994,"comment_status":"open","ping_status":"closed","template":"","meta":{"_themeisle_gutenberg_block_has_review":false},"product_brand":[],"product_cat":[29,30],"product_tag":[49],"class_list":{"0":"post-993","1":"product","2":"type-product","3":"status-publish","4":"has-post-thumbnail","6":"product_cat-juegos-de-mesa","7":"product_cat-devir","8":"product_tag-foca","10":"first","11":"outofstock","12":"shipping-taxable","13":"purchasable","14":"product-type-simple"},"_links":{"self":[{"href":"https:\/\/magicgamesbolivia.com\/index.php\/wp-json\/wp\/v2\/product\/993","targetHints":{"allow":["GET"]}}],"collection":[{"href":"https:\/\/magicgamesbolivia.com\/index.php\/wp-json\/wp\/v2\/product"}],"about":[{"href":"https:\/\/magicgamesbolivia.com\/index.php\/wp-json\/wp\/v2\/types\/product"}],"replies":[{"embeddable":true,"href":"https:\/\/magicgamesbolivia.com\/index.php\/wp-json\/wp\/v2\/comments?post=993"}],"version-history":[{"count":1,"href":"https:\/\/magicgamesbolivia.com\/index.php\/wp-json\/wp\/v2\/product\/993\/revisions"}],"predecessor-version":[{"id":995,"href":"https:\/\/magicgamesbolivia.com\/index.php\/wp-json\/wp\/v2\/product\/993\/revisions\/995"}],"wp:featuredmedia":[{"embeddable":true,"href":"https:\/\/magicgamesbolivia.com\/index.php\/wp-json\/wp\/v2\/media\/994"}],"wp:attachment":[{"href":"https:\/\/magicgamesbolivia.com\/index.php\/wp-json\/wp\/v2\/media?parent=993"}],"wp:term":[{"taxonomy":"product_brand","embeddable":true,"href":"https:\/\/magicgamesbolivia.com\/index.php\/wp-json\/wp\/v2\/product_brand?post=993"},{"taxonomy":"product_cat","embeddable":true,"href":"https:\/\/magicgamesbolivia.com\/index.php\/wp-json\/wp\/v2\/product_cat?post=993"},{"taxonomy":"product_tag","embeddable":true,"href":"https:\/\/magicgamesbolivia.com\/index.php\/wp-json\/wp\/v2\/product_tag?post=993"}],"curies":[{"name":"wp","href":"https:\/\/api.w.org\/{rel}","templated":true}]}}