{"id":979,"date":"2021-03-10T15:59:31","date_gmt":"2021-03-10T15:59:31","guid":{"rendered":"https:\/\/magicgamesbolivia.com\/?post_type=product&#038;p=979"},"modified":"2023-01-08T02:46:12","modified_gmt":"2023-01-08T02:46:12","slug":"sanctum","status":"publish","type":"product","link":"https:\/\/magicgamesbolivia.com\/index.php\/product\/sanctum\/","title":{"rendered":"SANCTUM"},"content":{"rendered":"<p>(Espa\u00f1ol) \u00bfTe imaginas vivir toda la emoci\u00f3n de un hack and slash en un juego de mesa? Bienvenido a Sanctum, el RPG de tablero inspirado en Diablo en que t\u00fa y un grupo de h\u00e9roes tendr\u00e1n que abrirse caminos entre las hordas de criaturas y sortear peligros de todo tipo hasta enfrentarse al Se\u00f1or de los Demonios. Muchos lo intentar\u00e1n, pero solo uno se llevar\u00e1 la gloria. \u00bfSer\u00e1s t\u00fa quien devolver\u00e1 su esplendor a la ciudad de Sanctum?<\/p>\n","protected":false},"excerpt":{"rendered":"<p>\u00bfTe imaginas vivir toda la emoci\u00f3n de un hack and slash en un juego de mesa? Bienvenido a Sanctum, el RPG de tablero inspirado en Diablo.<\/p>\n<h4 class=\"a-size-base-plus a-text-bold\">Acerca de este producto<\/h4>\n<ul class=\"a-unordered-list a-vertical a-spacing-mini\">\n<li><span class=\"a-list-item\">Tipo de producto: juego de mesa dise\u00f1ado por Filip Neduk<\/span><\/li>\n<li><span class=\"a-list-item\">Destinado a los fans del videojuego Diablo<\/span><\/li>\n<li><span class=\"a-list-item\">Es un juego interactivo, emocionante, inmersivo y estrat\u00e9gico<\/span><\/li>\n<li><span class=\"a-list-item\">Adecuado para pasar el tiempo libre<\/span><\/li>\n<\/ul>\n","protected":false},"featured_media":980,"comment_status":"open","ping_status":"closed","template":"","meta":{"_themeisle_gutenberg_block_has_review":false},"product_brand":[],"product_cat":[29,30],"product_tag":[46],"class_list":{"0":"post-979","1":"product","2":"type-product","3":"status-publish","4":"has-post-thumbnail","6":"product_cat-juegos-de-mesa","7":"product_cat-devir","8":"product_tag-sanctum","10":"first","11":"outofstock","12":"shipping-taxable","13":"purchasable","14":"product-type-simple"},"_links":{"self":[{"href":"https:\/\/magicgamesbolivia.com\/index.php\/wp-json\/wp\/v2\/product\/979","targetHints":{"allow":["GET"]}}],"collection":[{"href":"https:\/\/magicgamesbolivia.com\/index.php\/wp-json\/wp\/v2\/product"}],"about":[{"href":"https:\/\/magicgamesbolivia.com\/index.php\/wp-json\/wp\/v2\/types\/product"}],"replies":[{"embeddable":true,"href":"https:\/\/magicgamesbolivia.com\/index.php\/wp-json\/wp\/v2\/comments?post=979"}],"version-history":[{"count":2,"href":"https:\/\/magicgamesbolivia.com\/index.php\/wp-json\/wp\/v2\/product\/979\/revisions"}],"predecessor-version":[{"id":3677,"href":"https:\/\/magicgamesbolivia.com\/index.php\/wp-json\/wp\/v2\/product\/979\/revisions\/3677"}],"wp:featuredmedia":[{"embeddable":true,"href":"https:\/\/magicgamesbolivia.com\/index.php\/wp-json\/wp\/v2\/media\/980"}],"wp:attachment":[{"href":"https:\/\/magicgamesbolivia.com\/index.php\/wp-json\/wp\/v2\/media?parent=979"}],"wp:term":[{"taxonomy":"product_brand","embeddable":true,"href":"https:\/\/magicgamesbolivia.com\/index.php\/wp-json\/wp\/v2\/product_brand?post=979"},{"taxonomy":"product_cat","embeddable":true,"href":"https:\/\/magicgamesbolivia.com\/index.php\/wp-json\/wp\/v2\/product_cat?post=979"},{"taxonomy":"product_tag","embeddable":true,"href":"https:\/\/magicgamesbolivia.com\/index.php\/wp-json\/wp\/v2\/product_tag?post=979"}],"curies":[{"name":"wp","href":"https:\/\/api.w.org\/{rel}","templated":true}]}}