{"id":970,"date":"2021-03-10T07:51:32","date_gmt":"2021-03-10T07:51:32","guid":{"rendered":"https:\/\/magicgamesbolivia.com\/?post_type=product&#038;p=970"},"modified":"2026-01-14T14:18:26","modified_gmt":"2026-01-14T14:18:26","slug":"codigo-secreto-duo","status":"publish","type":"product","link":"https:\/\/magicgamesbolivia.com\/index.php\/product\/codigo-secreto-duo\/","title":{"rendered":"C\u00d3DIGO SECRETO D\u00daO"},"content":{"rendered":"<p>(Espa\u00f1ol) Tu y tu compa\u00f1ero estan llevando a cabo una misi\u00f3n en una ciudad atestada de personas. Tendr\u00e1n que contactar con los 15 agentes y evitar a la vez a una banda de asesinos.<\/p>\n","protected":false},"excerpt":{"rendered":"<h4 class=\"a-size-base-plus a-text-bold\">Acerca de este producto<\/h4>\n<ul class=\"a-unordered-list a-vertical a-spacing-mini\">\n<li><span class=\"a-list-item\">Para mayores de 11 a\u00f1os<\/span><\/li>\n<li><span class=\"a-list-item\">Para 2 o m\u00e1s jugadores<\/span><\/li>\n<li><span class=\"a-list-item\">Duraci\u00f3n 15 min<\/span><\/li>\n<li><span class=\"a-list-item\">Idioma: espa\u00f1ol<\/span><\/li>\n<\/ul>\n","protected":false},"featured_media":971,"comment_status":"open","ping_status":"closed","template":"","meta":{"_themeisle_gutenberg_block_has_review":false},"product_brand":[],"product_cat":[29,30],"product_tag":[42,45,43],"class_list":{"0":"post-970","1":"product","2":"type-product","3":"status-publish","4":"has-post-thumbnail","6":"product_cat-juegos-de-mesa","7":"product_cat-devir","8":"product_tag-codigo","9":"product_tag-duo","10":"product_tag-secreto","12":"first","13":"instock","14":"shipping-taxable","15":"purchasable","16":"product-type-simple"},"_links":{"self":[{"href":"https:\/\/magicgamesbolivia.com\/index.php\/wp-json\/wp\/v2\/product\/970","targetHints":{"allow":["GET"]}}],"collection":[{"href":"https:\/\/magicgamesbolivia.com\/index.php\/wp-json\/wp\/v2\/product"}],"about":[{"href":"https:\/\/magicgamesbolivia.com\/index.php\/wp-json\/wp\/v2\/types\/product"}],"replies":[{"embeddable":true,"href":"https:\/\/magicgamesbolivia.com\/index.php\/wp-json\/wp\/v2\/comments?post=970"}],"version-history":[{"count":2,"href":"https:\/\/magicgamesbolivia.com\/index.php\/wp-json\/wp\/v2\/product\/970\/revisions"}],"predecessor-version":[{"id":2208,"href":"https:\/\/magicgamesbolivia.com\/index.php\/wp-json\/wp\/v2\/product\/970\/revisions\/2208"}],"wp:featuredmedia":[{"embeddable":true,"href":"https:\/\/magicgamesbolivia.com\/index.php\/wp-json\/wp\/v2\/media\/971"}],"wp:attachment":[{"href":"https:\/\/magicgamesbolivia.com\/index.php\/wp-json\/wp\/v2\/media?parent=970"}],"wp:term":[{"taxonomy":"product_brand","embeddable":true,"href":"https:\/\/magicgamesbolivia.com\/index.php\/wp-json\/wp\/v2\/product_brand?post=970"},{"taxonomy":"product_cat","embeddable":true,"href":"https:\/\/magicgamesbolivia.com\/index.php\/wp-json\/wp\/v2\/product_cat?post=970"},{"taxonomy":"product_tag","embeddable":true,"href":"https:\/\/magicgamesbolivia.com\/index.php\/wp-json\/wp\/v2\/product_tag?post=970"}],"curies":[{"name":"wp","href":"https:\/\/api.w.org\/{rel}","templated":true}]}}