{"id":958,"date":"2021-03-10T07:39:18","date_gmt":"2021-03-10T07:39:18","guid":{"rendered":"https:\/\/magicgamesbolivia.com\/?post_type=product&#038;p=958"},"modified":"2026-01-14T14:15:21","modified_gmt":"2026-01-14T14:15:21","slug":"codigo-secreto","status":"publish","type":"product","link":"https:\/\/magicgamesbolivia.com\/index.php\/product\/codigo-secreto\/","title":{"rendered":"C\u00d3DIGO SECRETO"},"content":{"rendered":"<p>El jefe de la red de esp\u00edas dice \u201cFiebre: 2\u201d.<br \/>\n\u00bfSabr\u00edas encontrar las dos palabras relacionadas con \u201cfiebre\u201d que te har\u00e1n ganar la partida?<br \/>\nLos dos jefes de esp\u00edas conocen la identidad secreta de cada agente, pero sus compa\u00f1eros de equipo s\u00f3lo conocen a los agentes por su\u00a0nombre en clave. Los equipos competir\u00e1n para ver qui\u00e9n consigue contactar primero con todos sus agentes. Cada jefe de esp\u00edas dir\u00e1 en\u00a0su turno una pista compuesta por una sola palabra que puede referirse a varias de las palabras que hay en el tablero. Sus compa\u00f1eros\u00a0de equipo intentar\u00e1n adivinar esas palabras evitando se\u00f1alar las palabras del equipo rival. Y sin que nadie encuentre al asesino\u2026<br \/>\nLa clave es: Divertirse.<\/p>\n","protected":false},"excerpt":{"rendered":"<p>\u00bfSabr\u00edas encontrar las dos palabras relacionadas con \u201cfiebre\u201d que te har\u00e1n ganar la partida?<\/p>\n<p>Los dos jefes de esp\u00edas conocen la identidad secreta de cada agente, pero sus compa\u00f1eros de equipo s\u00f3lo conocen a los agentes por su\u00a0nombre en clave.<\/p>\n<h4 class=\"a-size-base-plus a-text-bold\">Acerca de este producto<\/h4>\n<ul class=\"a-unordered-list a-vertical a-spacing-mini\">\n<li><span class=\"a-list-item\">Adecuado para gente competitiva y cr\u00edtica, as\u00ed como para los m\u00e1s sueltos<\/span><\/li>\n<li><span class=\"a-list-item\">De 2 a 8 jugadores<\/span><\/li>\n<li><span class=\"a-list-item\">Duraci\u00f3n: 15 minutos<\/span><\/li>\n<li><span class=\"a-list-item\">Para mayores de 8 a\u00f1os<\/span><\/li>\n<\/ul>\n<p><iframe src=\"https:\/\/www.youtube.com\/embed\/lMf7MnQsSNg\" width=\"560\" height=\"315\" frameborder=\"0\" allowfullscreen=\"allowfullscreen\"><\/iframe><\/p>\n","protected":false},"featured_media":959,"comment_status":"open","ping_status":"closed","template":"","meta":{"_themeisle_gutenberg_block_has_review":false},"product_brand":[],"product_cat":[29,30],"product_tag":[42,43],"class_list":{"0":"post-958","1":"product","2":"type-product","3":"status-publish","4":"has-post-thumbnail","6":"product_cat-juegos-de-mesa","7":"product_cat-devir","8":"product_tag-codigo","9":"product_tag-secreto","11":"first","12":"instock","13":"sold-individually","14":"shipping-taxable","15":"purchasable","16":"product-type-simple"},"_links":{"self":[{"href":"https:\/\/magicgamesbolivia.com\/index.php\/wp-json\/wp\/v2\/product\/958","targetHints":{"allow":["GET"]}}],"collection":[{"href":"https:\/\/magicgamesbolivia.com\/index.php\/wp-json\/wp\/v2\/product"}],"about":[{"href":"https:\/\/magicgamesbolivia.com\/index.php\/wp-json\/wp\/v2\/types\/product"}],"replies":[{"embeddable":true,"href":"https:\/\/magicgamesbolivia.com\/index.php\/wp-json\/wp\/v2\/comments?post=958"}],"version-history":[{"count":3,"href":"https:\/\/magicgamesbolivia.com\/index.php\/wp-json\/wp\/v2\/product\/958\/revisions"}],"predecessor-version":[{"id":1811,"href":"https:\/\/magicgamesbolivia.com\/index.php\/wp-json\/wp\/v2\/product\/958\/revisions\/1811"}],"wp:featuredmedia":[{"embeddable":true,"href":"https:\/\/magicgamesbolivia.com\/index.php\/wp-json\/wp\/v2\/media\/959"}],"wp:attachment":[{"href":"https:\/\/magicgamesbolivia.com\/index.php\/wp-json\/wp\/v2\/media?parent=958"}],"wp:term":[{"taxonomy":"product_brand","embeddable":true,"href":"https:\/\/magicgamesbolivia.com\/index.php\/wp-json\/wp\/v2\/product_brand?post=958"},{"taxonomy":"product_cat","embeddable":true,"href":"https:\/\/magicgamesbolivia.com\/index.php\/wp-json\/wp\/v2\/product_cat?post=958"},{"taxonomy":"product_tag","embeddable":true,"href":"https:\/\/magicgamesbolivia.com\/index.php\/wp-json\/wp\/v2\/product_tag?post=958"}],"curies":[{"name":"wp","href":"https:\/\/api.w.org\/{rel}","templated":true}]}}