{"id":954,"date":"2021-03-10T07:32:21","date_gmt":"2021-03-10T07:32:21","guid":{"rendered":"https:\/\/magicgamesbolivia.com\/?post_type=product&#038;p=954"},"modified":"2021-08-16T15:31:06","modified_gmt":"2021-08-16T15:31:06","slug":"las-leyendas-de-andor-el-escudo-de-las-estrellas","status":"publish","type":"product","link":"https:\/\/magicgamesbolivia.com\/index.php\/product\/las-leyendas-de-andor-el-escudo-de-las-estrellas\/","title":{"rendered":"LAS LEYENDAS DE ANDOR \u2013 EL ESCUDO DE LAS ESTRELLAS"},"content":{"rendered":"<p>El escudo de las estrellas es la primera expansi\u00f3n del premiado juego Las leyendas de Andor. En esta ocasi\u00f3n, los h\u00e9roes se enfrentar\u00e1n a nuevos retos. Tras derrotar al drag\u00f3n, los h\u00e9roes emprenden la b\u00fasqueda del escudo de las estrllas, el gran poder del cual puede ser una bendici\u00f3n para los h\u00e9roes, pero tambi\u00e9n ser\u00eda terrible que cayera en malas manos.<\/p>\n<p>Para empeorar un poco las cosas, una manada de lobos hambrientos les acechar\u00e1 durante su viaje, aunque si los h\u00e9roes consiguen domar a su l\u00edder, la manada puede pasar a ser una fiel aliada en su lucha contra el mal.<\/p>\n<p>&nbsp;<\/p>\n<p>Este juego dispone de 36 cartas a las que les corresponden las \u00abfundas juego de mesa standard european 59x92mm\u00bb<\/p>\n","protected":false},"excerpt":{"rendered":"<p>El escudo de las estrellas es la primera expansi\u00f3n del premiado juego Las leyendas de Andor.<\/p>\n<ul class=\"a-unordered-list a-vertical a-spacing-mini\">\n<li><span class=\"a-list-item\">Tipo de producto: juego de mesa que se juega con el juego b\u00e1sico<\/span><\/li>\n<li><span class=\"a-list-item\">El producto representa la primera expansi\u00f3n del juego Las leyendas de Andor<\/span><\/li>\n<li><span class=\"a-list-item\">Duraci\u00f3n aproximada de la partida: 60 &#8211; 90 minutos<\/span><\/li>\n<li><span class=\"a-list-item\">Edad recomendada: 10 a\u00f1os y m\u00e1s<\/span><\/li>\n<\/ul>\n","protected":false},"featured_media":955,"comment_status":"open","ping_status":"closed","template":"","meta":{"_themeisle_gutenberg_block_has_review":false},"product_brand":[],"product_cat":[29,30],"product_tag":[38,40,41,37],"class_list":{"0":"post-954","1":"product","2":"type-product","3":"status-publish","4":"has-post-thumbnail","6":"product_cat-juegos-de-mesa","7":"product_cat-devir","8":"product_tag-andor","9":"product_tag-escudo","10":"product_tag-estrella","11":"product_tag-leyendas","13":"first","14":"outofstock","15":"shipping-taxable","16":"purchasable","17":"product-type-simple"},"_links":{"self":[{"href":"https:\/\/magicgamesbolivia.com\/index.php\/wp-json\/wp\/v2\/product\/954","targetHints":{"allow":["GET"]}}],"collection":[{"href":"https:\/\/magicgamesbolivia.com\/index.php\/wp-json\/wp\/v2\/product"}],"about":[{"href":"https:\/\/magicgamesbolivia.com\/index.php\/wp-json\/wp\/v2\/types\/product"}],"replies":[{"embeddable":true,"href":"https:\/\/magicgamesbolivia.com\/index.php\/wp-json\/wp\/v2\/comments?post=954"}],"version-history":[{"count":1,"href":"https:\/\/magicgamesbolivia.com\/index.php\/wp-json\/wp\/v2\/product\/954\/revisions"}],"predecessor-version":[{"id":957,"href":"https:\/\/magicgamesbolivia.com\/index.php\/wp-json\/wp\/v2\/product\/954\/revisions\/957"}],"wp:featuredmedia":[{"embeddable":true,"href":"https:\/\/magicgamesbolivia.com\/index.php\/wp-json\/wp\/v2\/media\/955"}],"wp:attachment":[{"href":"https:\/\/magicgamesbolivia.com\/index.php\/wp-json\/wp\/v2\/media?parent=954"}],"wp:term":[{"taxonomy":"product_brand","embeddable":true,"href":"https:\/\/magicgamesbolivia.com\/index.php\/wp-json\/wp\/v2\/product_brand?post=954"},{"taxonomy":"product_cat","embeddable":true,"href":"https:\/\/magicgamesbolivia.com\/index.php\/wp-json\/wp\/v2\/product_cat?post=954"},{"taxonomy":"product_tag","embeddable":true,"href":"https:\/\/magicgamesbolivia.com\/index.php\/wp-json\/wp\/v2\/product_tag?post=954"}],"curies":[{"name":"wp","href":"https:\/\/api.w.org\/{rel}","templated":true}]}}