{"id":949,"date":"2021-03-10T07:27:07","date_gmt":"2021-03-10T07:27:07","guid":{"rendered":"https:\/\/magicgamesbolivia.com\/?post_type=product&#038;p=949"},"modified":"2025-03-07T16:51:40","modified_gmt":"2025-03-07T16:51:40","slug":"las-leyendas-de-andor-viaje-al-norte","status":"publish","type":"product","link":"https:\/\/magicgamesbolivia.com\/index.php\/product\/las-leyendas-de-andor-viaje-al-norte\/","title":{"rendered":"LAS LEYENDAS DE ANDOR \u2013 VIAJE AL NORTE"},"content":{"rendered":"<p>Tras muchos a\u00f1os de paz, los h\u00e9roes de Andor han recibido una petici\u00f3n de ayuda desde la lejana Hadria, y deber\u00e1n emprender un peligroso viaje hacia el norte. A bordo de un viejo barco pesquero, viajar\u00e1n a lejanas islas y trataran de proteger sus costas de unos terribles monstruos marinos. Adem\u00e1s, se ver\u00e1n amenazados por grandes tormentas y por la fuerza<br \/>\ndesatada del propio mar.<\/p>\n<p>Las leyendas de Andor: Viaje al norte, es la primera gran expansi\u00f3n para Las leyendas de Andor, e incluye un nuevo mapa de la regi\u00f3n norte de Andor, as\u00ed como nuevas leyendas, monstruos y personajes.<\/p>\n<p><strong>Se necesita el juego original Las leyendas de Andor para jugar a Viaje al norte<\/strong><\/p>\n<p>&nbsp;<\/p>\n<p>Este juego dispone de 72 cartas a las que les corresponden las \u00abfundas juego de mesa standard european 59x92mm\u00bb<\/p>\n","protected":false},"excerpt":{"rendered":"<h3>Las leyendas de Andor: Viaje al norte, es la primera gran expansi\u00f3n para Las leyendas de Andor, e incluye un nuevo mapa de la regi\u00f3n norte de Andor, as\u00ed como nuevas leyendas, monstruos y personajes.<\/h3>\n<h3 class=\"a-size-base-plus a-text-bold\">Acerca de este producto<\/h3>\n<ul class=\"a-unordered-list a-vertical a-spacing-mini\">\n<li><span class=\"a-list-item\">Viaje al Norte es una expansi\u00f3n del juego b\u00e1sico Las Leyendas de Andor, un emocionante juego cooperativo de fantas\u00eda \u00e9pica; se necesita una copia del juego b\u00e1sico Las Leyendas de Andor<\/span><\/li>\n<li><span class=\"a-list-item\">De 2 a 4 jugadores<\/span><\/li>\n<li><span class=\"a-list-item\">Duraci\u00f3n 60-90 minutos<\/span><\/li>\n<li><span class=\"a-list-item\">Fabricado en Espa\u00f1a<\/span><\/li>\n<\/ul>\n","protected":false},"featured_media":950,"comment_status":"open","ping_status":"closed","template":"","meta":{"_themeisle_gutenberg_block_has_review":false},"product_brand":[],"product_cat":[29,30],"product_tag":[38,37,39],"class_list":{"0":"post-949","1":"product","2":"type-product","3":"status-publish","4":"has-post-thumbnail","6":"product_cat-juegos-de-mesa","7":"product_cat-devir","8":"product_tag-andor","9":"product_tag-leyendas","10":"product_tag-viaje","12":"first","13":"outofstock","14":"shipping-taxable","15":"purchasable","16":"product-type-simple"},"_links":{"self":[{"href":"https:\/\/magicgamesbolivia.com\/index.php\/wp-json\/wp\/v2\/product\/949","targetHints":{"allow":["GET"]}}],"collection":[{"href":"https:\/\/magicgamesbolivia.com\/index.php\/wp-json\/wp\/v2\/product"}],"about":[{"href":"https:\/\/magicgamesbolivia.com\/index.php\/wp-json\/wp\/v2\/types\/product"}],"replies":[{"embeddable":true,"href":"https:\/\/magicgamesbolivia.com\/index.php\/wp-json\/wp\/v2\/comments?post=949"}],"version-history":[{"count":1,"href":"https:\/\/magicgamesbolivia.com\/index.php\/wp-json\/wp\/v2\/product\/949\/revisions"}],"predecessor-version":[{"id":953,"href":"https:\/\/magicgamesbolivia.com\/index.php\/wp-json\/wp\/v2\/product\/949\/revisions\/953"}],"wp:featuredmedia":[{"embeddable":true,"href":"https:\/\/magicgamesbolivia.com\/index.php\/wp-json\/wp\/v2\/media\/950"}],"wp:attachment":[{"href":"https:\/\/magicgamesbolivia.com\/index.php\/wp-json\/wp\/v2\/media?parent=949"}],"wp:term":[{"taxonomy":"product_brand","embeddable":true,"href":"https:\/\/magicgamesbolivia.com\/index.php\/wp-json\/wp\/v2\/product_brand?post=949"},{"taxonomy":"product_cat","embeddable":true,"href":"https:\/\/magicgamesbolivia.com\/index.php\/wp-json\/wp\/v2\/product_cat?post=949"},{"taxonomy":"product_tag","embeddable":true,"href":"https:\/\/magicgamesbolivia.com\/index.php\/wp-json\/wp\/v2\/product_tag?post=949"}],"curies":[{"name":"wp","href":"https:\/\/api.w.org\/{rel}","templated":true}]}}