{"id":936,"date":"2021-03-10T07:10:17","date_gmt":"2021-03-10T07:10:17","guid":{"rendered":"https:\/\/magicgamesbolivia.com\/?post_type=product&#038;p=936"},"modified":"2025-05-27T22:03:16","modified_gmt":"2025-05-27T22:03:16","slug":"rescate-fire-rescue","status":"publish","type":"product","link":"https:\/\/magicgamesbolivia.com\/index.php\/product\/rescate-fire-rescue\/","title":{"rendered":"Rescate \u2013 Fire Rescue"},"content":{"rendered":"<p>\u00a1Rescate! es un juego cooperativo de lucha contra el fuego. Los jugadores son un equipo de bomberos que acude a un incendio con el objetivo de rescatar a todos los ocupantes de un edificio. A lo largo de la partida el fuego se extender\u00e1 a menos que los jugadores se dediquen a extinguirlo, aunque el tiempo apremia y lo fundamental es poner a todo el mundo a salvo antes de que el fuego colapse el edificio. El juego incorpora una versi\u00f3n de juego avanzado en el que los personajes tienen capacidades especiales, se incorporan veh\u00edculos y tambi\u00e9n materiales especialmente inflamables. El juego incluye tambi\u00e9n un segundo tablero con un plano de un edificio diferente para hacer el juego siempre imprevisible.<\/p>\n<p><iframe src=\"https:\/\/www.youtube.com\/embed\/xNJFSuDKufw\" width=\"560\" height=\"315\" frameborder=\"0\" allowfullscreen=\"allowfullscreen\"><\/iframe><\/p>\n","protected":false},"excerpt":{"rendered":"<p>\u00a1Rescate! es un juego cooperativo de lucha contra el fuego. Los jugadores son un equipo de bomberos que acude a un incendio con el objetivo de rescatar a todos los ocupantes de un edificio.<\/p>\n","protected":false},"featured_media":937,"comment_status":"open","ping_status":"closed","template":"","meta":{"_themeisle_gutenberg_block_has_review":false},"product_brand":[],"product_cat":[29,30],"product_tag":[36],"class_list":{"0":"post-936","1":"product","2":"type-product","3":"status-publish","4":"has-post-thumbnail","6":"product_cat-juegos-de-mesa","7":"product_cat-devir","8":"product_tag-rescate","10":"first","11":"outofstock","12":"shipping-taxable","13":"purchasable","14":"product-type-simple"},"_links":{"self":[{"href":"https:\/\/magicgamesbolivia.com\/index.php\/wp-json\/wp\/v2\/product\/936","targetHints":{"allow":["GET"]}}],"collection":[{"href":"https:\/\/magicgamesbolivia.com\/index.php\/wp-json\/wp\/v2\/product"}],"about":[{"href":"https:\/\/magicgamesbolivia.com\/index.php\/wp-json\/wp\/v2\/types\/product"}],"replies":[{"embeddable":true,"href":"https:\/\/magicgamesbolivia.com\/index.php\/wp-json\/wp\/v2\/comments?post=936"}],"version-history":[{"count":3,"href":"https:\/\/magicgamesbolivia.com\/index.php\/wp-json\/wp\/v2\/product\/936\/revisions"}],"predecessor-version":[{"id":943,"href":"https:\/\/magicgamesbolivia.com\/index.php\/wp-json\/wp\/v2\/product\/936\/revisions\/943"}],"wp:featuredmedia":[{"embeddable":true,"href":"https:\/\/magicgamesbolivia.com\/index.php\/wp-json\/wp\/v2\/media\/937"}],"wp:attachment":[{"href":"https:\/\/magicgamesbolivia.com\/index.php\/wp-json\/wp\/v2\/media?parent=936"}],"wp:term":[{"taxonomy":"product_brand","embeddable":true,"href":"https:\/\/magicgamesbolivia.com\/index.php\/wp-json\/wp\/v2\/product_brand?post=936"},{"taxonomy":"product_cat","embeddable":true,"href":"https:\/\/magicgamesbolivia.com\/index.php\/wp-json\/wp\/v2\/product_cat?post=936"},{"taxonomy":"product_tag","embeddable":true,"href":"https:\/\/magicgamesbolivia.com\/index.php\/wp-json\/wp\/v2\/product_tag?post=936"}],"curies":[{"name":"wp","href":"https:\/\/api.w.org\/{rel}","templated":true}]}}