{"id":932,"date":"2021-03-10T07:03:40","date_gmt":"2021-03-10T07:03:40","guid":{"rendered":"https:\/\/magicgamesbolivia.com\/?post_type=product&#038;p=932"},"modified":"2026-01-14T14:21:47","modified_gmt":"2026-01-14T14:21:47","slug":"twilight-struggle-la-guerra-fria-1945-1989","status":"publish","type":"product","link":"https:\/\/magicgamesbolivia.com\/index.php\/product\/twilight-struggle-la-guerra-fria-1945-1989\/","title":{"rendered":"TWILIGHT STRUGGLE: LA GUERRA FRIA 1945-1989"},"content":{"rendered":"<p>En 1945 los Aliados derrotaron con grandes dificultades a la maquinaria de guerra alemana mientras las m\u00e1s devastadoras armas creadas por la humanidad obligaban a Jap\u00f3n a rendirse bajo una lluvia de fuego. Donde antes se ergu\u00edan muchas naciones poderosas solo dos quedaron en pie.<\/p>\n<p>El mundo apenas tuvo un segundo de respiro antes de que se iniciara un nuevo conflicto. Pero a diferencia de los grandes conflictos que lo precedieron, este no se iba a librar con soldados ni con tanques, sino con esp\u00edas y pol\u00edticos, cient\u00edficos e intelectuales, artistas y traidores.<\/p>\n<p>Twilight Struggle es un juego para dos jugadores que simula los 45 a\u00f1os de intriga, lucha de prestigio y conflictos militares ocasionales entre la Uni\u00f3n Sovi\u00e9tica y los Estados Unidos. El mundo entero es el escenario en el que los dos colosos luchan para mantener a salvo sus ideolog\u00edas y sus formas de vida. El juego comienza entre las ruinas de la devastada Europa, cuando las dos \u00absuperpotencias\u00bb compiten sobre los escombros de la Segunda Guerra Mundial, y acaba en 1989, cuando solo los Estados Unidos se mantienen en pie.<\/p>\n<p>Contenido del juego: un tablero de 56 cm. x 86,5 cm., dos l\u00e1minas de fichas indicadoras, un libro de reglas, dos ayudas de juego para los jugadores, 110 cartas, m\u00e1s una carta especial, dos dados de seis caras.<\/p>\n","protected":false},"excerpt":{"rendered":"<p>\u00abLa trompeta nos convoca de nuevo, no para alzarnos en armas, aunque las necesitaremos; no para ir a la batalla, aunque ya estemos en guerra; sino para que soportemos la carga de esta larga lucha crepuscular\u2026\u00bb<br \/>\n<strong>John F. Kennedy, discusso de investidura, enero de 1961<\/strong><\/p>\n","protected":false},"featured_media":933,"comment_status":"open","ping_status":"closed","template":"","meta":{"_themeisle_gutenberg_block_has_review":false},"product_brand":[],"product_cat":[29,30],"product_tag":[35,34],"class_list":{"0":"post-932","1":"product","2":"type-product","3":"status-publish","4":"has-post-thumbnail","6":"product_cat-juegos-de-mesa","7":"product_cat-devir","8":"product_tag-guerra","9":"product_tag-twilight","11":"first","12":"instock","13":"shipping-taxable","14":"purchasable","15":"product-type-simple"},"_links":{"self":[{"href":"https:\/\/magicgamesbolivia.com\/index.php\/wp-json\/wp\/v2\/product\/932","targetHints":{"allow":["GET"]}}],"collection":[{"href":"https:\/\/magicgamesbolivia.com\/index.php\/wp-json\/wp\/v2\/product"}],"about":[{"href":"https:\/\/magicgamesbolivia.com\/index.php\/wp-json\/wp\/v2\/types\/product"}],"replies":[{"embeddable":true,"href":"https:\/\/magicgamesbolivia.com\/index.php\/wp-json\/wp\/v2\/comments?post=932"}],"version-history":[{"count":1,"href":"https:\/\/magicgamesbolivia.com\/index.php\/wp-json\/wp\/v2\/product\/932\/revisions"}],"predecessor-version":[{"id":935,"href":"https:\/\/magicgamesbolivia.com\/index.php\/wp-json\/wp\/v2\/product\/932\/revisions\/935"}],"wp:featuredmedia":[{"embeddable":true,"href":"https:\/\/magicgamesbolivia.com\/index.php\/wp-json\/wp\/v2\/media\/933"}],"wp:attachment":[{"href":"https:\/\/magicgamesbolivia.com\/index.php\/wp-json\/wp\/v2\/media?parent=932"}],"wp:term":[{"taxonomy":"product_brand","embeddable":true,"href":"https:\/\/magicgamesbolivia.com\/index.php\/wp-json\/wp\/v2\/product_brand?post=932"},{"taxonomy":"product_cat","embeddable":true,"href":"https:\/\/magicgamesbolivia.com\/index.php\/wp-json\/wp\/v2\/product_cat?post=932"},{"taxonomy":"product_tag","embeddable":true,"href":"https:\/\/magicgamesbolivia.com\/index.php\/wp-json\/wp\/v2\/product_tag?post=932"}],"curies":[{"name":"wp","href":"https:\/\/api.w.org\/{rel}","templated":true}]}}