{"id":927,"date":"2021-03-10T06:18:06","date_gmt":"2021-03-10T06:18:06","guid":{"rendered":"https:\/\/magicgamesbolivia.com\/?post_type=product&#038;p=927"},"modified":"2025-04-04T15:43:27","modified_gmt":"2025-04-04T15:43:27","slug":"catan-piratas-y-exploradoes-ampliacion-para-5-6-jugadores","status":"publish","type":"product","link":"https:\/\/magicgamesbolivia.com\/index.php\/product\/catan-piratas-y-exploradoes-ampliacion-para-5-6-jugadores\/","title":{"rendered":"CATAN \u2013 PIRATAS Y EXPLORADOES \u2013 AMPLIACI\u00d3N PARA 5-6 JUGADORES"},"content":{"rendered":"<p>\u00a1Piratas a la vista!<br \/>\nLos componentes y reglas incluidas en esta ampliaci\u00f3n te permitir\u00e1n incorporar a dos jugadores m\u00e1s en tus\u00a0traves\u00edas por el mar.<br \/>\nPara jugar, se necesita el juego b\u00e1sico de\u00a0<em>Catan<\/em>, la ampliaci\u00f3n de\u00a0<em>Catan<\/em>\u00a0para 5-6 jugadores y la expansi\u00f3n\u00a0<em>Piratas <\/em><em>y exploradores<\/em>.<\/p>\n","protected":false},"excerpt":{"rendered":"<p>\u00a1Piratas a la vista!<br \/>\nLos componentes y reglas incluidas en esta ampliaci\u00f3n te permitir\u00e1n incorporar a dos jugadores m\u00e1s en tus\u00a0traves\u00edas por el mar.<\/p>\n","protected":false},"featured_media":928,"comment_status":"open","ping_status":"closed","template":"","meta":{"_themeisle_gutenberg_block_has_review":false},"product_brand":[],"product_cat":[29,30,33],"product_tag":[32,31],"class_list":{"0":"post-927","1":"product","2":"type-product","3":"status-publish","4":"has-post-thumbnail","6":"product_cat-juegos-de-mesa","7":"product_cat-devir","8":"product_cat-catan","9":"product_tag-catan","10":"product_tag-devir","12":"first","13":"outofstock","14":"shipping-taxable","15":"purchasable","16":"product-type-simple"},"_links":{"self":[{"href":"https:\/\/magicgamesbolivia.com\/index.php\/wp-json\/wp\/v2\/product\/927","targetHints":{"allow":["GET"]}}],"collection":[{"href":"https:\/\/magicgamesbolivia.com\/index.php\/wp-json\/wp\/v2\/product"}],"about":[{"href":"https:\/\/magicgamesbolivia.com\/index.php\/wp-json\/wp\/v2\/types\/product"}],"replies":[{"embeddable":true,"href":"https:\/\/magicgamesbolivia.com\/index.php\/wp-json\/wp\/v2\/comments?post=927"}],"version-history":[{"count":1,"href":"https:\/\/magicgamesbolivia.com\/index.php\/wp-json\/wp\/v2\/product\/927\/revisions"}],"predecessor-version":[{"id":929,"href":"https:\/\/magicgamesbolivia.com\/index.php\/wp-json\/wp\/v2\/product\/927\/revisions\/929"}],"wp:featuredmedia":[{"embeddable":true,"href":"https:\/\/magicgamesbolivia.com\/index.php\/wp-json\/wp\/v2\/media\/928"}],"wp:attachment":[{"href":"https:\/\/magicgamesbolivia.com\/index.php\/wp-json\/wp\/v2\/media?parent=927"}],"wp:term":[{"taxonomy":"product_brand","embeddable":true,"href":"https:\/\/magicgamesbolivia.com\/index.php\/wp-json\/wp\/v2\/product_brand?post=927"},{"taxonomy":"product_cat","embeddable":true,"href":"https:\/\/magicgamesbolivia.com\/index.php\/wp-json\/wp\/v2\/product_cat?post=927"},{"taxonomy":"product_tag","embeddable":true,"href":"https:\/\/magicgamesbolivia.com\/index.php\/wp-json\/wp\/v2\/product_tag?post=927"}],"curies":[{"name":"wp","href":"https:\/\/api.w.org\/{rel}","templated":true}]}}