{"id":921,"date":"2021-03-10T06:08:11","date_gmt":"2021-03-10T06:08:11","guid":{"rendered":"https:\/\/magicgamesbolivia.com\/?post_type=product&#038;p=921"},"modified":"2026-01-25T22:23:36","modified_gmt":"2026-01-25T22:23:36","slug":"catan-ciudades-y-caballeros-ampliacion-5-6-jugadores","status":"publish","type":"product","link":"https:\/\/magicgamesbolivia.com\/index.php\/product\/catan-ciudades-y-caballeros-ampliacion-5-6-jugadores\/","title":{"rendered":"CATAN \u2013 CIUDADES Y CABALLEROS AMPLIACI\u00d3N 5-6 JUGADORES"},"content":{"rendered":"<p>Ciudades y Caballeros es sin duda la ampliaci\u00f3n que aporta detalles m\u00e1s complejos a Cat\u00e1n, siendo la evoluci\u00f3n natural una vez has jugado unas cuantas partidas de Cat\u00e1n.<\/p>\n<p>Con la ampliaci\u00f3n de 5-6 jugadores podr\u00e1s disfrutar de toda una tarde de Cat\u00e1n con una gran cantidad de amigos alrededor de la mesa de juego. \u00a1No puedes dejar de probarlo!<\/p>\n<p>Es necesario Cat\u00e1n B\u00e1sico, Cat\u00e1n 5-6 Jugadores y Cat\u00e1n \u2013 Ciudades y Caballeros para jugar.<\/p>\n<p>&nbsp;<\/p>\n<p>Este juego contiene 126 cartas y le corresponden las \u00abfundas juego de mesa mini -44x68mm-\u00ab<\/p>\n","protected":false},"excerpt":{"rendered":"<p>Ciudades y Caballeros es sin duda la ampliaci\u00f3n que aporta detalles m\u00e1s complejos a Cat\u00e1n, siendo la evoluci\u00f3n natural una vez has jugado unas cuantas partidas de Cat\u00e1n.<\/p>\n","protected":false},"featured_media":922,"comment_status":"open","ping_status":"closed","template":"","meta":{"_themeisle_gutenberg_block_has_review":false},"product_brand":[],"product_cat":[29,30,33],"product_tag":[32,31],"class_list":{"0":"post-921","1":"product","2":"type-product","3":"status-publish","4":"has-post-thumbnail","6":"product_cat-juegos-de-mesa","7":"product_cat-devir","8":"product_cat-catan","9":"product_tag-catan","10":"product_tag-devir","12":"first","13":"outofstock","14":"shipping-taxable","15":"purchasable","16":"product-type-simple"},"_links":{"self":[{"href":"https:\/\/magicgamesbolivia.com\/index.php\/wp-json\/wp\/v2\/product\/921","targetHints":{"allow":["GET"]}}],"collection":[{"href":"https:\/\/magicgamesbolivia.com\/index.php\/wp-json\/wp\/v2\/product"}],"about":[{"href":"https:\/\/magicgamesbolivia.com\/index.php\/wp-json\/wp\/v2\/types\/product"}],"replies":[{"embeddable":true,"href":"https:\/\/magicgamesbolivia.com\/index.php\/wp-json\/wp\/v2\/comments?post=921"}],"version-history":[{"count":1,"href":"https:\/\/magicgamesbolivia.com\/index.php\/wp-json\/wp\/v2\/product\/921\/revisions"}],"predecessor-version":[{"id":923,"href":"https:\/\/magicgamesbolivia.com\/index.php\/wp-json\/wp\/v2\/product\/921\/revisions\/923"}],"wp:featuredmedia":[{"embeddable":true,"href":"https:\/\/magicgamesbolivia.com\/index.php\/wp-json\/wp\/v2\/media\/922"}],"wp:attachment":[{"href":"https:\/\/magicgamesbolivia.com\/index.php\/wp-json\/wp\/v2\/media?parent=921"}],"wp:term":[{"taxonomy":"product_brand","embeddable":true,"href":"https:\/\/magicgamesbolivia.com\/index.php\/wp-json\/wp\/v2\/product_brand?post=921"},{"taxonomy":"product_cat","embeddable":true,"href":"https:\/\/magicgamesbolivia.com\/index.php\/wp-json\/wp\/v2\/product_cat?post=921"},{"taxonomy":"product_tag","embeddable":true,"href":"https:\/\/magicgamesbolivia.com\/index.php\/wp-json\/wp\/v2\/product_tag?post=921"}],"curies":[{"name":"wp","href":"https:\/\/api.w.org\/{rel}","templated":true}]}}