{"id":918,"date":"2021-03-10T06:02:40","date_gmt":"2021-03-10T06:02:40","guid":{"rendered":"https:\/\/magicgamesbolivia.com\/?post_type=product&#038;p=918"},"modified":"2026-02-22T21:52:06","modified_gmt":"2026-02-22T21:52:06","slug":"catan-ciudades-y-caballeros","status":"publish","type":"product","link":"https:\/\/magicgamesbolivia.com\/index.php\/product\/catan-ciudades-y-caballeros\/","title":{"rendered":"CATAN \u2013 CIUDADES Y CABALLEROS"},"content":{"rendered":"<p>Ciudades y Caballeros a\u00f1ade un nuevo nivel de complejidad a la vez que interactividad ente los jugadores al ya de por s\u00ed interactivo Cat\u00e1n.<\/p>\n<p>Dos de los elementos principales del juego, las Ciudades y los Caballeros que las protegen adquieren una nueva dimensi\u00f3n y protagonismo lo que da para partidas m\u00e1s competitivas y disputadas.<\/p>\n<p><strong>Es necesario Cat\u00e1n \u2013 Juego B\u00e1sico para jugar.<\/strong><\/p>\n<p>&nbsp;<\/p>\n<p>Este juego contiene 90 cartas y le corresponden las \u00abfundas juego de mesa mini -44x68mm-\u00ab<\/p>\n","protected":false},"excerpt":{"rendered":"<p>Ciudades y Caballeros a\u00f1ade un nuevo nivel de complejidad a la vez que interactividad ente los jugadores al ya de por s\u00ed interactivo Cat\u00e1n.<\/p>\n","protected":false},"featured_media":919,"comment_status":"open","ping_status":"closed","template":"","meta":{"_themeisle_gutenberg_block_has_review":false},"product_brand":[],"product_cat":[29,30,33],"product_tag":[32,31],"class_list":{"0":"post-918","1":"product","2":"type-product","3":"status-publish","4":"has-post-thumbnail","6":"product_cat-juegos-de-mesa","7":"product_cat-devir","8":"product_cat-catan","9":"product_tag-catan","10":"product_tag-devir","12":"first","13":"instock","14":"shipping-taxable","15":"purchasable","16":"product-type-simple"},"_links":{"self":[{"href":"https:\/\/magicgamesbolivia.com\/index.php\/wp-json\/wp\/v2\/product\/918","targetHints":{"allow":["GET"]}}],"collection":[{"href":"https:\/\/magicgamesbolivia.com\/index.php\/wp-json\/wp\/v2\/product"}],"about":[{"href":"https:\/\/magicgamesbolivia.com\/index.php\/wp-json\/wp\/v2\/types\/product"}],"replies":[{"embeddable":true,"href":"https:\/\/magicgamesbolivia.com\/index.php\/wp-json\/wp\/v2\/comments?post=918"}],"version-history":[{"count":1,"href":"https:\/\/magicgamesbolivia.com\/index.php\/wp-json\/wp\/v2\/product\/918\/revisions"}],"predecessor-version":[{"id":920,"href":"https:\/\/magicgamesbolivia.com\/index.php\/wp-json\/wp\/v2\/product\/918\/revisions\/920"}],"wp:featuredmedia":[{"embeddable":true,"href":"https:\/\/magicgamesbolivia.com\/index.php\/wp-json\/wp\/v2\/media\/919"}],"wp:attachment":[{"href":"https:\/\/magicgamesbolivia.com\/index.php\/wp-json\/wp\/v2\/media?parent=918"}],"wp:term":[{"taxonomy":"product_brand","embeddable":true,"href":"https:\/\/magicgamesbolivia.com\/index.php\/wp-json\/wp\/v2\/product_brand?post=918"},{"taxonomy":"product_cat","embeddable":true,"href":"https:\/\/magicgamesbolivia.com\/index.php\/wp-json\/wp\/v2\/product_cat?post=918"},{"taxonomy":"product_tag","embeddable":true,"href":"https:\/\/magicgamesbolivia.com\/index.php\/wp-json\/wp\/v2\/product_tag?post=918"}],"curies":[{"name":"wp","href":"https:\/\/api.w.org\/{rel}","templated":true}]}}