{"id":6064,"date":"2026-03-15T23:43:21","date_gmt":"2026-03-15T23:43:21","guid":{"rendered":"https:\/\/magicgamesbolivia.com\/?post_type=product&#038;p=6064"},"modified":"2026-03-15T23:43:59","modified_gmt":"2026-03-15T23:43:59","slug":"dice-throne-x-men-box-1","status":"publish","type":"product","link":"https:\/\/magicgamesbolivia.com\/index.php\/product\/dice-throne-x-men-box-1\/","title":{"rendered":"Dice Throne  X Men Box 1"},"content":{"rendered":"<ul class=\"a-unordered-list a-vertical a-spacing-mini\">\n<li class=\"a-spacing-mini\"><span class=\"a-list-item\">Lucha como h\u00e9roes ic\u00f3nicos de X-Men \u2013 Wolverine, Psylocke, Storm y Iceman \u2013 en este juego de combate r\u00e1pido y rodando dados.<\/span><\/li>\n<li class=\"a-spacing-mini\"><span class=\"a-list-item\">Juega en m\u00faltiples modos: duelos 1v1, batallas en equipo 2v2 o caos gratis para todos<\/span><\/li>\n<li class=\"a-spacing-mini\"><span class=\"a-list-item\">Cada h\u00e9roe viene con dados \u00fanicos, un tablero de jugadores y una baraja personalizada de cartas para un emocionante juego estrat\u00e9gico.<\/span><\/li>\n<li class=\"a-spacing-mini\"><span class=\"a-list-item\">Mejora las habilidades y usa cartas de acci\u00f3n para burlar y superar a tus oponentes.<\/span><\/li>\n<li class=\"a-spacing-mini\"><span class=\"a-list-item\">Compatible con todo el ecosistema de Dados Trono: mezcla y combina h\u00e9roes para un sinf\u00edn de batallas \u00fanicas<\/span><\/li>\n<li class=\"a-spacing-mini\"><span class=\"a-list-item\">Tira los dados de tu h\u00e9roe para atacar, acumular puntos de combate y desencadenar poderosas habilidades.<\/span><\/li>\n<li class=\"a-spacing-mini\"><span class=\"a-list-item\">Juega estrat\u00e9gicamente cartas para manipular tiradas de dados, mejorar a tu h\u00e9roe y aplicar efectos de estado. Perfecto para los fan\u00e1ticos de Marvel y Dice Throne por\u00a0<\/span><\/li>\n<li>IDIOMA INGLES<\/li>\n<\/ul>\n","protected":false},"excerpt":{"rendered":"<table id=\"productDetails_detailBullets_sections1\" class=\"a-keyvalue prodDetTable\">\n<tbody>\n<tr>\n<th class=\"a-color-secondary a-size-base prodDetSectionEntry\">Idioma<\/th>\n<td class=\"a-size-base prodDetAttrValue\">Ingl\u00e9s, Ingl\u00e9s<\/td>\n<\/tr>\n<tr>\n<th class=\"a-color-secondary a-size-base prodDetSectionEntry\">Fabricante<\/th>\n<td class=\"a-size-base prodDetAttrValue\">USAopoly<\/td>\n<\/tr>\n<\/tbody>\n<\/table>\n","protected":false},"featured_media":6065,"comment_status":"open","ping_status":"closed","template":"","meta":{"_themeisle_gutenberg_block_has_review":false},"product_brand":[],"product_cat":[123,29],"product_tag":[1048,1049,824],"class_list":{"0":"post-6064","1":"product","2":"type-product","3":"status-publish","4":"has-post-thumbnail","6":"product_cat-otros-juegos","7":"product_cat-juegos-de-mesa","8":"product_tag-dicetrhone","9":"product_tag-ingles","10":"product_tag-xmen","12":"first","13":"instock","14":"shipping-taxable","15":"purchasable","16":"product-type-simple"},"_links":{"self":[{"href":"https:\/\/magicgamesbolivia.com\/index.php\/wp-json\/wp\/v2\/product\/6064","targetHints":{"allow":["GET"]}}],"collection":[{"href":"https:\/\/magicgamesbolivia.com\/index.php\/wp-json\/wp\/v2\/product"}],"about":[{"href":"https:\/\/magicgamesbolivia.com\/index.php\/wp-json\/wp\/v2\/types\/product"}],"replies":[{"embeddable":true,"href":"https:\/\/magicgamesbolivia.com\/index.php\/wp-json\/wp\/v2\/comments?post=6064"}],"version-history":[{"count":1,"href":"https:\/\/magicgamesbolivia.com\/index.php\/wp-json\/wp\/v2\/product\/6064\/revisions"}],"predecessor-version":[{"id":6068,"href":"https:\/\/magicgamesbolivia.com\/index.php\/wp-json\/wp\/v2\/product\/6064\/revisions\/6068"}],"wp:featuredmedia":[{"embeddable":true,"href":"https:\/\/magicgamesbolivia.com\/index.php\/wp-json\/wp\/v2\/media\/6065"}],"wp:attachment":[{"href":"https:\/\/magicgamesbolivia.com\/index.php\/wp-json\/wp\/v2\/media?parent=6064"}],"wp:term":[{"taxonomy":"product_brand","embeddable":true,"href":"https:\/\/magicgamesbolivia.com\/index.php\/wp-json\/wp\/v2\/product_brand?post=6064"},{"taxonomy":"product_cat","embeddable":true,"href":"https:\/\/magicgamesbolivia.com\/index.php\/wp-json\/wp\/v2\/product_cat?post=6064"},{"taxonomy":"product_tag","embeddable":true,"href":"https:\/\/magicgamesbolivia.com\/index.php\/wp-json\/wp\/v2\/product_tag?post=6064"}],"curies":[{"name":"wp","href":"https:\/\/api.w.org\/{rel}","templated":true}]}}