{"id":6046,"date":"2026-02-24T13:44:03","date_gmt":"2026-02-24T13:44:03","guid":{"rendered":"https:\/\/magicgamesbolivia.com\/?post_type=product&#038;p=6046"},"modified":"2026-02-24T13:46:21","modified_gmt":"2026-02-24T13:46:21","slug":"taco-gato-cabra-queso-pizza","status":"publish","type":"product","link":"https:\/\/magicgamesbolivia.com\/index.php\/product\/taco-gato-cabra-queso-pizza\/","title":{"rendered":"Taco, Gato, Cabra, Queso, Pizza"},"content":{"rendered":"<p>Cuando un jugador se descarte de una carta que coincida con la palabra que dice, coloca tu mano sobre el mont\u00f3n central,\u00a0<strong>\u00a1el \u00faltimo en poner la mano se queda con todas las cartas del mont\u00f3n!<\/strong>\u00a0Conc\u00e9ntrate y s\u00e9 el m\u00e1s r\u00e1pido en deshacerte de todas tus cartas. La diversi\u00f3n est\u00e1 garantizada con\u00a0<strong>Taco, Gato, Cabra, Queso, Pizza,<\/strong>\u00a0un fren\u00e9tico y divertido juego de cartas.<\/p>\n<p><strong>C\u00f3mo se juega<\/strong><\/p>\n<p><strong>Paso 1<\/strong><\/p>\n<p>Baraja las cartas y reparte, bocabajo, 12 cartas para cada uno, y se descartan las cartas sobrantes. Los jugadores no miran sus cartas<\/p>\n<p><strong>Paso 2<\/strong><\/p>\n<p>Un jugador destapa la primera carta de su mazo y dice la palabra que corresponda, siempre en el mismo orden:\u00a0<em>\u00abTaco\u00bb, \u00abGato\u00bb,\u00abCabra\u00bb, \u00abQueso\u00bb, \u00abPizza\u00bb<\/em><\/p>\n<p><strong>Paso 3<\/strong><\/p>\n<p>Si coinciden palabra y carta, los jugadores ponen la mano al centro. Si salen cartas especiales hay que hacer el gesto indicado. El \u00faltimo en ponerla, se queda el mont\u00f3n<\/p>\n","protected":false},"excerpt":{"rendered":"<p>Cuando un jugador se descarte de una carta que coincida con la palabra que dice, coloca tu mano sobre el mont\u00f3n central,\u00a0<strong>\u00a1el \u00faltimo en poner la mano se queda con todas las cartas del mont\u00f3n!<\/strong>\u00a0Conc\u00e9ntrate y s\u00e9 el m\u00e1s r\u00e1pido en deshacerte de todas tus cartas. La diversi\u00f3n est\u00e1 garantizada con\u00a0<strong>Taco, Gato, Cabra, Queso, Pizza,<\/strong> un fren\u00e9tico y divertido juego de cartas.<\/p>\n<div class=\"box_features\">\n<div class=\"iconfeature\"><img decoding=\"async\" class=\"\" title=\"N\u00famero de jugadores: De 3 a 6 Jugadores\" src=\"https:\/\/juegosdelamesaredonda.com\/img\/caracteristicas\/9.svg\" alt=\"N\u00famero de jugadores: De 3 a 6 Jugadores\" \/> <span class=\"name\">N\u00famero de jugadores:<\/span><span class=\"value\">De 3 a 6 Jugadores<\/span><\/div>\n<\/div>\n<div class=\"box_features\">\n<div class=\"iconfeature\"><img decoding=\"async\" class=\"\" title=\"Duraci\u00f3n aproximada del juego: 10 minutos\" src=\"https:\/\/juegosdelamesaredonda.com\/img\/caracteristicas\/7.svg\" alt=\"Duraci\u00f3n aproximada del juego: 10 minutos\" \/> <span class=\"name\">Duraci\u00f3n aproximada:<\/span><span class=\"value\">10 minutos<\/span><\/div>\n<\/div>\n<div class=\"box_features\">\n<div class=\"iconfeature\"><img decoding=\"async\" class=\"\" title=\"Edad m\u00ednima recomendada: 8 a\u00f1os\" src=\"https:\/\/juegosdelamesaredonda.com\/img\/caracteristicas\/10.svg\" alt=\"Edad m\u00ednima recomendada: 8 a\u00f1os\" \/> <span class=\"name\">Edad m\u00ednima:<\/span><span class=\"value\">8 a\u00f1os<\/span><\/div>\n<\/div>\n<div class=\"box_features\">\n<div class=\"iconfeature\"><img decoding=\"async\" class=\"\" title=\"Tipo: Juego de cartas\" src=\"https:\/\/juegosdelamesaredonda.com\/img\/caracteristicas\/11.svg\" alt=\"Tipo: Juego de cartas\" \/> <span class=\"name\">Tipo:<\/span><span class=\"value\">Juego de cartas<\/span><\/div>\n<\/div>\n<div class=\"box_features\">\n<div class=\"iconfeature\"><img decoding=\"async\" class=\"\" title=\"G\u00e9nero: Humor\" src=\"https:\/\/juegosdelamesaredonda.com\/img\/caracteristicas\/12.svg\" alt=\"G\u00e9nero: Humor\" \/> <span class=\"name\">G\u00e9nero:<\/span><span class=\"value\">Humor<\/span><\/div>\n<\/div>\n<div class=\"box_features\">\n<div class=\"iconfeature\"><img decoding=\"async\" class=\"\" title=\"Idioma: Espa\u00f1ol\" src=\"https:\/\/juegosdelamesaredonda.com\/img\/caracteristicas\/14.svg\" alt=\"Idioma: Espa\u00f1ol\" \/> <span class=\"name\">Idioma:<\/span><span class=\"value\">Espa\u00f1ol<\/span><\/div>\n<\/div>\n<div class=\"box_features\">\n<div class=\"iconfeature\"><img decoding=\"async\" class=\"\" title=\"Marca: Ludilo\" src=\"https:\/\/juegosdelamesaredonda.com\/img\/caracteristicas\/13.svg\" alt=\"Marca: Ludilo\" \/> <span class=\"name\">Marca:<\/span><span class=\"value\">Ludilo<\/span><\/div>\n<\/div>\n","protected":false},"featured_media":6047,"comment_status":"open","ping_status":"closed","template":"","meta":{"_themeisle_gutenberg_block_has_review":false},"product_brand":[],"product_cat":[123,29],"product_tag":[155,351,1044],"class_list":{"0":"post-6046","1":"product","2":"type-product","3":"status-publish","4":"has-post-thumbnail","6":"product_cat-otros-juegos","7":"product_cat-juegos-de-mesa","8":"product_tag-juegosdemesa","9":"product_tag-partygames","10":"product_tag-tacogato","12":"first","13":"instock","14":"shipping-taxable","15":"purchasable","16":"product-type-simple"},"_links":{"self":[{"href":"https:\/\/magicgamesbolivia.com\/index.php\/wp-json\/wp\/v2\/product\/6046","targetHints":{"allow":["GET"]}}],"collection":[{"href":"https:\/\/magicgamesbolivia.com\/index.php\/wp-json\/wp\/v2\/product"}],"about":[{"href":"https:\/\/magicgamesbolivia.com\/index.php\/wp-json\/wp\/v2\/types\/product"}],"replies":[{"embeddable":true,"href":"https:\/\/magicgamesbolivia.com\/index.php\/wp-json\/wp\/v2\/comments?post=6046"}],"version-history":[{"count":2,"href":"https:\/\/magicgamesbolivia.com\/index.php\/wp-json\/wp\/v2\/product\/6046\/revisions"}],"predecessor-version":[{"id":6049,"href":"https:\/\/magicgamesbolivia.com\/index.php\/wp-json\/wp\/v2\/product\/6046\/revisions\/6049"}],"wp:featuredmedia":[{"embeddable":true,"href":"https:\/\/magicgamesbolivia.com\/index.php\/wp-json\/wp\/v2\/media\/6047"}],"wp:attachment":[{"href":"https:\/\/magicgamesbolivia.com\/index.php\/wp-json\/wp\/v2\/media?parent=6046"}],"wp:term":[{"taxonomy":"product_brand","embeddable":true,"href":"https:\/\/magicgamesbolivia.com\/index.php\/wp-json\/wp\/v2\/product_brand?post=6046"},{"taxonomy":"product_cat","embeddable":true,"href":"https:\/\/magicgamesbolivia.com\/index.php\/wp-json\/wp\/v2\/product_cat?post=6046"},{"taxonomy":"product_tag","embeddable":true,"href":"https:\/\/magicgamesbolivia.com\/index.php\/wp-json\/wp\/v2\/product_tag?post=6046"}],"curies":[{"name":"wp","href":"https:\/\/api.w.org\/{rel}","templated":true}]}}