{"id":6018,"date":"2026-01-25T22:16:02","date_gmt":"2026-01-25T22:16:02","guid":{"rendered":"https:\/\/magicgamesbolivia.com\/?post_type=product&#038;p=6018"},"modified":"2026-01-25T22:17:26","modified_gmt":"2026-01-25T22:17:26","slug":"aventureros-al-tren-paises-bajos","status":"publish","type":"product","link":"https:\/\/magicgamesbolivia.com\/index.php\/product\/aventureros-al-tren-paises-bajos\/","title":{"rendered":"Aventureros al Tren: Paises Bajos"},"content":{"rendered":"<p>Al igual que su capital\u00a0<strong>\u00c1msterdam<\/strong>, conocida como la\u00a0<strong>Venecia del Norte,<\/strong>\u00a0los\u00a0<strong>Pa\u00edses Bajos<\/strong>\u00a0est\u00e1n llenos de innumerables r\u00edos, que se han de cruzar mediante puentes de peaje si se desea utilizar la red ferroviaria.\u00a0<strong>\u00a1No pierdas demasiado tiempo admirando el paisaje, ya que te podr\u00eda salir demasiado caro!<\/strong><\/p>\n<p>&nbsp;<\/p>\n<p>Bienvenido a\u00a0<strong>\u00a1Aventureros al Tren! Pa\u00edses Bajos,<\/strong>\u00a0la cuarta entrega de la colecci\u00f3n de mapas para\u00a0<a href=\"http:\/\/juegosdelamesaredonda.com\/141-aventureros-al-tren.html\" target=\"_blank\" rel=\"noopener\"><strong>\u00a1Aventureros al Tren!<\/strong><\/a><\/p>\n<p>&nbsp;<\/p>\n<p>En los\u00a0<strong>Pa\u00edses Bajos<\/strong>, las rutas ferroviarias tienen un coste que pagar\u00e1s mediante las fichas de Peaje de Puente, a la banca&#8230;\u00a0<strong>\u00a1o a otro jugador!.<\/strong><\/p>\n<p>En este mapa de\u00a0<strong>Holanda<\/strong>, el autor de\u00a0<a href=\"http:\/\/juegosdelamesaredonda.com\/141-aventureros-al-tren.html\" target=\"_blank\" rel=\"noopener\"><strong>\u00a1Aventureros al Tren!<\/strong><\/a>\u00a0<strong>Alan R. Moon<\/strong>\u00a0ha creado un ingenioso nuevo giro &#8211; casi todas las rutas son dobles cruzando puentes. Cuando un jugador se haga con la primera ruta entre dos ciudades, este paga el precio en fichas de Peaje de Puente a la banca; pero cuando la segunda ruta se reclame, las fichas ir\u00e1n a parar a manos del jugador que reclam\u00f3 la primera ruta. Los jugadores ganan sus puntos en funci\u00f3n del valor total de fichas de Peaje de Puente que posean al final del juego.<\/p>\n<p>Adicionalmente a este mapa,\u00a0<strong>\u00a1Aventureros al Tren! Pa\u00edses Bajos<\/strong>\u00a0contiene 44 Billetes de Destino y las nuevas fichas de Peaje de Puente.<\/p>\n<p>No es un juego completo. Para usar esta expansi\u00f3n son necesarios los vagones y cartas de vag\u00f3n incluidos en\u00a0<a href=\"http:\/\/juegosdelamesaredonda.com\/141-aventureros-al-tren.html\" target=\"_blank\" rel=\"noopener\"><strong>\u00a1Aventureros al Tren!<\/strong>\u00a0<\/a>o<a href=\"http:\/\/juegosdelamesaredonda.com\/144-aventureros-al-tren-europa-824968717127.html\" target=\"_blank\" rel=\"noopener\"><strong>\u00a0\u00a1Aventureros al Tren! Europa.<\/strong><\/a><\/p>\n","protected":false},"excerpt":{"rendered":"<p><strong>Aventureros al Tren: Pa\u00edses Bajos<\/strong>\u00a0nos traslada a un mapa lleno de innumerables r\u00edos que tendremos que cruzar mediante puentes de peaje, un\u00a0<strong>peaje<\/strong>\u00a0que tendremos que pagar a la banca\u2026 o\u00a0<strong>\u00a1a otro jugador!<\/strong><\/p>\n<p>Corre para crear tus rutas antes que tus adversarios en esta nueva y apasionante expansi\u00f3n y hazte con todos los peajes de\u00a0<strong>Aventureros al Tren: Pa\u00edses Bajos.<\/strong><\/p>\n<div class=\"box_features\">\n<div class=\"iconfeature\"><img decoding=\"async\" class=\"\" title=\"N\u00famero de jugadores: De 2 a 5 jugadores\" src=\"https:\/\/juegosdelamesaredonda.com\/img\/caracteristicas\/9.svg\" alt=\"N\u00famero de jugadores: De 2 a 5 jugadores\" \/> <span class=\"name\">N\u00famero de jugadores:<\/span><span class=\"value\">De 2 a 5 jugadores<\/span><\/div>\n<\/div>\n<div class=\"box_features\">\n<div class=\"iconfeature\"><img decoding=\"async\" class=\"\" title=\"Duraci\u00f3n aproximada del juego: 30 minutos\" src=\"https:\/\/juegosdelamesaredonda.com\/img\/caracteristicas\/7.svg\" alt=\"Duraci\u00f3n aproximada del juego: 30 minutos\" \/> <span class=\"name\">Duraci\u00f3n aproximada:<\/span><span class=\"value\">30 minutos<\/span><\/div>\n<\/div>\n<div class=\"box_features\">\n<div class=\"iconfeature\"><img decoding=\"async\" class=\"\" title=\"Edad m\u00ednima recomendada: 8 a\u00f1os\" src=\"https:\/\/juegosdelamesaredonda.com\/img\/caracteristicas\/10.svg\" alt=\"Edad m\u00ednima recomendada: 8 a\u00f1os\" \/> <span class=\"name\">Edad m\u00ednima:<\/span><span class=\"value\">8 a\u00f1os<\/span><\/div>\n<\/div>\n<div class=\"box_features\">\n<div class=\"iconfeature\"><img decoding=\"async\" class=\"\" title=\"Tipo: Expansiones de Juegos\" src=\"https:\/\/juegosdelamesaredonda.com\/img\/caracteristicas\/11.svg\" alt=\"Tipo: Expansiones de Juegos\" \/> <span class=\"name\">Tipo:<\/span><span class=\"value\">Expansiones de Juegos<\/span><\/div>\n<\/div>\n<div class=\"box_features\">\n<div class=\"iconfeature\"><img decoding=\"async\" class=\"\" title=\"G\u00e9nero: Familiar\" src=\"https:\/\/juegosdelamesaredonda.com\/img\/caracteristicas\/12.svg\" alt=\"G\u00e9nero: Familiar\" \/> <span class=\"name\">G\u00e9nero:<\/span><span class=\"value\">Familiar<\/span><\/div>\n<\/div>\n<div class=\"box_features\">\n<div class=\"iconfeature\"><img decoding=\"async\" class=\"\" title=\"Idioma: Espa\u00f1ol\" src=\"https:\/\/juegosdelamesaredonda.com\/img\/caracteristicas\/14.svg\" alt=\"Idioma: Espa\u00f1ol\" \/> <span class=\"name\">Idioma:<\/span><span class=\"value\">Espa\u00f1ol<\/span><\/div>\n<\/div>\n<div class=\"box_features\">\n<div class=\"iconfeature\"><img decoding=\"async\" class=\"\" title=\"Marca: Edge Entertainment\" src=\"https:\/\/juegosdelamesaredonda.com\/img\/caracteristicas\/13.svg\" alt=\"Marca: Edge Entertainment\" \/> <span class=\"name\">Marca:<\/span><span class=\"value\">Edge Entertainment<\/span><\/div>\n<\/div>\n","protected":false},"featured_media":6019,"comment_status":"open","ping_status":"closed","template":"","meta":{"_themeisle_gutenberg_block_has_review":false},"product_brand":[],"product_cat":[29,104],"product_tag":[279,205,181,411,155,294],"class_list":{"0":"post-6018","1":"product","2":"type-product","3":"status-publish","4":"has-post-thumbnail","6":"product_cat-juegos-de-mesa","7":"product_cat-edge","8":"product_tag-asmodee","9":"product_tag-aventurerosaltren","10":"product_tag-edge","11":"product_tag-edgee","12":"product_tag-juegosdemesa","13":"product_tag-ticktedtoride","15":"first","16":"instock","17":"shipping-taxable","18":"purchasable","19":"product-type-simple"},"_links":{"self":[{"href":"https:\/\/magicgamesbolivia.com\/index.php\/wp-json\/wp\/v2\/product\/6018","targetHints":{"allow":["GET"]}}],"collection":[{"href":"https:\/\/magicgamesbolivia.com\/index.php\/wp-json\/wp\/v2\/product"}],"about":[{"href":"https:\/\/magicgamesbolivia.com\/index.php\/wp-json\/wp\/v2\/types\/product"}],"replies":[{"embeddable":true,"href":"https:\/\/magicgamesbolivia.com\/index.php\/wp-json\/wp\/v2\/comments?post=6018"}],"version-history":[{"count":1,"href":"https:\/\/magicgamesbolivia.com\/index.php\/wp-json\/wp\/v2\/product\/6018\/revisions"}],"predecessor-version":[{"id":6021,"href":"https:\/\/magicgamesbolivia.com\/index.php\/wp-json\/wp\/v2\/product\/6018\/revisions\/6021"}],"wp:featuredmedia":[{"embeddable":true,"href":"https:\/\/magicgamesbolivia.com\/index.php\/wp-json\/wp\/v2\/media\/6019"}],"wp:attachment":[{"href":"https:\/\/magicgamesbolivia.com\/index.php\/wp-json\/wp\/v2\/media?parent=6018"}],"wp:term":[{"taxonomy":"product_brand","embeddable":true,"href":"https:\/\/magicgamesbolivia.com\/index.php\/wp-json\/wp\/v2\/product_brand?post=6018"},{"taxonomy":"product_cat","embeddable":true,"href":"https:\/\/magicgamesbolivia.com\/index.php\/wp-json\/wp\/v2\/product_cat?post=6018"},{"taxonomy":"product_tag","embeddable":true,"href":"https:\/\/magicgamesbolivia.com\/index.php\/wp-json\/wp\/v2\/product_tag?post=6018"}],"curies":[{"name":"wp","href":"https:\/\/api.w.org\/{rel}","templated":true}]}}