{"id":5997,"date":"2026-01-19T17:10:26","date_gmt":"2026-01-19T17:10:26","guid":{"rendered":"https:\/\/magicgamesbolivia.com\/?post_type=product&#038;p=5997"},"modified":"2026-01-19T17:10:55","modified_gmt":"2026-01-19T17:10:55","slug":"exit-secuestro-en-fortune-city","status":"publish","type":"product","link":"https:\/\/magicgamesbolivia.com\/index.php\/product\/exit-secuestro-en-fortune-city\/","title":{"rendered":"Exit: Secuestro en Fortune City"},"content":{"rendered":"<div id=\"description\">\n<div class=\"product-description\">\n<p><b>Exit: Secuestro en Fortune City<\/b>\u00a0es un\u00a0<b>juego de cartas\u00a0<\/b>donde la actividad criminal\u00a0<strong>abunda en la ciudad fronteriza de Fortune City<\/strong>\u00a0y ahora el sheriff\u00a0<strong>ha desaparecido sin dejar rastro.\u00a0<\/strong><\/p>\n<p>Con poco tiempo para encontrarlo,\u00a0<strong>los jugadores deben trabajar juntos para resolver el crimen<\/strong>. A lo largo del juego, tu investigaci\u00f3n te llevar\u00e1 a trav\u00e9s de Fortune City, con pistas y elementos extra\u00f1os que encontrar\u00e1s por todas partes. Tendr\u00e1s que\u00a0<strong>buscar respuestas en la taberna, la farmacia, la armer\u00eda, la oficina de correos, la prisi\u00f3n y el banco<\/strong>. Pero en un giro \u00fanico, t\u00fa decidir\u00e1s el orden en el que\u00a0<strong>visitar\u00e1s estos lugares y a qui\u00e9n interrogar\u00e1s en el camino<\/strong>. Junto con tu equipo, recoger\u00e1s pistas y\u00a0<strong>evaluar\u00e1s los testimonios de los habitantes del pueblo<\/strong>. \u00bfPero obtendr\u00e1s las respuestas que necesitas para rescatar al sheriff a tiempo?<\/p>\n<p><strong>Al estilo Dead Man on the Orient Express y Theft on the Mississippi<\/strong>, los jugadores deber\u00e1n llegar al fondo de un secuestro en el Salvaje Oeste adem\u00e1s de resolver todos los acertijos.<\/p>\n<p><strong>Nivel de dificultad: 3,5 de 5<\/strong><\/p>\n<p><strong>Exit: The Game \u2013 Secuestro en Fortune City es un juego de rompecabezas<\/strong>\u00a0inspirado en las salas de escape e\u00a0<strong>incluye componentes destinados a doblarse, escribirse o romperse<\/strong>, por lo que se comercializa como un juego de un solo uso<\/p>\n<\/div>\n<\/div>\n","protected":false},"excerpt":{"rendered":"<p><b>Exit: Secuestro en Fortune City<\/b>\u00a0es un\u00a0<b>juego de cartas\u00a0<\/b>donde la actividad criminal\u00a0<strong>abunda en la ciudad fronteriza de Fortune City<\/strong>\u00a0y ahora el sheriff\u00a0<strong>ha desaparecido sin dejar rastro.\u00a0<\/strong><\/p>\n<div class=\"box_features\">\n<div class=\"iconfeature\"><img decoding=\"async\" class=\"\" title=\"N\u00famero de jugadores: De 1 a 4 jugadores\" src=\"https:\/\/juegosdelamesaredonda.com\/img\/caracteristicas\/9.svg\" alt=\"N\u00famero de jugadores: De 1 a 4 jugadores\" \/> <span class=\"name\">N\u00famero de jugadores:<\/span><span class=\"value\">De 1 a 4 jugadores<\/span><\/div>\n<\/div>\n<div class=\"box_features\">\n<div class=\"iconfeature\"><img decoding=\"async\" class=\"\" title=\"Duraci\u00f3n aproximada del juego: 60 minutos\" src=\"https:\/\/juegosdelamesaredonda.com\/img\/caracteristicas\/7.svg\" alt=\"Duraci\u00f3n aproximada del juego: 60 minutos\" \/> <span class=\"name\">Duraci\u00f3n aproximada:<\/span><span class=\"value\">60 minutos<\/span><\/div>\n<\/div>\n<div class=\"box_features\">\n<div class=\"iconfeature\"><img decoding=\"async\" class=\"\" title=\"Edad m\u00ednima recomendada: 10 a\u00f1os\" src=\"https:\/\/juegosdelamesaredonda.com\/img\/caracteristicas\/10.svg\" alt=\"Edad m\u00ednima recomendada: 10 a\u00f1os\" \/> <span class=\"name\">Edad m\u00ednima:<\/span><span class=\"value\">10 a\u00f1os<\/span><\/div>\n<\/div>\n<div class=\"box_features\">\n<div class=\"iconfeature\"><img decoding=\"async\" class=\"\" title=\"Tipo: Juego de cartas\" src=\"https:\/\/juegosdelamesaredonda.com\/img\/caracteristicas\/11.svg\" alt=\"Tipo: Juego de cartas\" \/> <span class=\"name\">Tipo:<\/span><span class=\"value\">Juego de cartas<\/span><\/div>\n<\/div>\n<div class=\"box_features\">\n<div class=\"iconfeature\"><img decoding=\"async\" class=\"\" title=\"G\u00e9nero: Cooperativo\" src=\"https:\/\/juegosdelamesaredonda.com\/img\/caracteristicas\/12.svg\" alt=\"G\u00e9nero: Cooperativo\" \/> <span class=\"name\">G\u00e9nero:<\/span><span class=\"value\">Cooperativo<\/span><\/div>\n<\/div>\n<div class=\"box_features\">\n<div class=\"iconfeature\"><img decoding=\"async\" class=\"\" title=\"Idioma: Espa\u00f1ol\" src=\"https:\/\/juegosdelamesaredonda.com\/img\/caracteristicas\/14.svg\" alt=\"Idioma: Espa\u00f1ol\" \/> <span class=\"name\">Idioma:<\/span><span class=\"value\">Espa\u00f1ol<\/span><\/div>\n<\/div>\n<div class=\"box_features\">\n<div class=\"iconfeature\"><img decoding=\"async\" class=\"\" title=\"Marca: Devir\" src=\"https:\/\/juegosdelamesaredonda.com\/img\/caracteristicas\/13.svg\" alt=\"Marca: Devir\" \/> <span class=\"name\">Marca:<\/span><span class=\"value\">Devir<\/span><\/div>\n<\/div>\n","protected":false},"featured_media":5998,"comment_status":"open","ping_status":"closed","template":"","meta":{"_themeisle_gutenberg_block_has_review":false},"product_brand":[],"product_cat":[29,30],"product_tag":[31,399,218,400],"class_list":{"0":"post-5997","1":"product","2":"type-product","3":"status-publish","4":"has-post-thumbnail","6":"product_cat-juegos-de-mesa","7":"product_cat-devir","8":"product_tag-devir","9":"product_tag-exit","10":"product_tag-juegodemesa","11":"product_tag-scaperoom","13":"first","14":"instock","15":"shipping-taxable","16":"purchasable","17":"product-type-simple"},"_links":{"self":[{"href":"https:\/\/magicgamesbolivia.com\/index.php\/wp-json\/wp\/v2\/product\/5997","targetHints":{"allow":["GET"]}}],"collection":[{"href":"https:\/\/magicgamesbolivia.com\/index.php\/wp-json\/wp\/v2\/product"}],"about":[{"href":"https:\/\/magicgamesbolivia.com\/index.php\/wp-json\/wp\/v2\/types\/product"}],"replies":[{"embeddable":true,"href":"https:\/\/magicgamesbolivia.com\/index.php\/wp-json\/wp\/v2\/comments?post=5997"}],"version-history":[{"count":1,"href":"https:\/\/magicgamesbolivia.com\/index.php\/wp-json\/wp\/v2\/product\/5997\/revisions"}],"predecessor-version":[{"id":5999,"href":"https:\/\/magicgamesbolivia.com\/index.php\/wp-json\/wp\/v2\/product\/5997\/revisions\/5999"}],"wp:featuredmedia":[{"embeddable":true,"href":"https:\/\/magicgamesbolivia.com\/index.php\/wp-json\/wp\/v2\/media\/5998"}],"wp:attachment":[{"href":"https:\/\/magicgamesbolivia.com\/index.php\/wp-json\/wp\/v2\/media?parent=5997"}],"wp:term":[{"taxonomy":"product_brand","embeddable":true,"href":"https:\/\/magicgamesbolivia.com\/index.php\/wp-json\/wp\/v2\/product_brand?post=5997"},{"taxonomy":"product_cat","embeddable":true,"href":"https:\/\/magicgamesbolivia.com\/index.php\/wp-json\/wp\/v2\/product_cat?post=5997"},{"taxonomy":"product_tag","embeddable":true,"href":"https:\/\/magicgamesbolivia.com\/index.php\/wp-json\/wp\/v2\/product_tag?post=5997"}],"curies":[{"name":"wp","href":"https:\/\/api.w.org\/{rel}","templated":true}]}}