{"id":5994,"date":"2026-01-19T17:00:11","date_gmt":"2026-01-19T17:00:11","guid":{"rendered":"https:\/\/magicgamesbolivia.com\/?post_type=product&#038;p=5994"},"modified":"2026-01-19T17:05:40","modified_gmt":"2026-01-19T17:05:40","slug":"exit-el-laberinto-maldito","status":"publish","type":"product","link":"https:\/\/magicgamesbolivia.com\/index.php\/product\/exit-el-laberinto-maldito\/","title":{"rendered":"Exit: el Laberinto Maldito"},"content":{"rendered":"<p><strong>Exit: el Laberinto Maldito<\/strong>\u00a0es un\u00a0<strong>juego de mesa<\/strong>\u00a0en el que te ver\u00e1s envuelto en una\u00a0<strong>aventura<\/strong>\u00a0estilo\u00a0<strong>Escape<\/strong>\u00a0<strong>Room<\/strong>. Durante una\u00a0<strong>visita<\/strong>\u00a0a un\u00a0<strong>castillo<\/strong>\u00a0hist\u00f3rico, tu atenci\u00f3n se desv\u00eda hacia un\u00a0<strong>intrigante<\/strong>\u00a0<strong>laberinto<\/strong>\u00a0en medio del\u00a0<strong>jard\u00edn<\/strong>. Unas imponentes\u00a0<strong>murallas<\/strong>\u00a0lo separan del\u00a0<strong>mundo<\/strong>\u00a0<strong>exterior<\/strong>\u00a0y una extra\u00f1a fuerza te invita a recorrerlo\u2026 Una nueva\u00a0<strong>aventura<\/strong>\u00a0de la\u00a0<strong>saga<\/strong>\u00a0<strong>Exit<\/strong>\u00a0con una\u00a0<strong>dificultad<\/strong>\u00a0de\u00a0<strong>2<\/strong>\u00a0<strong>sobre<\/strong>\u00a0<strong>5<\/strong>.<\/p>\n<p>Ad\u00e9ntrate en el\u00a0<strong>laberinto<\/strong>\u00a0atravesando con asombro la antigua\u00a0<strong>puerta<\/strong>\u00a0de\u00a0<strong>hierro<\/strong>. En ese momento el\u00a0<strong>cielo<\/strong>\u00a0se\u00a0<strong>oscurece<\/strong>\u00a0de repente y el\u00a0<strong>viento<\/strong>\u00a0empieza a\u00a0<strong>arreciar<\/strong>. Con un fuerte\u00a0<strong>estruendo<\/strong>, la antigua\u00a0<strong>puerta<\/strong>\u00a0de\u00a0<strong>hierro<\/strong>\u00a0se\u00a0<strong>cierra<\/strong>\u00a0de\u00a0<strong>golpe<\/strong>\u00a0detr\u00e1s de ti. Intentas abrirla, pero est\u00e1\u00a0<strong>cerrada<\/strong>\u00a0con\u00a0<strong>llave<\/strong>. De repente, para tu\u00a0<strong>terror<\/strong>, una\u00a0<strong>g\u00e1rgola<\/strong>\u00a0trepa por la\u00a0<strong>puerta<\/strong>\u00a0hacia ti. S\u00f3lo si\u00a0<strong>trabaj\u00e1is<\/strong>\u00a0<strong>juntos<\/strong>\u00a0podr\u00e9is\u00a0<strong>resolver<\/strong>\u00a0los\u00a0<strong>rompecabezas<\/strong>\u00a0y\u00a0<strong>escapar<\/strong>\u00a0del misterioso\u00a0<strong>laberinto<\/strong>.<\/p>\n<p><strong>Exit: el Laberinto Maldito<\/strong>\u00a0es un juego de\u00a0<strong>rompecabezas<\/strong>\u00a0que sigue el modelo de las escape room, e incluye componentes destinados a ser\u00a0<strong>doblados<\/strong>,\u00a0<strong>escritos<\/strong>\u00a0o\u00a0<strong>rasgados<\/strong>, por lo que se comercializa como un\u00a0<strong>juego<\/strong>\u00a0de un\u00a0<strong>solo<\/strong>\u00a0<strong>uso<\/strong>.<\/p>\n","protected":false},"excerpt":{"rendered":"<p><strong>Exit: el Laberinto Maldito<\/strong>\u00a0es un\u00a0<strong>juego de mesa<\/strong>\u00a0en el que te ver\u00e1s envuelto en una\u00a0<strong>aventura<\/strong>\u00a0estilo\u00a0<strong>Escape<\/strong>\u00a0<strong>Room<\/strong>. Durante una\u00a0<strong>visita<\/strong>\u00a0a un\u00a0<strong>castillo<\/strong>\u00a0hist\u00f3rico, tu atenci\u00f3n se desv\u00eda hacia un\u00a0<strong>intrigante<\/strong>\u00a0<strong>laberinto<\/strong>\u00a0en medio del\u00a0<strong>jard\u00edn<\/strong>. Unas imponentes\u00a0<strong>murallas<\/strong>\u00a0lo separan del\u00a0<strong>mundo<\/strong>\u00a0<strong>exterior<\/strong>\u00a0y una extra\u00f1a fuerza te invita a recorrerlo\u2026 Una nueva\u00a0<strong>aventura<\/strong>\u00a0de la\u00a0<strong>saga<\/strong>\u00a0<strong>Exit<\/strong>\u00a0con una\u00a0<strong>dificultad<\/strong>\u00a0de\u00a0<strong>2<\/strong>\u00a0<strong>sobre<\/strong>\u00a0<strong>5<\/strong>.<\/p>\n<div class=\"box_features\">\n<div class=\"iconfeature\"><img decoding=\"async\" class=\"\" title=\"N\u00famero de jugadores: De 1 a 4 jugadores\" src=\"https:\/\/juegosdelamesaredonda.com\/img\/caracteristicas\/9.svg\" alt=\"N\u00famero de jugadores: De 1 a 4 jugadores\" \/> <span class=\"name\">N\u00famero de jugadores:<\/span><span class=\"value\">De 1 a 4 jugadores<\/span><\/div>\n<\/div>\n<div class=\"box_features\">\n<div class=\"iconfeature\"><img decoding=\"async\" class=\"\" title=\"Duraci\u00f3n aproximada del juego: 60 minutos\" src=\"https:\/\/juegosdelamesaredonda.com\/img\/caracteristicas\/7.svg\" alt=\"Duraci\u00f3n aproximada del juego: 60 minutos\" \/> <span class=\"name\">Duraci\u00f3n aproximada:<\/span><span class=\"value\">60 minutos<\/span><\/div>\n<\/div>\n<div class=\"box_features\">\n<div class=\"iconfeature\"><img decoding=\"async\" class=\"\" title=\"Edad m\u00ednima recomendada: 12 a\u00f1os\" src=\"https:\/\/juegosdelamesaredonda.com\/img\/caracteristicas\/10.svg\" alt=\"Edad m\u00ednima recomendada: 12 a\u00f1os\" \/> <span class=\"name\">Edad m\u00ednima:<\/span><span class=\"value\">12 a\u00f1os<\/span><\/div>\n<\/div>\n<div class=\"box_features\">\n<div class=\"iconfeature\"><img decoding=\"async\" class=\"\" title=\"Tipo: Juego de tablero\" src=\"https:\/\/juegosdelamesaredonda.com\/img\/caracteristicas\/11.svg\" alt=\"Tipo: Juego de tablero\" \/> <span class=\"name\">Tipo:<\/span><span class=\"value\">Juego de tablero<\/span><\/div>\n<\/div>\n<div class=\"box_features\">\n<div class=\"iconfeature\"><img decoding=\"async\" class=\"\" title=\"G\u00e9nero: Ingenio\" src=\"https:\/\/juegosdelamesaredonda.com\/img\/caracteristicas\/12.svg\" alt=\"G\u00e9nero: Ingenio\" \/> <span class=\"name\">G\u00e9nero:<\/span><span class=\"value\">Ingenio<\/span><\/div>\n<\/div>\n<div class=\"box_features\">\n<div class=\"iconfeature\"><img decoding=\"async\" class=\"\" title=\"Idioma: Espa\u00f1ol\" src=\"https:\/\/juegosdelamesaredonda.com\/img\/caracteristicas\/14.svg\" alt=\"Idioma: Espa\u00f1ol\" \/> <span class=\"name\">Idioma:<\/span><span class=\"value\">Espa\u00f1ol<\/span><\/div>\n<\/div>\n<div class=\"box_features\">\n<div class=\"iconfeature\"><img decoding=\"async\" class=\"\" title=\"Marca: Devir\" src=\"https:\/\/juegosdelamesaredonda.com\/img\/caracteristicas\/13.svg\" alt=\"Marca: Devir\" \/> <span class=\"name\">Marca:<\/span><span class=\"value\">Devir<\/span><\/div>\n<\/div>\n","protected":false},"featured_media":5995,"comment_status":"open","ping_status":"closed","template":"","meta":{"_themeisle_gutenberg_block_has_review":false},"product_brand":[],"product_cat":[29,30],"product_tag":[31,399,218,733],"class_list":{"0":"post-5994","1":"product","2":"type-product","3":"status-publish","4":"has-post-thumbnail","6":"product_cat-juegos-de-mesa","7":"product_cat-devir","8":"product_tag-devir","9":"product_tag-exit","10":"product_tag-juegodemesa","11":"product_tag-scpaeroom","13":"first","14":"instock","15":"shipping-taxable","16":"purchasable","17":"product-type-simple"},"_links":{"self":[{"href":"https:\/\/magicgamesbolivia.com\/index.php\/wp-json\/wp\/v2\/product\/5994","targetHints":{"allow":["GET"]}}],"collection":[{"href":"https:\/\/magicgamesbolivia.com\/index.php\/wp-json\/wp\/v2\/product"}],"about":[{"href":"https:\/\/magicgamesbolivia.com\/index.php\/wp-json\/wp\/v2\/types\/product"}],"replies":[{"embeddable":true,"href":"https:\/\/magicgamesbolivia.com\/index.php\/wp-json\/wp\/v2\/comments?post=5994"}],"version-history":[{"count":1,"href":"https:\/\/magicgamesbolivia.com\/index.php\/wp-json\/wp\/v2\/product\/5994\/revisions"}],"predecessor-version":[{"id":5996,"href":"https:\/\/magicgamesbolivia.com\/index.php\/wp-json\/wp\/v2\/product\/5994\/revisions\/5996"}],"wp:featuredmedia":[{"embeddable":true,"href":"https:\/\/magicgamesbolivia.com\/index.php\/wp-json\/wp\/v2\/media\/5995"}],"wp:attachment":[{"href":"https:\/\/magicgamesbolivia.com\/index.php\/wp-json\/wp\/v2\/media?parent=5994"}],"wp:term":[{"taxonomy":"product_brand","embeddable":true,"href":"https:\/\/magicgamesbolivia.com\/index.php\/wp-json\/wp\/v2\/product_brand?post=5994"},{"taxonomy":"product_cat","embeddable":true,"href":"https:\/\/magicgamesbolivia.com\/index.php\/wp-json\/wp\/v2\/product_cat?post=5994"},{"taxonomy":"product_tag","embeddable":true,"href":"https:\/\/magicgamesbolivia.com\/index.php\/wp-json\/wp\/v2\/product_tag?post=5994"}],"curies":[{"name":"wp","href":"https:\/\/api.w.org\/{rel}","templated":true}]}}