{"id":5991,"date":"2026-01-19T16:34:28","date_gmt":"2026-01-19T16:34:28","guid":{"rendered":"https:\/\/magicgamesbolivia.com\/?post_type=product&#038;p=5991"},"modified":"2026-01-19T16:35:04","modified_gmt":"2026-01-19T16:35:04","slug":"exit-el-tesoro-hundido","status":"publish","type":"product","link":"https:\/\/magicgamesbolivia.com\/index.php\/product\/exit-el-tesoro-hundido\/","title":{"rendered":"Exit: El Tesoro Hundido"},"content":{"rendered":"<p>\u00a1Vive la experiencia de una\u00a0<strong>\u201csala de escape\u201d en tu propia casa con el juego de mesa\u00a0<\/strong><strong>Exit: El Tesoro Hundido!<\/strong>\u00a0En esta nueva entrega os embarc\u00e1is en la\u00a0<strong>traicionera b\u00fasqueda del legendario tesoro de Santa Mar\u00eda.<\/strong>\u00a0Mientras realiz\u00e1is vuestra investigaci\u00f3n algo va mal y os qued\u00e1is atrapados bajo el agua.\u00a0<strong>\u00bfSer\u00e1s capaz de hacerte con El Tesoro Hundido antes de morir ahogado?<\/strong>\u00a0Esta nueva aventura de Exit es de\u00a0<strong>dificultad principiante.\u00a0<\/strong><\/p>\n<p align=\"justify\">Los juegos de escape se han convertido en un aut\u00e9ntico fen\u00f3meno en nuestro pa\u00eds. Consisten en formar un equipo y resolver una serie de enigmas para conseguir escapar de una sala antes de que se agote el tiempo. Ahora podemos vivir la experiencia desde nuestras propias casas gracis a la versi\u00f3n en juego de mesa.<\/p>\n<p>&nbsp;<\/p>\n<p>&nbsp;<\/p>\n<p align=\"justify\">La\u00a0<b>mec\u00e1nica de los juegos de mesa\u00a0<\/b><b>Exit<\/b>\u00a0es simple: tenemos un\u00a0<b>manual de reglas, un decodificador y un mazo de cartas<\/b>. Podremos coger una serie de cartas que nos ir\u00e1n ofreciendo diferentes puzzles a resolver. Si creemos tener la respuesta correcta, la introduciremos en el decodificador. Nos dirigir\u00e1 a una carta del mazo, si \u00e9sta muestra una X, la respuesta es incorrecta, pero si es correcta&#8230; \u00a1podremos continuar con los siguientes enigmas y as\u00ed ir avanzando! Tambi\u00e9n habr\u00e1 unas\u00a0<b>cartas de pistas<\/b>, que podr\u00e1n ayudarnos si nos atascamos en alg\u00fan punto del juego.<\/p>\n<p align=\"justify\"><strong>Exit\u00a0<\/strong>es un\u00a0<b>juego de mesa trepidante, fren\u00e9tico y emocionante<\/b>. El ingenio, la rapidez mental, la observaci\u00f3n, la comunicaci\u00f3n y el trabajo en equipo son vitales si tus compa\u00f1eros y t\u00fa quer\u00e9is escapar del laboratorio antes de que se agote el tiempo. \u00a1Daos prisa y estad atentos, cualquier pista puede ser esencial!<\/p>\n<p align=\"justify\"><b>\u00bfSer\u00e9is capaces de resolver los rompecabezas y escapar antes de que acabe el tiempo?<\/b><\/p>\n","protected":false},"excerpt":{"rendered":"<div id=\"product-description-short-6718\" class=\"description-short\">\n<p align=\"justify\">\u00a1Vive la experiencia de una\u00a0<strong>\u201csala de escape\u201d en tu propia casa con el juego de mesa\u00a0<\/strong><strong>Exit:\u00a0El Tesoro Hundido!<\/strong>\u00a0En esta nueva entrega os embarc\u00e1is en la\u00a0<strong>traicionera b\u00fasqueda del legendario tesoro de Santa Mar\u00eda.<\/strong><\/p>\n<\/div>\n<div class=\"leo-more-cdown\" data-idproduct=\"6718\"><\/div>\n<div class=\"product-actions\">\n<form id=\"add-to-cart-or-refresh\" action=\"https:\/\/juegosdelamesaredonda.com\/carro-de-la-compra\" method=\"post\">\n<div class=\"product-variants js-product-variants\">\n<div class=\"box_features\">\n<div class=\"iconfeature\"><img decoding=\"async\" class=\"\" title=\"N\u00famero de jugadores: De 1 a 4 jugadores\" src=\"https:\/\/juegosdelamesaredonda.com\/img\/caracteristicas\/9.svg\" alt=\"N\u00famero de jugadores: De 1 a 4 jugadores\" \/> <span class=\"name\">N\u00famero de jugadores:<\/span><span class=\"value\">De 1 a 4 jugadores<\/span><\/div>\n<\/div>\n<div class=\"box_features\">\n<div class=\"iconfeature\"><img decoding=\"async\" class=\"\" title=\"Duraci\u00f3n aproximada del juego: 90 minutos\" src=\"https:\/\/juegosdelamesaredonda.com\/img\/caracteristicas\/7.svg\" alt=\"Duraci\u00f3n aproximada del juego: 90 minutos\" \/> <span class=\"name\">Duraci\u00f3n aproximada:<\/span><span class=\"value\">90 minutos<\/span><\/div>\n<\/div>\n<div class=\"box_features\">\n<div class=\"iconfeature\"><img decoding=\"async\" class=\"\" title=\"Edad m\u00ednima recomendada: 12 a\u00f1os\" src=\"https:\/\/juegosdelamesaredonda.com\/img\/caracteristicas\/10.svg\" alt=\"Edad m\u00ednima recomendada: 12 a\u00f1os\" \/> <span class=\"name\">Edad m\u00ednima:<\/span><span class=\"value\">12 a\u00f1os<\/span><\/div>\n<\/div>\n<div class=\"box_features\">\n<div class=\"iconfeature\"><img decoding=\"async\" class=\"\" title=\"Tipo: Juego de tablero\" src=\"https:\/\/juegosdelamesaredonda.com\/img\/caracteristicas\/11.svg\" alt=\"Tipo: Juego de tablero\" \/> <span class=\"name\">Tipo:<\/span><span class=\"value\">Juego de tablero<\/span><\/div>\n<\/div>\n<div class=\"box_features\">\n<div class=\"iconfeature\"><img decoding=\"async\" class=\"\" title=\"G\u00e9nero: Misterio\" src=\"https:\/\/juegosdelamesaredonda.com\/img\/caracteristicas\/12.svg\" alt=\"G\u00e9nero: Misterio\" \/> <span class=\"name\">G\u00e9nero:<\/span><span class=\"value\">Misterio<\/span><\/div>\n<\/div>\n<div class=\"box_features\">\n<div class=\"iconfeature\"><img decoding=\"async\" class=\"\" title=\"Idioma: Espa\u00f1ol\" src=\"https:\/\/juegosdelamesaredonda.com\/img\/caracteristicas\/14.svg\" alt=\"Idioma: Espa\u00f1ol\" \/> <span class=\"name\">Idioma:<\/span><span class=\"value\">Espa\u00f1ol<\/span><\/div>\n<\/div>\n<div class=\"box_features\">\n<div class=\"iconfeature\"><img decoding=\"async\" class=\"\" title=\"Marca: Devir\" src=\"https:\/\/juegosdelamesaredonda.com\/img\/caracteristicas\/13.svg\" alt=\"Marca: Devir\" \/> <span class=\"name\">Marca:<\/span><span class=\"value\">Devir<\/span><\/div>\n<\/div>\n<\/div>\n<\/form>\n<\/div>\n","protected":false},"featured_media":5992,"comment_status":"open","ping_status":"closed","template":"","meta":{"_themeisle_gutenberg_block_has_review":false},"product_brand":[],"product_cat":[29,30],"product_tag":[31,1037,399,733],"class_list":{"0":"post-5991","1":"product","2":"type-product","3":"status-publish","4":"has-post-thumbnail","6":"product_cat-juegos-de-mesa","7":"product_cat-devir","8":"product_tag-devir","9":"product_tag-eltesorohundido","10":"product_tag-exit","11":"product_tag-scpaeroom","13":"first","14":"instock","15":"shipping-taxable","16":"purchasable","17":"product-type-simple"},"_links":{"self":[{"href":"https:\/\/magicgamesbolivia.com\/index.php\/wp-json\/wp\/v2\/product\/5991","targetHints":{"allow":["GET"]}}],"collection":[{"href":"https:\/\/magicgamesbolivia.com\/index.php\/wp-json\/wp\/v2\/product"}],"about":[{"href":"https:\/\/magicgamesbolivia.com\/index.php\/wp-json\/wp\/v2\/types\/product"}],"replies":[{"embeddable":true,"href":"https:\/\/magicgamesbolivia.com\/index.php\/wp-json\/wp\/v2\/comments?post=5991"}],"version-history":[{"count":1,"href":"https:\/\/magicgamesbolivia.com\/index.php\/wp-json\/wp\/v2\/product\/5991\/revisions"}],"predecessor-version":[{"id":5993,"href":"https:\/\/magicgamesbolivia.com\/index.php\/wp-json\/wp\/v2\/product\/5991\/revisions\/5993"}],"wp:featuredmedia":[{"embeddable":true,"href":"https:\/\/magicgamesbolivia.com\/index.php\/wp-json\/wp\/v2\/media\/5992"}],"wp:attachment":[{"href":"https:\/\/magicgamesbolivia.com\/index.php\/wp-json\/wp\/v2\/media?parent=5991"}],"wp:term":[{"taxonomy":"product_brand","embeddable":true,"href":"https:\/\/magicgamesbolivia.com\/index.php\/wp-json\/wp\/v2\/product_brand?post=5991"},{"taxonomy":"product_cat","embeddable":true,"href":"https:\/\/magicgamesbolivia.com\/index.php\/wp-json\/wp\/v2\/product_cat?post=5991"},{"taxonomy":"product_tag","embeddable":true,"href":"https:\/\/magicgamesbolivia.com\/index.php\/wp-json\/wp\/v2\/product_tag?post=5991"}],"curies":[{"name":"wp","href":"https:\/\/api.w.org\/{rel}","templated":true}]}}