{"id":5965,"date":"2026-01-16T23:39:53","date_gmt":"2026-01-16T23:39:53","guid":{"rendered":"https:\/\/magicgamesbolivia.com\/?post_type=product&#038;p=5965"},"modified":"2026-04-22T16:06:20","modified_gmt":"2026-04-22T16:06:20","slug":"exploding-pigeon","status":"publish","type":"product","link":"https:\/\/magicgamesbolivia.com\/index.php\/product\/exploding-pigeon\/","title":{"rendered":"Exploding Pigeon"},"content":{"rendered":"<p><b>Exploding Pigeon<\/b><strong>\u00a0<\/strong><strong>es un<\/strong>\u00a0<strong>juego de cartas<\/strong>\u00a0para toda la familia en el que\u00a0<strong>tendr\u00e1s que jugar r\u00e1pid<\/strong>o, adivinar m\u00e1s r\u00e1pido todav\u00eda y\u00a0<strong>\u00a1evitar que te pillen con la paloma en las manos cuando explote!<\/strong><\/p>\n<p><strong>Inicia el temporizador<\/strong><\/p>\n<p><strong>Haz m\u00edmica, dibuja o lucha<\/strong>\u00a0contra tus oponentes, pero hagas lo que hagas,\u00a0<strong>\u00a1HAZLO R\u00c1PIDO!<\/strong><\/p>\n<p><strong>\u00a1Pasa la paloma antes que explote!<\/strong><\/p>\n<p>Exploding Pigeon\u00a0<strong>es una nueva versi\u00f3n de la patata caliente<\/strong>\u00a0en la que tendr\u00e1s que completar retos lo m\u00e1s r\u00e1pido que puedas para\u00a0<strong>pasar la Paloma explosiva al otro equipo.<\/strong>\u00a0Si tienes la Paloma explosiva cuando explote,\u00a0<strong>tu equipo pierde y el otro se lleva 1 punto.<\/strong><\/p>\n<p><strong>El primer equipo que obtenga 3 puntos gana.<\/strong><\/p>\n","protected":false},"excerpt":{"rendered":"<p><b>Exploding Pigeon<\/b><strong>\u00a0<\/strong>es un\u00a0<strong>juego de cartas<\/strong>\u00a0para toda la familia en el que\u00a0<strong>tendr\u00e1s que jugar r\u00e1pid<\/strong>o, adivinar m\u00e1s r\u00e1pido todav\u00eda y\u00a0<strong>\u00a1evitar que te pillen con la paloma en las manos cuando explote!<\/strong><\/p>\n<div class=\"box_features\">\n<div class=\"iconfeature\"><img decoding=\"async\" class=\"\" title=\"N\u00famero de jugadores: De 3 a 10 jugadores\" src=\"https:\/\/juegosdelamesaredonda.com\/img\/caracteristicas\/9.svg\" alt=\"N\u00famero de jugadores: De 3 a 10 jugadores\" \/> <span class=\"name\">N\u00famero de jugadores:<\/span><span class=\"value\">De 3 a 10 jugadores<\/span><\/div>\n<\/div>\n<div class=\"box_features\">\n<div class=\"iconfeature\"><img decoding=\"async\" class=\"\" title=\"Duraci\u00f3n aproximada del juego: 10 minutos\" src=\"https:\/\/juegosdelamesaredonda.com\/img\/caracteristicas\/7.svg\" alt=\"Duraci\u00f3n aproximada del juego: 10 minutos\" \/> <span class=\"name\">Duraci\u00f3n aproximada:<\/span><span class=\"value\">10 minutos<\/span><\/div>\n<\/div>\n<div class=\"box_features\">\n<div class=\"iconfeature\"><img decoding=\"async\" class=\"\" title=\"Edad m\u00ednima recomendada: 7 a\u00f1os\" src=\"https:\/\/juegosdelamesaredonda.com\/img\/caracteristicas\/10.svg\" alt=\"Edad m\u00ednima recomendada: 7 a\u00f1os\" \/> <span class=\"name\">Edad m\u00ednima:<\/span><span class=\"value\">7 a\u00f1os<\/span><\/div>\n<\/div>\n<div class=\"box_features\">\n<div class=\"iconfeature\"><img decoding=\"async\" class=\"\" title=\"Tipo: Juego de cartas\" src=\"https:\/\/juegosdelamesaredonda.com\/img\/caracteristicas\/11.svg\" alt=\"Tipo: Juego de cartas\" \/> <span class=\"name\">Tipo:<\/span><span class=\"value\">Juego de cartas<\/span><\/div>\n<\/div>\n<div class=\"box_features\">\n<div class=\"iconfeature\"><img decoding=\"async\" class=\"\" title=\"G\u00e9nero: Humor\" src=\"https:\/\/juegosdelamesaredonda.com\/img\/caracteristicas\/12.svg\" alt=\"G\u00e9nero: Humor\" \/> <span class=\"name\">G\u00e9nero:<\/span><span class=\"value\">Humor<\/span><\/div>\n<\/div>\n<div class=\"box_features\">\n<div class=\"iconfeature\"><img decoding=\"async\" class=\"\" title=\"Idioma: Espa\u00f1ol\" src=\"https:\/\/juegosdelamesaredonda.com\/img\/caracteristicas\/14.svg\" alt=\"Idioma: Espa\u00f1ol\" \/> <span class=\"name\">Idioma:<\/span><span class=\"value\">Espa\u00f1ol<\/span><\/div>\n<\/div>\n<div class=\"box_features\">\n<div class=\"iconfeature\"><img decoding=\"async\" class=\"\" title=\"Marca: Asmodee\" src=\"https:\/\/juegosdelamesaredonda.com\/img\/caracteristicas\/13.svg\" alt=\"Marca: Asmodee\" \/> <span class=\"name\">Marca:<\/span><span class=\"value\">Asmodee<\/span><\/div>\n<\/div>\n","protected":false},"featured_media":5969,"comment_status":"open","ping_status":"closed","template":"","meta":{"_themeisle_gutenberg_block_has_review":false},"product_brand":[],"product_cat":[352,29],"product_tag":[279,1034,155,434],"class_list":{"0":"post-5965","1":"product","2":"type-product","3":"status-publish","4":"has-post-thumbnail","6":"product_cat-asmodee","7":"product_cat-juegos-de-mesa","8":"product_tag-asmodee","9":"product_tag-exploidingpigeon","10":"product_tag-juegosdemesa","11":"product_tag-party","13":"first","14":"instock","15":"shipping-taxable","16":"purchasable","17":"product-type-simple"},"_links":{"self":[{"href":"https:\/\/magicgamesbolivia.com\/index.php\/wp-json\/wp\/v2\/product\/5965","targetHints":{"allow":["GET"]}}],"collection":[{"href":"https:\/\/magicgamesbolivia.com\/index.php\/wp-json\/wp\/v2\/product"}],"about":[{"href":"https:\/\/magicgamesbolivia.com\/index.php\/wp-json\/wp\/v2\/types\/product"}],"replies":[{"embeddable":true,"href":"https:\/\/magicgamesbolivia.com\/index.php\/wp-json\/wp\/v2\/comments?post=5965"}],"version-history":[{"count":1,"href":"https:\/\/magicgamesbolivia.com\/index.php\/wp-json\/wp\/v2\/product\/5965\/revisions"}],"predecessor-version":[{"id":5970,"href":"https:\/\/magicgamesbolivia.com\/index.php\/wp-json\/wp\/v2\/product\/5965\/revisions\/5970"}],"wp:featuredmedia":[{"embeddable":true,"href":"https:\/\/magicgamesbolivia.com\/index.php\/wp-json\/wp\/v2\/media\/5969"}],"wp:attachment":[{"href":"https:\/\/magicgamesbolivia.com\/index.php\/wp-json\/wp\/v2\/media?parent=5965"}],"wp:term":[{"taxonomy":"product_brand","embeddable":true,"href":"https:\/\/magicgamesbolivia.com\/index.php\/wp-json\/wp\/v2\/product_brand?post=5965"},{"taxonomy":"product_cat","embeddable":true,"href":"https:\/\/magicgamesbolivia.com\/index.php\/wp-json\/wp\/v2\/product_cat?post=5965"},{"taxonomy":"product_tag","embeddable":true,"href":"https:\/\/magicgamesbolivia.com\/index.php\/wp-json\/wp\/v2\/product_tag?post=5965"}],"curies":[{"name":"wp","href":"https:\/\/api.w.org\/{rel}","templated":true}]}}