{"id":5948,"date":"2026-01-15T21:33:17","date_gmt":"2026-01-15T21:33:17","guid":{"rendered":"https:\/\/magicgamesbolivia.com\/?post_type=product&#038;p=5948"},"modified":"2026-01-15T21:34:25","modified_gmt":"2026-01-15T21:34:25","slug":"carcassonne-torres-y-ladrones","status":"publish","type":"product","link":"https:\/\/magicgamesbolivia.com\/index.php\/product\/carcassonne-torres-y-ladrones\/","title":{"rendered":"Carcassonne: Torres y Ladrones"},"content":{"rendered":"<p style=\"font-weight: 500;\"><strong style=\"font-weight: 600;\">Carcassonne: Torres y Ladrones<\/strong>\u00a0es una\u00a0<strong style=\"font-weight: 600;\">expansi\u00f3n<\/strong>\u00a0para el\u00a0<strong style=\"font-weight: 600;\">juego de mesa Carcassonne<\/strong>\u00a0en una\u00a0<strong style=\"font-weight: 600;\">nueva<\/strong>\u00a0<strong style=\"font-weight: 600;\">edici\u00f3n<\/strong>\u00a0<strong style=\"font-weight: 600;\">revisada<\/strong>\u00a0y adaptada al\u00a0<strong style=\"font-weight: 600;\">nuevo<\/strong>\u00a0y espectacular\u00a0<strong style=\"font-weight: 600;\">arte<\/strong>\u00a0de la\u00a0<strong style=\"font-weight: 600;\">\u00faltima<\/strong>\u00a0<strong style=\"font-weight: 600;\">edici\u00f3n<\/strong>\u00a0de este fant\u00e1stico juego de\u00a0<strong style=\"font-weight: 600;\">losetas<\/strong>. A\u00f1ade solo esta\u00a0<strong style=\"font-weight: 600;\">expansi\u00f3n<\/strong>\u00a0al\u00a0<strong style=\"font-weight: 600;\">juego<\/strong>\u00a0<strong style=\"font-weight: 600;\">base<\/strong>, o junto a las\u00a0<strong style=\"font-weight: 600;\">expansiones<\/strong>\u00a0que quieras, para a\u00f1adir m\u00e1s\u00a0<strong style=\"font-weight: 600;\">estrategia<\/strong>\u00a0y\u00a0<strong style=\"font-weight: 600;\">diversi\u00f3n<\/strong>\u00a0a tus\u00a0<strong style=\"font-weight: 600;\">partidas<\/strong>.<\/p>\n<p style=\"font-weight: 500;\">Esta\u00a0<strong style=\"font-weight: 600;\">caja<\/strong>\u00a0incluye\u00a0<strong style=\"font-weight: 600;\">18<\/strong>\u00a0<strong style=\"font-weight: 600;\">nuevas<\/strong>\u00a0<strong style=\"font-weight: 600;\">losetas<\/strong>\u00a0para a\u00f1adir al juego b\u00e1sico (13 normales y 5 de torre). En algunas de ellas se encuentran los\u00a0<strong style=\"font-weight: 600;\">s\u00edmbolos<\/strong>\u00a0del\u00a0<strong style=\"font-weight: 600;\">ladr\u00f3n<\/strong>, que cuando aparecen pueden\u00a0<strong style=\"font-weight: 600;\">robar<\/strong>\u00a0<strong style=\"font-weight: 600;\">losetas<\/strong>\u00a0y forzar a la colocaci\u00f3n de vig\u00edas. Tambi\u00e9n se incluyen unas piezas especiales que act\u00faan como pisos de las\u00a0<strong style=\"font-weight: 600;\">torres<\/strong>\u00a0y que aumentan el\u00a0<strong style=\"font-weight: 600;\">alcance<\/strong>\u00a0de los\u00a0<strong style=\"font-weight: 600;\">vig\u00edas<\/strong>\u00a0para atrapar a los\u00a0<strong style=\"font-weight: 600;\">ladrones<\/strong>\u00a0(y ganar puntos por ello). Por \u00faltimo, esta expansi\u00f3n proporciona una\u00a0<strong style=\"font-weight: 600;\">torre<\/strong>\u00a0de\u00a0<strong style=\"font-weight: 600;\">cart\u00f3n<\/strong>\u00a0<strong style=\"font-weight: 600;\">dispensadora<\/strong>\u00a0de\u00a0<strong style=\"font-weight: 600;\">losetas<\/strong>, dise\u00f1ada para colocar c\u00f3modamente las pilas de losetas de terreno.<\/p>\n","protected":false},"excerpt":{"rendered":"<p><b>Carcassonne: Torres y Ladrones<\/b>\u00a0es una\u00a0<b>expansi\u00f3n<\/b>\u00a0para el\u00a0<b>juego de mesa Carcassonne<\/b>\u00a0en una\u00a0<b>nueva<\/b>\u00a0<b>edici\u00f3n<\/b>\u00a0<b>revisada<\/b>\u00a0y adaptada al\u00a0<b>nuevo<\/b>\u00a0y espectacular\u00a0<b>arte<\/b>\u00a0de la\u00a0<b>\u00faltima<\/b>\u00a0<b>edici\u00f3n<\/b>\u00a0de este fant\u00e1stico juego de\u00a0<b>losetas<\/b>. A\u00f1ade solo esta\u00a0<b>expansi\u00f3n<\/b>\u00a0al\u00a0<b>juego<\/b>\u00a0<b>base<\/b>, o junto a las\u00a0<b>expansiones<\/b>\u00a0que quieras, para a\u00f1adir m\u00e1s\u00a0<b>estrategia<\/b>\u00a0y\u00a0<b>diversi\u00f3n<\/b>\u00a0a tus\u00a0<b>partidas<\/b>.<\/p>\n<div class=\"box_features\">\n<div class=\"iconfeature\"><img decoding=\"async\" class=\"\" title=\"N\u00famero de jugadores: De 2 a 6 jugadores\" src=\"https:\/\/juegosdelamesaredonda.com\/img\/caracteristicas\/9.svg\" alt=\"N\u00famero de jugadores: De 2 a 6 jugadores\" \/> <span class=\"name\">N\u00famero de jugadores:<\/span><span class=\"value\">De 2 a 6 jugadores<\/span><\/div>\n<\/div>\n<div class=\"box_features\">\n<div class=\"iconfeature\"><img decoding=\"async\" class=\"\" title=\"Duraci\u00f3n aproximada del juego: 45 minutos\" src=\"https:\/\/juegosdelamesaredonda.com\/img\/caracteristicas\/7.svg\" alt=\"Duraci\u00f3n aproximada del juego: 45 minutos\" \/> <span class=\"name\">Duraci\u00f3n aproximada:<\/span><span class=\"value\">45 minutos<\/span><\/div>\n<\/div>\n<div class=\"box_features\">\n<div class=\"iconfeature\"><img decoding=\"async\" class=\"\" title=\"Edad m\u00ednima recomendada: 7 a\u00f1os\" src=\"https:\/\/juegosdelamesaredonda.com\/img\/caracteristicas\/10.svg\" alt=\"Edad m\u00ednima recomendada: 7 a\u00f1os\" \/> <span class=\"name\">Edad m\u00ednima:<\/span><span class=\"value\">7 a\u00f1os<\/span><\/div>\n<\/div>\n<div class=\"box_features\">\n<div class=\"iconfeature\"><img decoding=\"async\" class=\"\" title=\"Tipo: Expansiones de Juegos\" src=\"https:\/\/juegosdelamesaredonda.com\/img\/caracteristicas\/11.svg\" alt=\"Tipo: Expansiones de Juegos\" \/> <span class=\"name\">Tipo:<\/span><span class=\"value\">Expansiones de Juegos<\/span><\/div>\n<\/div>\n<div class=\"box_features\">\n<div class=\"iconfeature\"><img decoding=\"async\" class=\"\" title=\"G\u00e9nero: Estrategia\" src=\"https:\/\/juegosdelamesaredonda.com\/img\/caracteristicas\/12.svg\" alt=\"G\u00e9nero: Estrategia\" \/> <span class=\"name\">G\u00e9nero:<\/span><span class=\"value\">Estrategia<\/span><\/div>\n<\/div>\n<div class=\"box_features\">\n<div class=\"iconfeature\"><img decoding=\"async\" class=\"\" title=\"Idioma: Espa\u00f1ol\" src=\"https:\/\/juegosdelamesaredonda.com\/img\/caracteristicas\/14.svg\" alt=\"Idioma: Espa\u00f1ol\" \/> <span class=\"name\">Idioma:<\/span><span class=\"value\">Espa\u00f1ol<\/span><\/div>\n<\/div>\n<div class=\"box_features\">\n<div class=\"iconfeature\"><img decoding=\"async\" class=\"\" title=\"Marca: Devir\" src=\"https:\/\/juegosdelamesaredonda.com\/img\/caracteristicas\/13.svg\" alt=\"Marca: Devir\" \/> <span class=\"name\">Marca:<\/span><span class=\"value\">Devir<\/span><\/div>\n<\/div>\n","protected":false},"featured_media":5949,"comment_status":"open","ping_status":"closed","template":"","meta":{"_themeisle_gutenberg_block_has_review":false},"product_brand":[],"product_cat":[29,30],"product_tag":[627,31,410,1031],"class_list":{"0":"post-5948","1":"product","2":"type-product","3":"status-publish","4":"has-post-thumbnail","6":"product_cat-juegos-de-mesa","7":"product_cat-devir","8":"product_tag-carcassone","9":"product_tag-devir","10":"product_tag-expansiones","11":"product_tag-torresyladrones","13":"first","14":"instock","15":"shipping-taxable","16":"purchasable","17":"product-type-simple"},"_links":{"self":[{"href":"https:\/\/magicgamesbolivia.com\/index.php\/wp-json\/wp\/v2\/product\/5948","targetHints":{"allow":["GET"]}}],"collection":[{"href":"https:\/\/magicgamesbolivia.com\/index.php\/wp-json\/wp\/v2\/product"}],"about":[{"href":"https:\/\/magicgamesbolivia.com\/index.php\/wp-json\/wp\/v2\/types\/product"}],"replies":[{"embeddable":true,"href":"https:\/\/magicgamesbolivia.com\/index.php\/wp-json\/wp\/v2\/comments?post=5948"}],"version-history":[{"count":1,"href":"https:\/\/magicgamesbolivia.com\/index.php\/wp-json\/wp\/v2\/product\/5948\/revisions"}],"predecessor-version":[{"id":5950,"href":"https:\/\/magicgamesbolivia.com\/index.php\/wp-json\/wp\/v2\/product\/5948\/revisions\/5950"}],"wp:featuredmedia":[{"embeddable":true,"href":"https:\/\/magicgamesbolivia.com\/index.php\/wp-json\/wp\/v2\/media\/5949"}],"wp:attachment":[{"href":"https:\/\/magicgamesbolivia.com\/index.php\/wp-json\/wp\/v2\/media?parent=5948"}],"wp:term":[{"taxonomy":"product_brand","embeddable":true,"href":"https:\/\/magicgamesbolivia.com\/index.php\/wp-json\/wp\/v2\/product_brand?post=5948"},{"taxonomy":"product_cat","embeddable":true,"href":"https:\/\/magicgamesbolivia.com\/index.php\/wp-json\/wp\/v2\/product_cat?post=5948"},{"taxonomy":"product_tag","embeddable":true,"href":"https:\/\/magicgamesbolivia.com\/index.php\/wp-json\/wp\/v2\/product_tag?post=5948"}],"curies":[{"name":"wp","href":"https:\/\/api.w.org\/{rel}","templated":true}]}}