{"id":5941,"date":"2026-01-14T14:35:18","date_gmt":"2026-01-14T14:35:18","guid":{"rendered":"https:\/\/magicgamesbolivia.com\/?post_type=product&#038;p=5941"},"modified":"2026-01-14T14:35:44","modified_gmt":"2026-01-14T14:35:44","slug":"the-white-castle-duel","status":"publish","type":"product","link":"https:\/\/magicgamesbolivia.com\/index.php\/product\/the-white-castle-duel\/","title":{"rendered":"The White Castle: Duel"},"content":{"rendered":"<p style=\"font-weight: 500;\">The White Castle: Duel\u00a0es un\u00a0<strong style=\"font-weight: 600;\">juego de mesa<\/strong>\u00a0que presenta una versi\u00f3n en exclusiva\u00a0<strong style=\"font-weight: 600;\">para 2 jugadores<\/strong>\u00a0de este gran t\u00edtulo. Tras la llegada de\u00a0<strong style=\"font-weight: 600;\">mercaderes<\/strong>\u00a0<strong style=\"font-weight: 600;\">portugueses<\/strong>\u00a0y\u00a0<strong style=\"font-weight: 600;\">jesuitas<\/strong>, el castillo de\u00a0<strong style=\"font-weight: 600;\">Himeji<\/strong>, s\u00edmbolo del poder\u00a0<strong style=\"font-weight: 600;\">feudal<\/strong>, fue un\u00a0<strong style=\"font-weight: 600;\">enclave<\/strong>\u00a0<strong style=\"font-weight: 600;\">estrat\u00e9gico<\/strong>\u00a0donde llegaron\u00a0<strong style=\"font-weight: 600;\">bienes<\/strong>\u00a0<strong style=\"font-weight: 600;\">ex\u00f3ticos<\/strong>\u00a0que pronto alteraron los\u00a0<strong style=\"font-weight: 600;\">equilibrios<\/strong>\u00a0de\u00a0<strong style=\"font-weight: 600;\">poder<\/strong>. \u00bfQui\u00e9n ejercer\u00e1 la mayor\u00a0<strong style=\"font-weight: 600;\">influencia<\/strong>\u00a0en la\u00a0<strong style=\"font-weight: 600;\">corte<\/strong>?<\/p>\n<p style=\"font-weight: 500;\">\n<p style=\"font-weight: 500;\">Obra de\u00a0<strong style=\"font-weight: 600;\">Sheila<\/strong>\u00a0<strong style=\"font-weight: 600;\">Santos<\/strong>\u00a0e\u00a0<strong style=\"font-weight: 600;\">Israel<\/strong>\u00a0<strong style=\"font-weight: 600;\">Cendrero<\/strong>, el d\u00fao conocido como\u00a0<strong style=\"font-weight: 600;\">Llama<\/strong>\u00a0<strong style=\"font-weight: 600;\">Dice<\/strong>, e ilustrado por\u00a0<strong style=\"font-weight: 600;\">Joan<\/strong>\u00a0<strong style=\"font-weight: 600;\">Guardiet<\/strong>, esta\u00a0<strong style=\"font-weight: 600;\">edici\u00f3n<\/strong>\u00a0completamente\u00a0<strong style=\"font-weight: 600;\">independiente<\/strong>\u00a0de\u00a0<strong style=\"font-weight: 600;\">The White Castle<\/strong>\u00a0est\u00e1 espec\u00edficamente dise\u00f1ada para\u00a0<strong style=\"font-weight: 600;\">dos<\/strong>\u00a0<strong style=\"font-weight: 600;\">jugadores<\/strong>\u00a0y tiene\u00a0<strong style=\"font-weight: 600;\">mec\u00e1nicas<\/strong>\u00a0<strong style=\"font-weight: 600;\">distintas<\/strong>\u00a0de su predecesor. Aunque ambos juegos comparten\u00a0<strong style=\"font-weight: 600;\">ambientaci\u00f3n<\/strong>\u00a0<strong style=\"font-weight: 600;\">tem\u00e1tica<\/strong>\u00a0y algunas referencias, que resultar\u00e1n familiares a los que conozcan\u00a0<strong style=\"font-weight: 600;\">The White Castle<\/strong>, este juego plantea un\u00a0<strong style=\"font-weight: 600;\">nuevo<\/strong>\u00a0<strong style=\"font-weight: 600;\">reto<\/strong>\u00a0a los que se enfrenten a \u00e9l.<\/p>\n<p style=\"font-weight: 500;\">En\u00a0<strong style=\"font-weight: 600;\">The White Castle: Duel<\/strong>\u00a0no hay dados ni puentes. Los jugadores tienen\u00a0<strong style=\"font-weight: 600;\">seis<\/strong>\u00a0<strong style=\"font-weight: 600;\">cilindros<\/strong>\u00a0de\u00a0<strong style=\"font-weight: 600;\">l\u00e1mpara<\/strong>\u00a0que usar\u00e1n para\u00a0<strong style=\"font-weight: 600;\">seleccionar<\/strong>\u00a0las\u00a0<strong style=\"font-weight: 600;\">acciones<\/strong>\u00a0que quieran llevar a cabo y a la vez activar los\u00a0<strong style=\"font-weight: 600;\">efectos<\/strong>\u00a0de sus\u00a0<strong style=\"font-weight: 600;\">cartas<\/strong>\u00a0de l\u00e1mpara. Entre las\u00a0<strong style=\"font-weight: 600;\">acciones<\/strong>\u00a0disponibles, los jugadores podr\u00e1n\u00a0<strong style=\"font-weight: 600;\">usar<\/strong>\u00a0<strong style=\"font-weight: 600;\">recursos<\/strong>\u00a0para colocar sus\u00a0<strong style=\"font-weight: 600;\">sellos<\/strong>\u00a0del\u00a0<strong style=\"font-weight: 600;\">clan<\/strong>\u00a0en lugares estrat\u00e9gicos del tablero, conseguir\u00a0<strong style=\"font-weight: 600;\">cartas<\/strong>\u00a0de\u00a0<strong style=\"font-weight: 600;\">influencia<\/strong>\u00a0y valiosas\u00a0<strong style=\"font-weight: 600;\">fichas de mercanc\u00edas<\/strong>, que ofrecer\u00e1n\u00a0<strong style=\"font-weight: 600;\">puntos<\/strong>\u00a0en funci\u00f3n de diferentes criterios.<\/p>\n<p style=\"font-weight: 500;\">Emulando la sutileza de las\u00a0<strong style=\"font-weight: 600;\">intrigas<\/strong>\u00a0de la\u00a0<strong style=\"font-weight: 600;\">corte<\/strong>\u00a0<strong style=\"font-weight: 600;\">japonesa<\/strong>, en este juego todo puede dar un vuelco con una peque\u00f1a acci\u00f3n, pues los jugadores pueden usar una\u00a0<strong style=\"font-weight: 600;\">ficha<\/strong>\u00a0<strong style=\"font-weight: 600;\">especial<\/strong>\u00a0para\u00a0<strong style=\"font-weight: 600;\">cambiar<\/strong>\u00a0de\u00a0<strong style=\"font-weight: 600;\">lugar<\/strong>\u00a0las\u00a0<strong style=\"font-weight: 600;\">acciones<\/strong>\u00a0del tablero. Con un marcado car\u00e1cter\u00a0<strong style=\"font-weight: 600;\">estrat\u00e9gico<\/strong>,\u00a0<strong style=\"font-weight: 600;\">The White Castle: Duel<\/strong>\u00a0se nutre de lo mejor de\u00a0<strong style=\"font-weight: 600;\">The White Castle<\/strong>\u00a0y lo eleva a una nueva\u00a0<strong style=\"font-weight: 600;\">experiencia<\/strong>\u00a0<strong style=\"font-weight: 600;\">exclusiva<\/strong>\u00a0para\u00a0<strong style=\"font-weight: 600;\">dos<\/strong>\u00a0<strong style=\"font-weight: 600;\">jugadores<\/strong>, campo en el que son especialistas los autores. \u00bfPreparados para\u00a0<strong style=\"font-weight: 600;\">volver<\/strong>\u00a0al\u00a0<strong style=\"font-weight: 600;\">castillo<\/strong>\u00a0<strong style=\"font-weight: 600;\">blanco<\/strong>\u00a0y reclamar vuestro lugar junto al\u00a0<strong style=\"font-weight: 600;\">Daimio<\/strong>?<\/p>\n","protected":false},"excerpt":{"rendered":"<p><b>The White Castle: Duel<\/b>\u00a0es un\u00a0<b>juego de mesa<\/b>\u00a0que presenta una versi\u00f3n en exclusiva\u00a0<b>para 2 jugadores<\/b>\u00a0de este gran t\u00edtulo. Tras la llegada de\u00a0<b>mercaderes<\/b>\u00a0<b>portugueses<\/b>\u00a0y\u00a0<b>jesuitas<\/b>, el castillo de\u00a0<b>Himeji<\/b>, s\u00edmbolo del poder\u00a0<b>feudal<\/b>, fue un\u00a0<b>enclave<\/b>\u00a0<b>estrat\u00e9gico<\/b>\u00a0donde llegaron\u00a0<b>bienes<\/b>\u00a0<b>ex\u00f3ticos<\/b>\u00a0que pronto alteraron los\u00a0<b>equilibrios<\/b>\u00a0de\u00a0<b>poder<\/b>. \u00bfQui\u00e9n ejercer\u00e1 la mayor\u00a0<b>influencia<\/b>\u00a0en la\u00a0<b>corte<\/b>?<\/p>\n<div class=\"box_features\">\n<div class=\"iconfeature\"><img decoding=\"async\" class=\"\" title=\"N\u00famero de jugadores: Para 2 jugadores\" src=\"https:\/\/juegosdelamesaredonda.com\/img\/caracteristicas\/9.svg\" alt=\"N\u00famero de jugadores: Para 2 jugadores\" \/> <span class=\"name\">N\u00famero de jugadores:<\/span><span class=\"value\">Para 2 jugadores<\/span><\/div>\n<\/div>\n<div class=\"box_features\">\n<div class=\"iconfeature\"><img decoding=\"async\" class=\"\" title=\"Duraci\u00f3n aproximada del juego: 30 minutos\" src=\"https:\/\/juegosdelamesaredonda.com\/img\/caracteristicas\/7.svg\" alt=\"Duraci\u00f3n aproximada del juego: 30 minutos\" \/> <span class=\"name\">Duraci\u00f3n aproximada:<\/span><span class=\"value\">30 minutos<\/span><\/div>\n<\/div>\n<div class=\"box_features\">\n<div class=\"iconfeature\"><img decoding=\"async\" class=\"\" title=\"Edad m\u00ednima recomendada: 10 a\u00f1os\" src=\"https:\/\/juegosdelamesaredonda.com\/img\/caracteristicas\/10.svg\" alt=\"Edad m\u00ednima recomendada: 10 a\u00f1os\" \/> <span class=\"name\">Edad m\u00ednima:<\/span><span class=\"value\">10 a\u00f1os<\/span><\/div>\n<\/div>\n<div class=\"box_features\">\n<div class=\"iconfeature\"><img decoding=\"async\" class=\"\" title=\"Tipo: Juego de tablero\" src=\"https:\/\/juegosdelamesaredonda.com\/img\/caracteristicas\/11.svg\" alt=\"Tipo: Juego de tablero\" \/> <span class=\"name\">Tipo:<\/span><span class=\"value\">Juego de tablero<\/span><\/div>\n<\/div>\n<div class=\"box_features\">\n<div class=\"iconfeature\"><img decoding=\"async\" class=\"\" title=\"G\u00e9nero: Estrategia\" src=\"https:\/\/juegosdelamesaredonda.com\/img\/caracteristicas\/12.svg\" alt=\"G\u00e9nero: Estrategia\" \/> <span class=\"name\">G\u00e9nero:<\/span><span class=\"value\">Estrategia<\/span><\/div>\n<\/div>\n<div class=\"box_features\">\n<div class=\"iconfeature\"><img decoding=\"async\" class=\"\" title=\"Idioma: Espa\u00f1ol\" src=\"https:\/\/juegosdelamesaredonda.com\/img\/caracteristicas\/14.svg\" alt=\"Idioma: Espa\u00f1ol\" \/> <span class=\"name\">Idioma:<\/span><span class=\"value\">Espa\u00f1ol<\/span><\/div>\n<\/div>\n<div class=\"box_features\">\n<div class=\"iconfeature\"><img decoding=\"async\" class=\"\" title=\"Marca: Devir\" src=\"https:\/\/juegosdelamesaredonda.com\/img\/caracteristicas\/13.svg\" alt=\"Marca: Devir\" \/> <span class=\"name\">Marca:<\/span><span class=\"value\">Devir<\/span><\/div>\n<\/div>\n","protected":false},"featured_media":5942,"comment_status":"open","ping_status":"closed","template":"","meta":{"_themeisle_gutenberg_block_has_review":false},"product_brand":[],"product_cat":[29,30],"product_tag":[31,644,1030,919,844],"class_list":{"0":"post-5941","1":"product","2":"type-product","3":"status-publish","4":"has-post-thumbnail","6":"product_cat-juegos-de-mesa","7":"product_cat-devir","8":"product_tag-devir","9":"product_tag-duel","10":"product_tag-japones","11":"product_tag-versus","12":"product_tag-whitecastle","14":"first","15":"instock","16":"shipping-taxable","17":"purchasable","18":"product-type-simple"},"_links":{"self":[{"href":"https:\/\/magicgamesbolivia.com\/index.php\/wp-json\/wp\/v2\/product\/5941","targetHints":{"allow":["GET"]}}],"collection":[{"href":"https:\/\/magicgamesbolivia.com\/index.php\/wp-json\/wp\/v2\/product"}],"about":[{"href":"https:\/\/magicgamesbolivia.com\/index.php\/wp-json\/wp\/v2\/types\/product"}],"replies":[{"embeddable":true,"href":"https:\/\/magicgamesbolivia.com\/index.php\/wp-json\/wp\/v2\/comments?post=5941"}],"version-history":[{"count":1,"href":"https:\/\/magicgamesbolivia.com\/index.php\/wp-json\/wp\/v2\/product\/5941\/revisions"}],"predecessor-version":[{"id":5943,"href":"https:\/\/magicgamesbolivia.com\/index.php\/wp-json\/wp\/v2\/product\/5941\/revisions\/5943"}],"wp:featuredmedia":[{"embeddable":true,"href":"https:\/\/magicgamesbolivia.com\/index.php\/wp-json\/wp\/v2\/media\/5942"}],"wp:attachment":[{"href":"https:\/\/magicgamesbolivia.com\/index.php\/wp-json\/wp\/v2\/media?parent=5941"}],"wp:term":[{"taxonomy":"product_brand","embeddable":true,"href":"https:\/\/magicgamesbolivia.com\/index.php\/wp-json\/wp\/v2\/product_brand?post=5941"},{"taxonomy":"product_cat","embeddable":true,"href":"https:\/\/magicgamesbolivia.com\/index.php\/wp-json\/wp\/v2\/product_cat?post=5941"},{"taxonomy":"product_tag","embeddable":true,"href":"https:\/\/magicgamesbolivia.com\/index.php\/wp-json\/wp\/v2\/product_tag?post=5941"}],"curies":[{"name":"wp","href":"https:\/\/api.w.org\/{rel}","templated":true}]}}