{"id":5918,"date":"2026-01-10T23:04:14","date_gmt":"2026-01-10T23:04:14","guid":{"rendered":"https:\/\/magicgamesbolivia.com\/?post_type=product&#038;p=5918"},"modified":"2026-01-10T23:07:55","modified_gmt":"2026-01-10T23:07:55","slug":"marvel-champions-agentes-de-shield","status":"publish","type":"product","link":"https:\/\/magicgamesbolivia.com\/index.php\/product\/marvel-champions-agentes-de-shield\/","title":{"rendered":"Marvel Champions: Agentes de SHIELD"},"content":{"rendered":"<p style=\"font-weight: 500;\"><strong style=\"font-weight: 600;\">Marvel Champions: Agentes de SHIELD<\/strong>\u00a0es una\u00a0<strong style=\"font-weight: 600;\">expansi\u00f3n<\/strong>\u00a0para el\u00a0<strong style=\"font-weight: 600;\">juego de cartas Marvel Champions<\/strong>\u00a0con la que podr\u00e1s disfrutar de la\u00a0<strong style=\"font-weight: 600;\">octava<\/strong>\u00a0<strong style=\"font-weight: 600;\">campa\u00f1a<\/strong>. Ayuda a\u00a0<strong style=\"font-weight: 600;\">S.H.I.E.L.D.<\/strong>\u00a0en su lucha contra las fuerzas que intentan\u00a0<strong style=\"font-weight: 600;\">manipular<\/strong>\u00a0el\u00a0<strong style=\"font-weight: 600;\">mundo<\/strong>\u00a0desde las\u00a0<strong style=\"font-weight: 600;\">sombras<\/strong>, incluido un\u00a0<strong style=\"font-weight: 600;\">traidor<\/strong>\u00a0dentro de la\u00a0<strong style=\"font-weight: 600;\">agencia<\/strong>.\u00a0<strong style=\"font-weight: 600;\">Cinco<\/strong>\u00a0nuevos\u00a0<strong style=\"font-weight: 600;\">escenarios<\/strong>\u00a0y los nuevos\u00a0<strong style=\"font-weight: 600;\">h\u00e9roes<\/strong>\u00a0<strong style=\"font-weight: 600;\">Maria<\/strong>\u00a0<strong style=\"font-weight: 600;\">Hill<\/strong>\u00a0y\u00a0<strong style=\"font-weight: 600;\">Nick<\/strong>\u00a0<strong style=\"font-weight: 600;\">Fury<\/strong>, ambos con mazos\u00a0<strong style=\"font-weight: 600;\">listos<\/strong>\u00a0para\u00a0<strong style=\"font-weight: 600;\">jugar<\/strong>.<\/p>\n<p style=\"font-weight: 500;\">\n<p style=\"font-weight: 500;\">Hay\u00a0<strong style=\"font-weight: 600;\">h\u00e9roes<\/strong>\u00a0de todas las formas y tama\u00f1os. Algunos pueden\u00a0<strong style=\"font-weight: 600;\">volar<\/strong>, otros\u00a0<strong style=\"font-weight: 600;\">disparar<\/strong>\u00a0<strong style=\"font-weight: 600;\">energ\u00eda<\/strong>\u00a0con las manos y otros son muy, muy\u00a0<strong style=\"font-weight: 600;\">fuertes<\/strong>. Pero hay algunos h\u00e9roes que no llevan capa, h\u00e9roes que permanecen\u00a0<strong style=\"font-weight: 600;\">fuera<\/strong>\u00a0de los\u00a0<strong style=\"font-weight: 600;\">focos<\/strong>, trabajando incansablemente entre bastidores para mantener el mundo a salvo de\u00a0<strong style=\"font-weight: 600;\">amenazas<\/strong>\u00a0<strong style=\"font-weight: 600;\">encubiertas<\/strong>. Estos son los agentes de\u00a0<strong style=\"font-weight: 600;\">S.H.I.E.L.D.<\/strong><\/p>\n<p style=\"font-weight: 500;\">Esta caja de\u00a0<strong style=\"font-weight: 600;\">expansi\u00f3n<\/strong>\u00a0contiene 273 cartas para\u00a0<strong style=\"font-weight: 600;\">Marvel Champions: El juego de cartas<\/strong>\u00a0que se centran en los\u00a0<strong style=\"font-weight: 600;\">miembros<\/strong>\u00a0de\u00a0<strong style=\"font-weight: 600;\">S.H.I.E.L.D.<\/strong>, una\u00a0<strong style=\"font-weight: 600;\">agencia<\/strong>\u00a0de\u00a0<strong style=\"font-weight: 600;\">espionaje<\/strong>\u00a0<strong style=\"font-weight: 600;\">transnacional<\/strong>\u00a0que vela por la\u00a0<strong style=\"font-weight: 600;\">seguridad<\/strong>\u00a0del\u00a0<strong style=\"font-weight: 600;\">mundo<\/strong>\u00a0entero. \u00a1Pero esta vez el\u00a0<strong style=\"font-weight: 600;\">enemigo<\/strong>\u00a0se\u00a0<strong style=\"font-weight: 600;\">oculta<\/strong>\u00a0entre sus\u00a0<strong style=\"font-weight: 600;\">filas<\/strong>! Uno de los\u00a0<strong style=\"font-weight: 600;\">directivos<\/strong>\u00a0de la organizaci\u00f3n ha estado colaborando en secreto con los cient\u00edficos locos de\u00a0<strong style=\"font-weight: 600;\">I.M.A<\/strong>., y los h\u00e9roes son los \u00fanicos que pueden\u00a0<strong style=\"font-weight: 600;\">desenmascararlo<\/strong>.<\/p>\n<p style=\"font-weight: 500;\"><strong style=\"font-weight: 600;\">Agentes de S.H.I.E.L.D.<\/strong>\u00a0presenta\u00a0<strong style=\"font-weight: 600;\">cinco<\/strong>\u00a0<strong style=\"font-weight: 600;\">escenarios<\/strong>\u00a0nuevos (protagonizados por La\u00a0<strong style=\"font-weight: 600;\">Viuda<\/strong>\u00a0<strong style=\"font-weight: 600;\">Negra<\/strong>,\u00a0<strong style=\"font-weight: 600;\">Batroc<\/strong>,\u00a0<strong style=\"font-weight: 600;\">M.O.D.O.K<\/strong>\u00a0y los\u00a0<strong style=\"font-weight: 600;\">Thunderbolts<\/strong>)\u00a0<strong style=\"font-weight: 600;\">conectados<\/strong>\u00a0entre s\u00ed en el que no s\u00f3lo tendr\u00e9is que llevar a los\u00a0<strong style=\"font-weight: 600;\">villanos<\/strong>\u00a0ante la\u00a0<strong style=\"font-weight: 600;\">justicia<\/strong>, sino tambi\u00e9n buscar pruebas que os permitan identificar al\u00a0<strong style=\"font-weight: 600;\">traidor<\/strong>. \u00bfConseguir\u00e9is\u00a0<strong style=\"font-weight: 600;\">averiguar<\/strong>\u00a0su\u00a0<strong style=\"font-weight: 600;\">identidad<\/strong>\u00a0antes de que sea demasiado\u00a0<strong style=\"font-weight: 600;\">tarde<\/strong>?<\/p>\n","protected":false},"excerpt":{"rendered":"<p><b>Marvel Champions: Agentes de SHIELD<\/b>\u00a0es una\u00a0<b>expansi\u00f3n<\/b>\u00a0para el\u00a0<b>juego de cartas Marvel Champions<\/b>\u00a0con la que podr\u00e1s disfrutar de la\u00a0<b>octava<\/b>\u00a0<b>campa\u00f1a<\/b>. Ayuda a\u00a0<b>S.H.I.E.L.D.<\/b>\u00a0en su lucha contra las fuerzas que intentan\u00a0<b>manipular<\/b>\u00a0el\u00a0<b>mundo<\/b>\u00a0desde las\u00a0<b>sombras<\/b>, incluido un\u00a0<b>traidor<\/b>\u00a0dentro de la\u00a0<b>agencia<\/b>.\u00a0<b>Cinco<\/b>\u00a0nuevos\u00a0<b>escenarios<\/b>\u00a0y los nuevos\u00a0<b>h\u00e9roes<\/b>\u00a0<b>Maria<\/b>\u00a0<b>Hill<\/b>\u00a0y\u00a0<b>Nick<\/b>\u00a0<b>Fury<\/b>, ambos con mazos\u00a0<b>listos<\/b>\u00a0para\u00a0<b>jugar<\/b>.<\/p>\n<div class=\"box_features\">\n<div class=\"iconfeature\"><img decoding=\"async\" class=\"\" title=\"N\u00famero de jugadores: De 1 a 4 jugadores\" src=\"https:\/\/juegosdelamesaredonda.com\/img\/caracteristicas\/9.svg\" alt=\"N\u00famero de jugadores: De 1 a 4 jugadores\" \/> <span class=\"name\">N\u00famero de jugadores:<\/span><span class=\"value\">De 1 a 4 jugadores<\/span><\/div>\n<\/div>\n<div class=\"box_features\">\n<div class=\"iconfeature\"><img decoding=\"async\" class=\"\" title=\"Duraci\u00f3n aproximada del juego: 60 minutos\" src=\"https:\/\/juegosdelamesaredonda.com\/img\/caracteristicas\/7.svg\" alt=\"Duraci\u00f3n aproximada del juego: 60 minutos\" \/> <span class=\"name\">Duraci\u00f3n aproximada:<\/span><span class=\"value\">60 minutos<\/span><\/div>\n<\/div>\n<div class=\"box_features\">\n<div class=\"iconfeature\"><img decoding=\"async\" class=\"\" title=\"Edad m\u00ednima recomendada: 14 a\u00f1os\" src=\"https:\/\/juegosdelamesaredonda.com\/img\/caracteristicas\/10.svg\" alt=\"Edad m\u00ednima recomendada: 14 a\u00f1os\" \/> <span class=\"name\">Edad m\u00ednima:<\/span><span class=\"value\">14 a\u00f1os<\/span><\/div>\n<\/div>\n<div class=\"box_features\">\n<div class=\"iconfeature\"><img decoding=\"async\" class=\"\" title=\"Tipo: Expansiones de Juegos\" src=\"https:\/\/juegosdelamesaredonda.com\/img\/caracteristicas\/11.svg\" alt=\"Tipo: Expansiones de Juegos\" \/> <span class=\"name\">Tipo:<\/span><span class=\"value\">Expansiones de Juegos<\/span><\/div>\n<\/div>\n<div class=\"box_features\">\n<div class=\"iconfeature\"><img decoding=\"async\" class=\"\" title=\"G\u00e9nero: Estrategia\" src=\"https:\/\/juegosdelamesaredonda.com\/img\/caracteristicas\/12.svg\" alt=\"G\u00e9nero: Estrategia\" \/> <span class=\"name\">G\u00e9nero:<\/span><span class=\"value\">Estrategia<\/span><\/div>\n<\/div>\n<div class=\"box_features\">\n<div class=\"iconfeature\"><img decoding=\"async\" class=\"\" title=\"Idioma: Espa\u00f1ol\" src=\"https:\/\/juegosdelamesaredonda.com\/img\/caracteristicas\/14.svg\" alt=\"Idioma: Espa\u00f1ol\" \/> <span class=\"name\">Idioma:<\/span><span class=\"value\">Espa\u00f1ol<\/span><\/div>\n<\/div>\n<div class=\"box_features\">\n<div class=\"iconfeature\"><img decoding=\"async\" class=\"\" title=\"Marca: Asmodee\" src=\"https:\/\/juegosdelamesaredonda.com\/img\/caracteristicas\/13.svg\" alt=\"Marca: Asmodee\" \/> <span class=\"name\">Marca:<\/span><span class=\"value\">Asmodee<\/span><\/div>\n<\/div>\n","protected":false},"featured_media":5920,"comment_status":"open","ping_status":"closed","template":"","meta":{"_themeisle_gutenberg_block_has_review":false},"product_brand":[],"product_cat":[352,29],"product_tag":[288,696,1027],"class_list":{"0":"post-5918","1":"product","2":"type-product","3":"status-publish","4":"has-post-thumbnail","6":"product_cat-asmodee","7":"product_cat-juegos-de-mesa","8":"product_tag-expansion","9":"product_tag-marvelchampions","10":"product_tag-shield","12":"first","13":"instock","14":"shipping-taxable","15":"purchasable","16":"product-type-simple"},"_links":{"self":[{"href":"https:\/\/magicgamesbolivia.com\/index.php\/wp-json\/wp\/v2\/product\/5918","targetHints":{"allow":["GET"]}}],"collection":[{"href":"https:\/\/magicgamesbolivia.com\/index.php\/wp-json\/wp\/v2\/product"}],"about":[{"href":"https:\/\/magicgamesbolivia.com\/index.php\/wp-json\/wp\/v2\/types\/product"}],"replies":[{"embeddable":true,"href":"https:\/\/magicgamesbolivia.com\/index.php\/wp-json\/wp\/v2\/comments?post=5918"}],"version-history":[{"count":1,"href":"https:\/\/magicgamesbolivia.com\/index.php\/wp-json\/wp\/v2\/product\/5918\/revisions"}],"predecessor-version":[{"id":5921,"href":"https:\/\/magicgamesbolivia.com\/index.php\/wp-json\/wp\/v2\/product\/5918\/revisions\/5921"}],"wp:featuredmedia":[{"embeddable":true,"href":"https:\/\/magicgamesbolivia.com\/index.php\/wp-json\/wp\/v2\/media\/5920"}],"wp:attachment":[{"href":"https:\/\/magicgamesbolivia.com\/index.php\/wp-json\/wp\/v2\/media?parent=5918"}],"wp:term":[{"taxonomy":"product_brand","embeddable":true,"href":"https:\/\/magicgamesbolivia.com\/index.php\/wp-json\/wp\/v2\/product_brand?post=5918"},{"taxonomy":"product_cat","embeddable":true,"href":"https:\/\/magicgamesbolivia.com\/index.php\/wp-json\/wp\/v2\/product_cat?post=5918"},{"taxonomy":"product_tag","embeddable":true,"href":"https:\/\/magicgamesbolivia.com\/index.php\/wp-json\/wp\/v2\/product_tag?post=5918"}],"curies":[{"name":"wp","href":"https:\/\/api.w.org\/{rel}","templated":true}]}}