{"id":5915,"date":"2026-01-10T21:23:50","date_gmt":"2026-01-10T21:23:50","guid":{"rendered":"https:\/\/magicgamesbolivia.com\/?post_type=product&#038;p=5915"},"modified":"2026-01-10T21:26:13","modified_gmt":"2026-01-10T21:26:13","slug":"marvel-champions-magneto","status":"publish","type":"product","link":"https:\/\/magicgamesbolivia.com\/index.php\/product\/marvel-champions-magneto\/","title":{"rendered":"Marvel Champions: Magneto"},"content":{"rendered":"<p style=\"font-weight: 500;\"><strong style=\"font-weight: 600;\">Marvel Champions: Magneto<\/strong>\u00a0es una\u00a0<strong style=\"font-weight: 600;\">expansi\u00f3n<\/strong>\u00a0para el\u00a0<strong style=\"font-weight: 600;\">juego de cartas Marvel Champions<\/strong>\u00a0con el que podr\u00e1s a\u00f1adir a tus partidas a uno de los personajes m\u00e1s\u00a0<strong style=\"font-weight: 600;\">carism\u00e1ticos<\/strong>\u00a0y\u00a0<strong style=\"font-weight: 600;\">poderosos<\/strong>\u00a0de toda la saga mutante: el mism\u00edsimo\u00a0<strong style=\"font-weight: 600;\">Erik<\/strong>\u00a0<strong style=\"font-weight: 600;\">Lehnsherr<\/strong>, m\u00e1s conocido como\u00a0<strong style=\"font-weight: 600;\">Magneto<\/strong>, l\u00edder de la\u00a0<strong style=\"font-weight: 600;\">Hermandad<\/strong>\u00a0<strong style=\"font-weight: 600;\">Mutante<\/strong>.<\/p>\n<p style=\"font-weight: 500;\">\n<p style=\"font-weight: 500;\"><strong style=\"font-weight: 600;\">Erik Lehnsherr<\/strong>\u00a0renunci\u00f3 a su infame pasado como el\u00a0<strong style=\"font-weight: 600;\">peor<\/strong>\u00a0<strong style=\"font-weight: 600;\">enemigo<\/strong>\u00a0de la\u00a0<strong style=\"font-weight: 600;\">Patrulla-X<\/strong>\u00a0para perseguir el sue\u00f1o de su amigo\u00a0<strong style=\"font-weight: 600;\">Xavier<\/strong>\u00a0de alcanzar una\u00a0<strong style=\"font-weight: 600;\">coexistencia<\/strong>\u00a0<strong style=\"font-weight: 600;\">pac\u00edfica<\/strong>\u00a0entre\u00a0<strong style=\"font-weight: 600;\">humanos<\/strong>\u00a0y\u00a0<strong style=\"font-weight: 600;\">mutantes<\/strong>. \u00a1Ahora\u00a0<strong style=\"font-weight: 600;\">lucha<\/strong>\u00a0del\u00a0<strong style=\"font-weight: 600;\">lado<\/strong>\u00a0de los\u00a0<strong style=\"font-weight: 600;\">h\u00e9roes<\/strong>\u00a0como el poderoso\u00a0<strong style=\"font-weight: 600;\">Magneto<\/strong>!<\/p>\n<p style=\"font-weight: 500;\">Abre el pack y comienza a jugar con su\u00a0<strong style=\"font-weight: 600;\">mazo<\/strong>\u00a0<strong style=\"font-weight: 600;\">pregenerado<\/strong>\u00a0o enfr\u00e9ntate al conjunto de\u00a0<strong style=\"font-weight: 600;\">archienemigo<\/strong>\u00a0protagonizado por\u00a0<strong style=\"font-weight: 600;\">\u00c9xodo<\/strong>.<\/p>\n","protected":false},"excerpt":{"rendered":"<p><em><b>Marvel Champions: Magneto<\/b>\u00a0es una\u00a0<b>expansi\u00f3n<\/b>\u00a0para el\u00a0<b>juego de cartas Marvel Champions<\/b>\u00a0con el que podr\u00e1s a\u00f1adir a tus partidas a uno de los personajes m\u00e1s\u00a0<b>carism\u00e1ticos<\/b>\u00a0y\u00a0<b>poderosos<\/b>\u00a0de toda la saga mutante: el mism\u00edsimo\u00a0<b>Erik<\/b>\u00a0<b>Lehnsherr<\/b>, m\u00e1s conocido como\u00a0<b>Magneto<\/b>, l\u00edder de la\u00a0<b>Hermandad<\/b>\u00a0<b>Mutante<\/b>.<\/em><\/p>\n<div class=\"box_features\">\n<div class=\"iconfeature\"><img decoding=\"async\" class=\"\" title=\"N\u00famero de jugadores: De 1 a 4 jugadores\" src=\"https:\/\/juegosdelamesaredonda.com\/img\/caracteristicas\/9.svg\" alt=\"N\u00famero de jugadores: De 1 a 4 jugadores\" \/> <span class=\"name\">N\u00famero de jugadores:<\/span><span class=\"value\">De 1 a 4 jugadores<\/span><\/div>\n<\/div>\n<div class=\"box_features\">\n<div class=\"iconfeature\"><img decoding=\"async\" class=\"\" title=\"Duraci\u00f3n aproximada del juego: 60 minutos\" src=\"https:\/\/juegosdelamesaredonda.com\/img\/caracteristicas\/7.svg\" alt=\"Duraci\u00f3n aproximada del juego: 60 minutos\" \/> <span class=\"name\">Duraci\u00f3n aproximada:<\/span><span class=\"value\">60 minutos<\/span><\/div>\n<\/div>\n<div class=\"box_features\">\n<div class=\"iconfeature\"><img decoding=\"async\" class=\"\" title=\"Edad m\u00ednima recomendada: 14 a\u00f1os\" src=\"https:\/\/juegosdelamesaredonda.com\/img\/caracteristicas\/10.svg\" alt=\"Edad m\u00ednima recomendada: 14 a\u00f1os\" \/> <span class=\"name\">Edad m\u00ednima:<\/span><span class=\"value\">14 a\u00f1os<\/span><\/div>\n<\/div>\n<div class=\"box_features\">\n<div class=\"iconfeature\"><img decoding=\"async\" class=\"\" title=\"Tipo: Expansiones de Juegos\" src=\"https:\/\/juegosdelamesaredonda.com\/img\/caracteristicas\/11.svg\" alt=\"Tipo: Expansiones de Juegos\" \/> <span class=\"name\">Tipo:<\/span><span class=\"value\">Expansiones de Juegos<\/span><\/div>\n<\/div>\n<div class=\"box_features\">\n<div class=\"iconfeature\"><img decoding=\"async\" class=\"\" title=\"G\u00e9nero: Cooperativo\" src=\"https:\/\/juegosdelamesaredonda.com\/img\/caracteristicas\/12.svg\" alt=\"G\u00e9nero: Cooperativo\" \/> <span class=\"name\">G\u00e9nero:<\/span><span class=\"value\">Cooperativo<\/span><\/div>\n<\/div>\n<div class=\"box_features\">\n<div class=\"iconfeature\"><img decoding=\"async\" class=\"\" title=\"Idioma: Espa\u00f1ol\" src=\"https:\/\/juegosdelamesaredonda.com\/img\/caracteristicas\/14.svg\" alt=\"Idioma: Espa\u00f1ol\" \/> <span class=\"name\">Idioma:<\/span><span class=\"value\">Espa\u00f1ol<\/span><\/div>\n<\/div>\n<div class=\"box_features\">\n<div class=\"iconfeature\"><img decoding=\"async\" class=\"\" title=\"Marca: Asmodee\" src=\"https:\/\/juegosdelamesaredonda.com\/img\/caracteristicas\/13.svg\" alt=\"Marca: Asmodee\" \/> <span class=\"name\">Marca:<\/span><span class=\"value\">Asmodee<\/span><\/div>\n<\/div>\n","protected":false},"featured_media":5916,"comment_status":"open","ping_status":"closed","template":"","meta":{"_themeisle_gutenberg_block_has_review":false},"product_brand":[],"product_cat":[352,29],"product_tag":[218,1026,696],"class_list":{"0":"post-5915","1":"product","2":"type-product","3":"status-publish","4":"has-post-thumbnail","6":"product_cat-asmodee","7":"product_cat-juegos-de-mesa","8":"product_tag-juegodemesa","9":"product_tag-magneto","10":"product_tag-marvelchampions","12":"first","13":"instock","14":"shipping-taxable","15":"purchasable","16":"product-type-simple"},"_links":{"self":[{"href":"https:\/\/magicgamesbolivia.com\/index.php\/wp-json\/wp\/v2\/product\/5915","targetHints":{"allow":["GET"]}}],"collection":[{"href":"https:\/\/magicgamesbolivia.com\/index.php\/wp-json\/wp\/v2\/product"}],"about":[{"href":"https:\/\/magicgamesbolivia.com\/index.php\/wp-json\/wp\/v2\/types\/product"}],"replies":[{"embeddable":true,"href":"https:\/\/magicgamesbolivia.com\/index.php\/wp-json\/wp\/v2\/comments?post=5915"}],"version-history":[{"count":1,"href":"https:\/\/magicgamesbolivia.com\/index.php\/wp-json\/wp\/v2\/product\/5915\/revisions"}],"predecessor-version":[{"id":5917,"href":"https:\/\/magicgamesbolivia.com\/index.php\/wp-json\/wp\/v2\/product\/5915\/revisions\/5917"}],"wp:featuredmedia":[{"embeddable":true,"href":"https:\/\/magicgamesbolivia.com\/index.php\/wp-json\/wp\/v2\/media\/5916"}],"wp:attachment":[{"href":"https:\/\/magicgamesbolivia.com\/index.php\/wp-json\/wp\/v2\/media?parent=5915"}],"wp:term":[{"taxonomy":"product_brand","embeddable":true,"href":"https:\/\/magicgamesbolivia.com\/index.php\/wp-json\/wp\/v2\/product_brand?post=5915"},{"taxonomy":"product_cat","embeddable":true,"href":"https:\/\/magicgamesbolivia.com\/index.php\/wp-json\/wp\/v2\/product_cat?post=5915"},{"taxonomy":"product_tag","embeddable":true,"href":"https:\/\/magicgamesbolivia.com\/index.php\/wp-json\/wp\/v2\/product_tag?post=5915"}],"curies":[{"name":"wp","href":"https:\/\/api.w.org\/{rel}","templated":true}]}}