{"id":5859,"date":"2025-11-24T11:35:51","date_gmt":"2025-11-24T11:35:51","guid":{"rendered":"https:\/\/magicgamesbolivia.com\/?post_type=product&#038;p=5859"},"modified":"2026-03-24T14:59:28","modified_gmt":"2026-03-24T14:59:28","slug":"mal-trago","status":"publish","type":"product","link":"https:\/\/magicgamesbolivia.com\/index.php\/product\/mal-trago\/","title":{"rendered":"Mal Trago"},"content":{"rendered":"<p><em>\u00abLa bruja necesita conejillos de indias para probar sus nuevas pociones y nosotros, sus leales esbirros goblins, hemos sido designados como voluntarios forzosos para esta ocasi\u00f3n. No es tan terrible como parece; vale, puede que algunas de esas pociones tengan un efecto mortal\u2026 pero la jefa, siempre generosa, ha prometido que uno de nosotros saldr\u00e1 ileso, como premio por su astucia, por su instinto y porque alguien tendr\u00e1 que limpiarlo todo al final&#8230;\u00bb<\/em><\/p>\n<p><strong>Mal Trago<\/strong>\u00a0es un\u00a0juego de mesa party game\u00a0para grupos de 4 a 10 goblins, recomendado para goblins a partir de 8 a\u00f1os y con una duraci\u00f3n aproximada de 15-20 minutos. En Mal Trago encontraremos pociones, conjuros, ant\u00eddotos, goblins y sobretodo\u00a0<strong>\u00a1\u00a1MUCHAS RISAS!!<\/strong>\u00a0\u00bfHe dicho ya que hay goblins?<\/p>\n","protected":false},"excerpt":{"rendered":"<p><strong>Mal Trago<\/strong>\u00a0es un juego de cartas estilo party game, donde los jugadores toman el papel de goblins servidores de una bruja. Su jefa pretende\u00a0<strong>encontrar el veneno definitivo<\/strong>\u00a0y, para saber si lo ha conseguido, nada mejor que\u00a0<strong>probarlo con sus pobres curritos.<\/strong><\/p>\n<p>&nbsp;<\/p>\n<div class=\"box_features\">\n<div class=\"iconfeature\"><img decoding=\"async\" class=\"\" title=\"N\u00famero de jugadores: De 4 a 10 jugadores\" src=\"https:\/\/juegosdelamesaredonda.com\/img\/caracteristicas\/9.svg\" alt=\"N\u00famero de jugadores: De 4 a 10 jugadores\" \/> <span class=\"name\">N\u00famero de jugadores:<\/span><span class=\"value\">De 4 a 10 jugadores<\/span><\/div>\n<\/div>\n<div class=\"box_features\">\n<div class=\"iconfeature\"><img decoding=\"async\" class=\"\" title=\"Duraci\u00f3n aproximada del juego: 15 Minutos\" src=\"https:\/\/juegosdelamesaredonda.com\/img\/caracteristicas\/7.svg\" alt=\"Duraci\u00f3n aproximada del juego: 15 Minutos\" \/> <span class=\"name\">Duraci\u00f3n aproximada:<\/span><span class=\"value\">15 Minutos<\/span><\/div>\n<\/div>\n<div class=\"box_features\">\n<div class=\"iconfeature\"><img decoding=\"async\" class=\"\" title=\"Edad m\u00ednima recomendada: 8 a\u00f1os\" src=\"https:\/\/juegosdelamesaredonda.com\/img\/caracteristicas\/10.svg\" alt=\"Edad m\u00ednima recomendada: 8 a\u00f1os\" \/> <span class=\"name\">Edad m\u00ednima:<\/span><span class=\"value\">8 a\u00f1os<\/span><\/div>\n<\/div>\n<div class=\"box_features\">\n<div class=\"iconfeature\"><img decoding=\"async\" class=\"\" title=\"Tipo: Juego de cartas\" src=\"https:\/\/juegosdelamesaredonda.com\/img\/caracteristicas\/11.svg\" alt=\"Tipo: Juego de cartas\" \/> <span class=\"name\">Tipo:<\/span><span class=\"value\">Juego de cartas<\/span><\/div>\n<\/div>\n<div class=\"box_features\">\n<div class=\"iconfeature\"><img decoding=\"async\" class=\"\" title=\"G\u00e9nero: Humor\" src=\"https:\/\/juegosdelamesaredonda.com\/img\/caracteristicas\/12.svg\" alt=\"G\u00e9nero: Humor\" \/> <span class=\"name\">G\u00e9nero:<\/span><span class=\"value\">Humor<\/span><\/div>\n<\/div>\n<div class=\"box_features\">\n<div class=\"iconfeature\"><img decoding=\"async\" class=\"\" title=\"Idioma: Espa\u00f1ol\" src=\"https:\/\/juegosdelamesaredonda.com\/img\/caracteristicas\/14.svg\" alt=\"Idioma: Espa\u00f1ol\" \/> <span class=\"name\">Idioma:<\/span><span class=\"value\">Espa\u00f1ol<\/span><\/div>\n<\/div>\n<div class=\"box_features\">\n<div class=\"iconfeature\"><img decoding=\"async\" class=\"\" title=\"Marca: Rocket Lemons Games\" src=\"https:\/\/juegosdelamesaredonda.com\/img\/caracteristicas\/13.svg\" alt=\"Marca: Rocket Lemons Games\" \/> <span class=\"name\">Marca:<\/span><span class=\"value\">Rocket Lemons Games<\/span><\/div>\n<\/div>\n","protected":false},"featured_media":5860,"comment_status":"open","ping_status":"closed","template":"","meta":{"_themeisle_gutenberg_block_has_review":false},"product_brand":[],"product_cat":[123,29],"product_tag":[1022,218,351],"class_list":{"0":"post-5859","1":"product","2":"type-product","3":"status-publish","4":"has-post-thumbnail","6":"product_cat-otros-juegos","7":"product_cat-juegos-de-mesa","8":"product_tag-amigos","9":"product_tag-juegodemesa","10":"product_tag-partygames","12":"first","13":"instock","14":"shipping-taxable","15":"purchasable","16":"product-type-simple"},"_links":{"self":[{"href":"https:\/\/magicgamesbolivia.com\/index.php\/wp-json\/wp\/v2\/product\/5859","targetHints":{"allow":["GET"]}}],"collection":[{"href":"https:\/\/magicgamesbolivia.com\/index.php\/wp-json\/wp\/v2\/product"}],"about":[{"href":"https:\/\/magicgamesbolivia.com\/index.php\/wp-json\/wp\/v2\/types\/product"}],"replies":[{"embeddable":true,"href":"https:\/\/magicgamesbolivia.com\/index.php\/wp-json\/wp\/v2\/comments?post=5859"}],"version-history":[{"count":1,"href":"https:\/\/magicgamesbolivia.com\/index.php\/wp-json\/wp\/v2\/product\/5859\/revisions"}],"predecessor-version":[{"id":5862,"href":"https:\/\/magicgamesbolivia.com\/index.php\/wp-json\/wp\/v2\/product\/5859\/revisions\/5862"}],"wp:featuredmedia":[{"embeddable":true,"href":"https:\/\/magicgamesbolivia.com\/index.php\/wp-json\/wp\/v2\/media\/5860"}],"wp:attachment":[{"href":"https:\/\/magicgamesbolivia.com\/index.php\/wp-json\/wp\/v2\/media?parent=5859"}],"wp:term":[{"taxonomy":"product_brand","embeddable":true,"href":"https:\/\/magicgamesbolivia.com\/index.php\/wp-json\/wp\/v2\/product_brand?post=5859"},{"taxonomy":"product_cat","embeddable":true,"href":"https:\/\/magicgamesbolivia.com\/index.php\/wp-json\/wp\/v2\/product_cat?post=5859"},{"taxonomy":"product_tag","embeddable":true,"href":"https:\/\/magicgamesbolivia.com\/index.php\/wp-json\/wp\/v2\/product_tag?post=5859"}],"curies":[{"name":"wp","href":"https:\/\/api.w.org\/{rel}","templated":true}]}}