{"id":5829,"date":"2025-10-27T20:53:50","date_gmt":"2025-10-27T20:53:50","guid":{"rendered":"https:\/\/magicgamesbolivia.com\/?post_type=product&#038;p=5829"},"modified":"2026-01-14T14:24:13","modified_gmt":"2026-01-14T14:24:13","slug":"five-tribes","status":"publish","type":"product","link":"https:\/\/magicgamesbolivia.com\/index.php\/product\/five-tribes\/","title":{"rendered":"Five Tribes"},"content":{"rendered":"<p><strong>Cruzando la tierra de las 1001 noches, tu caravana llega al legendario Sultanato de Nagala.<\/strong><\/p>\n<p><strong>\u00a1El Viejo sultan acaba de morir y el control de Nagala esta en juego!<\/strong><\/p>\n<p>Los oraculos predijeron que unos desconocidos manipularian las Cinco Tribus para ganar influencia sobre la legendaria ciudad-estado \u00bfSe cumplira la profecia?\u00a0<strong>\u00a1Invoca a los antiguos Genios, mueve las Tribus al lugar adecuado en el momento oportuno y el Sultanato puede que sea tuyo!<\/strong><\/p>\n<p><strong>Disfruta del juego de mesa\u00a0Five Tribes\u00a0un juego muy divertido de\u00a0<a href=\"http:\/\/juegosdelamesaredonda.com\/index.php?controller=attachment&amp;id_attachment=511\" target=\"_blank\" rel=\"noreferrer noopener\">reglas sencillas<\/a>\u00a0y muchas formas de ganar.<\/strong><\/p>\n","protected":false},"excerpt":{"rendered":"<p>En el juego de mesa\u00a0<strong>Five Tribes<\/strong>,\u00a0\u00a0<strong>juegas el papel de un aventurero<\/strong>\u00a0extranjero en la legendaria ciudad-estado de Nagala\u00a0<strong>que manipular\u00e1 a las Tribus locales, invocar\u00e1 a los antiguos Genios y ganar\u00e1 influencia<\/strong>\u00a0para convertirse en el nuevo Sult\u00e1n.<\/p>\n<div class=\"box_features\">\n<div class=\"iconfeature\"><img decoding=\"async\" class=\"\" title=\"N\u00famero de jugadores: De 2 a 4 jugadores\" src=\"https:\/\/juegosdelamesaredonda.com\/img\/caracteristicas\/9.svg\" alt=\"N\u00famero de jugadores: De 2 a 4 jugadores\" \/> <span class=\"name\">N\u00famero de jugadores:<\/span><span class=\"value\">De 2 a 4 jugadores<\/span><\/div>\n<\/div>\n<div class=\"box_features\">\n<div class=\"iconfeature\"><img decoding=\"async\" class=\"\" title=\"Duraci\u00f3n aproximada del juego: 60 minutos\" src=\"https:\/\/juegosdelamesaredonda.com\/img\/caracteristicas\/7.svg\" alt=\"Duraci\u00f3n aproximada del juego: 60 minutos\" \/> <span class=\"name\">Duraci\u00f3n aproximada:<\/span><span class=\"value\">60 minutos<\/span><\/div>\n<\/div>\n<div class=\"box_features\">\n<div class=\"iconfeature\"><img decoding=\"async\" class=\"\" title=\"Edad m\u00ednima recomendada: 12 a\u00f1os\" src=\"https:\/\/juegosdelamesaredonda.com\/img\/caracteristicas\/10.svg\" alt=\"Edad m\u00ednima recomendada: 12 a\u00f1os\" \/> <span class=\"name\">Edad m\u00ednima:<\/span><span class=\"value\">12 a\u00f1os<\/span><\/div>\n<\/div>\n<div class=\"box_features\">\n<div class=\"iconfeature\"><img decoding=\"async\" class=\"\" title=\"Tipo: Juego de tablero\" src=\"https:\/\/juegosdelamesaredonda.com\/img\/caracteristicas\/11.svg\" alt=\"Tipo: Juego de tablero\" \/> <span class=\"name\">Tipo:<\/span><span class=\"value\">Juego de tablero<\/span><\/div>\n<\/div>\n<div class=\"box_features\">\n<div class=\"iconfeature\"><img decoding=\"async\" class=\"\" title=\"G\u00e9nero: Familiar\" src=\"https:\/\/juegosdelamesaredonda.com\/img\/caracteristicas\/12.svg\" alt=\"G\u00e9nero: Familiar\" \/> <span class=\"name\">G\u00e9nero:<\/span><span class=\"value\">Familiar<\/span><\/div>\n<\/div>\n<div class=\"box_features\">\n<div class=\"iconfeature\"><img decoding=\"async\" class=\"\" title=\"Idioma: Espa\u00f1ol\" src=\"https:\/\/juegosdelamesaredonda.com\/img\/caracteristicas\/14.svg\" alt=\"Idioma: Espa\u00f1ol\" \/> <span class=\"name\">Idioma:<\/span><span class=\"value\">Espa\u00f1ol<\/span><\/div>\n<\/div>\n<div class=\"box_features\">\n<div class=\"iconfeature\"><img decoding=\"async\" class=\"\" title=\"Marca: Maldito Games\" src=\"https:\/\/juegosdelamesaredonda.com\/img\/caracteristicas\/13.svg\" alt=\"Marca: Maldito Games\" \/> <span class=\"name\">Marca:<\/span><span class=\"value\">Maldito Games<\/span><\/div>\n<\/div>\n","protected":false},"featured_media":5830,"comment_status":"open","ping_status":"closed","template":"","meta":{"_themeisle_gutenberg_block_has_review":false},"product_brand":[],"product_cat":[29,93],"product_tag":[679,1013,218,197],"class_list":{"0":"post-5829","1":"product","2":"type-product","3":"status-publish","4":"has-post-thumbnail","6":"product_cat-juegos-de-mesa","7":"product_cat-maldito-games","8":"product_tag-eurogame","9":"product_tag-fivetribes","10":"product_tag-juegodemesa","11":"product_tag-malditogames","13":"first","14":"instock","15":"shipping-taxable","16":"purchasable","17":"product-type-simple"},"_links":{"self":[{"href":"https:\/\/magicgamesbolivia.com\/index.php\/wp-json\/wp\/v2\/product\/5829","targetHints":{"allow":["GET"]}}],"collection":[{"href":"https:\/\/magicgamesbolivia.com\/index.php\/wp-json\/wp\/v2\/product"}],"about":[{"href":"https:\/\/magicgamesbolivia.com\/index.php\/wp-json\/wp\/v2\/types\/product"}],"replies":[{"embeddable":true,"href":"https:\/\/magicgamesbolivia.com\/index.php\/wp-json\/wp\/v2\/comments?post=5829"}],"version-history":[{"count":1,"href":"https:\/\/magicgamesbolivia.com\/index.php\/wp-json\/wp\/v2\/product\/5829\/revisions"}],"predecessor-version":[{"id":5834,"href":"https:\/\/magicgamesbolivia.com\/index.php\/wp-json\/wp\/v2\/product\/5829\/revisions\/5834"}],"wp:featuredmedia":[{"embeddable":true,"href":"https:\/\/magicgamesbolivia.com\/index.php\/wp-json\/wp\/v2\/media\/5830"}],"wp:attachment":[{"href":"https:\/\/magicgamesbolivia.com\/index.php\/wp-json\/wp\/v2\/media?parent=5829"}],"wp:term":[{"taxonomy":"product_brand","embeddable":true,"href":"https:\/\/magicgamesbolivia.com\/index.php\/wp-json\/wp\/v2\/product_brand?post=5829"},{"taxonomy":"product_cat","embeddable":true,"href":"https:\/\/magicgamesbolivia.com\/index.php\/wp-json\/wp\/v2\/product_cat?post=5829"},{"taxonomy":"product_tag","embeddable":true,"href":"https:\/\/magicgamesbolivia.com\/index.php\/wp-json\/wp\/v2\/product_tag?post=5829"}],"curies":[{"name":"wp","href":"https:\/\/api.w.org\/{rel}","templated":true}]}}