{"id":5795,"date":"2025-10-03T20:37:14","date_gmt":"2025-10-03T20:37:14","guid":{"rendered":"https:\/\/magicgamesbolivia.com\/?post_type=product&#038;p=5795"},"modified":"2025-10-03T20:39:07","modified_gmt":"2025-10-03T20:39:07","slug":"pequenas-grandes-galaxias-espacio-profundo-beyond-the-black","status":"publish","type":"product","link":"https:\/\/magicgamesbolivia.com\/index.php\/product\/pequenas-grandes-galaxias-espacio-profundo-beyond-the-black\/","title":{"rendered":"Peque\u00f1as grandes Galaxias: Espacio Profundo (Beyond the Black)"},"content":{"rendered":"<p><b>Peque\u00f1as grandes Galaxias<\/b><strong>:\u00a0<\/strong><strong>espacio profundo\u00a0<\/strong>es una\u00a0<strong>expansi\u00f3n<\/strong>\u00a0para el juego de mesa\u00a0<strong>Peque\u00f1as grandes galaxias<\/strong>\u00a0que a\u00f1ade pilotos,<strong>\u00a0nuevas mec\u00e1nicas de exploraci\u00f3n y medallas.<\/strong><\/p>\n<p>Para empezar, dispondremos de nuevos pilotos, donde cada uno de ellos tendr\u00e1 una habilidad especial que le har\u00e1 diferente a los dem\u00e1s.<\/p>\n<p>&nbsp;<\/p>\n<p><strong>Esta expansi\u00f3n, mejora tambi\u00e9n la exploraci\u00f3n del juego<\/strong>, permiti\u00e9ndonos ahora el enviar a nuestras naves al espacio inexplorado en caza de recursos y medallas de exploraci\u00f3n. Sin embargo tendremos que ser prudentes, porque si acabamos nuestro movimiento en la \u00f3rbita de un agujero negro, podremos perder nuestros recursos.<strong>\u00a0Para explorar, simplemente moveremos nuestra nave a la carta de exploraci\u00f3n<\/strong>\u00a0y despu\u00e9s si hay cartas de exploraci\u00f3n boca arriba, cogeremos una de ellas o daremos la vuelta a la primera carta del mazo.\u00a0<strong>Si esta carta es roja, la cogeremos y terminaremos de explorar<\/strong>, sin embargo si es verde, podremos cogerla tambi\u00e9n si queremos o seguir explorando hasta que haya tres cartas boca arriba en donde tendremos que coger en ese caso la \u00faltima que hayamos dando la vuelta.<\/p>\n<p>&nbsp;<\/p>\n<p>En este sentido como se ve se\u00a0<strong>a\u00f1ade una nueva mec\u00e1nica press your luck al juego<\/strong>, que nos permitir\u00e1 arriesgar o no\u00a0<strong>a la hora de llevar a cabo nuestras exploraciones.\u00a0<\/strong><\/p>\n<p>&nbsp;<\/p>\n<p>Por \u00faltimo, los jugadores<strong>\u00a0tambi\u00e9n podr\u00e1n ir consiguiendo medallas<\/strong>\u00a0seg\u00fan los avances que vayan teniendo y dichas medallas conceder\u00e1n\u00a0<strong>puntos de victoria adicionales al final de la partida.<\/strong><\/p>\n","protected":false},"excerpt":{"rendered":"<p><b>Peque\u00f1as grandes Galaxias<\/b><strong>: espacio profundo<\/strong>\u00a0es una\u00a0<strong>expansi\u00f3n<\/strong>\u00a0para el juego de mesa\u00a0<strong>Peque\u00f1as grandes galaxias<\/strong>\u00a0que a\u00f1ade pilotos,<strong>\u00a0nuevas mec\u00e1nicas de exploraci\u00f3n y medallas.<\/strong><\/p>\n","protected":false},"featured_media":5796,"comment_status":"open","ping_status":"closed","template":"","meta":{"_themeisle_gutenberg_block_has_review":false},"product_brand":[],"product_cat":[29,30],"product_tag":[31,288,1003],"class_list":{"0":"post-5795","1":"product","2":"type-product","3":"status-publish","4":"has-post-thumbnail","6":"product_cat-juegos-de-mesa","7":"product_cat-devir","8":"product_tag-devir","9":"product_tag-expansion","10":"product_tag-galaxias","12":"first","13":"instock","14":"shipping-taxable","15":"purchasable","16":"product-type-simple"},"_links":{"self":[{"href":"https:\/\/magicgamesbolivia.com\/index.php\/wp-json\/wp\/v2\/product\/5795","targetHints":{"allow":["GET"]}}],"collection":[{"href":"https:\/\/magicgamesbolivia.com\/index.php\/wp-json\/wp\/v2\/product"}],"about":[{"href":"https:\/\/magicgamesbolivia.com\/index.php\/wp-json\/wp\/v2\/types\/product"}],"replies":[{"embeddable":true,"href":"https:\/\/magicgamesbolivia.com\/index.php\/wp-json\/wp\/v2\/comments?post=5795"}],"version-history":[{"count":1,"href":"https:\/\/magicgamesbolivia.com\/index.php\/wp-json\/wp\/v2\/product\/5795\/revisions"}],"predecessor-version":[{"id":5797,"href":"https:\/\/magicgamesbolivia.com\/index.php\/wp-json\/wp\/v2\/product\/5795\/revisions\/5797"}],"wp:featuredmedia":[{"embeddable":true,"href":"https:\/\/magicgamesbolivia.com\/index.php\/wp-json\/wp\/v2\/media\/5796"}],"wp:attachment":[{"href":"https:\/\/magicgamesbolivia.com\/index.php\/wp-json\/wp\/v2\/media?parent=5795"}],"wp:term":[{"taxonomy":"product_brand","embeddable":true,"href":"https:\/\/magicgamesbolivia.com\/index.php\/wp-json\/wp\/v2\/product_brand?post=5795"},{"taxonomy":"product_cat","embeddable":true,"href":"https:\/\/magicgamesbolivia.com\/index.php\/wp-json\/wp\/v2\/product_cat?post=5795"},{"taxonomy":"product_tag","embeddable":true,"href":"https:\/\/magicgamesbolivia.com\/index.php\/wp-json\/wp\/v2\/product_tag?post=5795"}],"curies":[{"name":"wp","href":"https:\/\/api.w.org\/{rel}","templated":true}]}}