{"id":5753,"date":"2025-08-28T01:30:20","date_gmt":"2025-08-28T01:30:20","guid":{"rendered":"https:\/\/magicgamesbolivia.com\/?post_type=product&#038;p=5753"},"modified":"2026-01-19T13:53:46","modified_gmt":"2026-01-19T13:53:46","slug":"rhino-hero","status":"publish","type":"product","link":"https:\/\/magicgamesbolivia.com\/index.php\/product\/rhino-hero\/","title":{"rendered":"Rhino Hero"},"content":{"rendered":"<p><strong>\u00a1\u00a1\u00a1\u00a1S\u00ediii!!!<\/strong>\u00a0<strong>\u00a1Super Rhino est\u00e1 otra vez en acci\u00f3n!<\/strong>\u00a0Este superh\u00e9roe bestial escala sin miedo los edificios m\u00e1s altos para divisar a ladrones y bribones. Es\u00a0<strong>fuerte como un le\u00f3n y listo como un zorro,<\/strong>\u00a0pero tambi\u00e9n es tan pesado como un rinoceronte. Esto hace que se tambaleen hasta los rascacielos m\u00e1s s\u00f3lidos.<\/p>\n<p><strong>\u00bfPod\u00e9is ayudar a Super Rino a cumplir su tambaleante misi\u00f3n, y construir un rascacielos que sea estable?<\/strong>\u00a0Un\u00a0<strong>heroico juego tridimensional de apilar<\/strong>\u00a0para 2 &#8211; 5 ni\u00f1os superh\u00e9roes de 5 a 99 a\u00f1os.<\/p>\n<p>Planta por planta vais a construir, todos juntos, una construcci\u00f3n de naipes para\u00a0<strong>Super Rhino.<\/strong>\u00a0Ser\u00e1 el edificio m\u00e1s alto que pod\u00e1is construir \u00a0y tendr\u00e1 paredes y techos igual que una casa de verdad. Como no se puede prever la altura que alcanzar\u00e1 el edificio, los techos tienen el aspecto de tejados.<\/p>\n<p>&nbsp;<\/p>\n<p>La se\u00f1alizaci\u00f3n en los tejados indica c\u00f3mo han de estar montadas las paredes de la siguiente planta, y los s\u00edmbolos en los tejados se\u00f1alan las condiciones de construcci\u00f3n que pueden \u00a0ocasionar algunas situaciones liosas. El\u00a0<strong>objetivo del juego<\/strong>\u00a0es ser el primero en colocar los tejados propios.<\/p>\n","protected":false},"excerpt":{"rendered":"<p><strong>\u00a1Super Rhino est\u00e1 otra vez en acci\u00f3n!<\/strong>\u00a0Este superh\u00e9roe bestial escala sin miedo los edificios m\u00e1s altos para divisar a ladrones y bribones.\u00a0<strong>\u00bfPod\u00e9is ayudar a Super Rino a cumplir su tambaleante misi\u00f3n, y construir un rascacielos que sea estable?<\/strong><\/p>\n<div class=\"box_features\">\n<div class=\"iconfeature\"><img decoding=\"async\" class=\"\" title=\"N\u00famero de jugadores: De 2 a 5 jugadores\" src=\"https:\/\/juegosdelamesaredonda.com\/img\/caracteristicas\/9.svg\" alt=\"N\u00famero de jugadores: De 2 a 5 jugadores\" \/> <span class=\"name\">N\u00famero de jugadores:<\/span><span class=\"value\">De 2 a 5 jugadores<\/span><\/div>\n<\/div>\n<div class=\"box_features\">\n<div class=\"iconfeature\"><img decoding=\"async\" class=\"\" title=\"Duraci\u00f3n aproximada del juego: 15 Minutos\" src=\"https:\/\/juegosdelamesaredonda.com\/img\/caracteristicas\/7.svg\" alt=\"Duraci\u00f3n aproximada del juego: 15 Minutos\" \/> <span class=\"name\">Duraci\u00f3n aproximada:<\/span><span class=\"value\">15 Minutos<\/span><\/div>\n<\/div>\n<div class=\"box_features\">\n<div class=\"iconfeature\"><img decoding=\"async\" class=\"\" title=\"Edad m\u00ednima recomendada: 5 a\u00f1os\" src=\"https:\/\/juegosdelamesaredonda.com\/img\/caracteristicas\/10.svg\" alt=\"Edad m\u00ednima recomendada: 5 a\u00f1os\" \/> <span class=\"name\">Edad m\u00ednima:<\/span><span class=\"value\">5 a\u00f1os<\/span><\/div>\n<\/div>\n<div class=\"box_features\">\n<div class=\"iconfeature\"><img decoding=\"async\" class=\"\" title=\"Tipo: Juego para ni\u00f1os\" src=\"https:\/\/juegosdelamesaredonda.com\/img\/caracteristicas\/11.svg\" alt=\"Tipo: Juego para ni\u00f1os\" \/> <span class=\"name\">Tipo:<\/span><span class=\"value\">Juego para ni\u00f1os<\/span><\/div>\n<\/div>\n<div class=\"box_features\">\n<div class=\"iconfeature\"><img decoding=\"async\" class=\"\" title=\"G\u00e9nero: Familiar\" src=\"https:\/\/juegosdelamesaredonda.com\/img\/caracteristicas\/12.svg\" alt=\"G\u00e9nero: Familiar\" \/> <span class=\"name\">G\u00e9nero:<\/span><span class=\"value\">Familiar<\/span><\/div>\n<\/div>\n<div class=\"box_features\">\n<div class=\"iconfeature\"><img decoding=\"async\" class=\"\" title=\"Idioma: Multi-idioma (Incluye Espa\u00f1ol)\" src=\"https:\/\/juegosdelamesaredonda.com\/img\/caracteristicas\/14.svg\" alt=\"Idioma: Multi-idioma (Incluye Espa\u00f1ol)\" \/><span class=\"name\">Idioma:<\/span><span class=\"value\">Multi-idioma (Incluye Espa\u00f1ol)<\/span><\/div>\n<\/div>\n<div class=\"box_features\">\n<div class=\"iconfeature\"><img decoding=\"async\" class=\"\" title=\"Marca: Haba\" src=\"https:\/\/juegosdelamesaredonda.com\/img\/caracteristicas\/13.svg\" alt=\"Marca: Haba\" \/> <span class=\"name\">Marca:<\/span><span class=\"value\">Haba<\/span><\/div>\n<\/div>\n","protected":false},"featured_media":5754,"comment_status":"open","ping_status":"closed","template":"","meta":{"_themeisle_gutenberg_block_has_review":false},"product_brand":[],"product_cat":[123,29],"product_tag":[382,267,218,993],"class_list":{"0":"post-5753","1":"product","2":"type-product","3":"status-publish","4":"has-post-thumbnail","6":"product_cat-otros-juegos","7":"product_cat-juegos-de-mesa","8":"product_tag-divertido","9":"product_tag-familiar","10":"product_tag-juegodemesa","11":"product_tag-rinohero","13":"first","14":"instock","15":"shipping-taxable","16":"purchasable","17":"product-type-simple"},"_links":{"self":[{"href":"https:\/\/magicgamesbolivia.com\/index.php\/wp-json\/wp\/v2\/product\/5753","targetHints":{"allow":["GET"]}}],"collection":[{"href":"https:\/\/magicgamesbolivia.com\/index.php\/wp-json\/wp\/v2\/product"}],"about":[{"href":"https:\/\/magicgamesbolivia.com\/index.php\/wp-json\/wp\/v2\/types\/product"}],"replies":[{"embeddable":true,"href":"https:\/\/magicgamesbolivia.com\/index.php\/wp-json\/wp\/v2\/comments?post=5753"}],"version-history":[{"count":1,"href":"https:\/\/magicgamesbolivia.com\/index.php\/wp-json\/wp\/v2\/product\/5753\/revisions"}],"predecessor-version":[{"id":5756,"href":"https:\/\/magicgamesbolivia.com\/index.php\/wp-json\/wp\/v2\/product\/5753\/revisions\/5756"}],"wp:featuredmedia":[{"embeddable":true,"href":"https:\/\/magicgamesbolivia.com\/index.php\/wp-json\/wp\/v2\/media\/5754"}],"wp:attachment":[{"href":"https:\/\/magicgamesbolivia.com\/index.php\/wp-json\/wp\/v2\/media?parent=5753"}],"wp:term":[{"taxonomy":"product_brand","embeddable":true,"href":"https:\/\/magicgamesbolivia.com\/index.php\/wp-json\/wp\/v2\/product_brand?post=5753"},{"taxonomy":"product_cat","embeddable":true,"href":"https:\/\/magicgamesbolivia.com\/index.php\/wp-json\/wp\/v2\/product_cat?post=5753"},{"taxonomy":"product_tag","embeddable":true,"href":"https:\/\/magicgamesbolivia.com\/index.php\/wp-json\/wp\/v2\/product_tag?post=5753"}],"curies":[{"name":"wp","href":"https:\/\/api.w.org\/{rel}","templated":true}]}}