{"id":5743,"date":"2025-08-03T22:58:43","date_gmt":"2025-08-03T22:58:43","guid":{"rendered":"https:\/\/magicgamesbolivia.com\/?post_type=product&#038;p=5743"},"modified":"2025-08-03T22:59:28","modified_gmt":"2025-08-03T22:59:28","slug":"saboteur-deluxe-y-los-enanos-contraatacan","status":"publish","type":"product","link":"https:\/\/magicgamesbolivia.com\/index.php\/product\/saboteur-deluxe-y-los-enanos-contraatacan\/","title":{"rendered":"Saboteur Deluxe y Los Enanos Contraatacan"},"content":{"rendered":"<p><strong>Saboteur<\/strong>\u00a0es un juego donde todos los jugadores encarnan el papel de\u00a0<strong>enanos mineros<\/strong>\u00a0en busca de oro dentro de una gran mina, pero hay alguien que en secreto quiere quedarse el oro para \u00e9l y har\u00e1 todo lo posible para que los dem\u00e1s fallen.<\/p>\n<p><strong>Saboteur Deluxe<\/strong>\u00a0har\u00e1 tus partidas m\u00e1s interesantes, ya que en este juego\u00a0<strong>semi-cooperativo<\/strong>\u00a0en el que hab\u00eda que ir haciendo t\u00faneles entre todos para intentar llegar al ansiado oro, se a\u00f1aden nuevos personajes de la expansi\u00f3n\u00a0<strong>Los enanos contraatacan<\/strong>. Con esta expansi\u00f3n,\u00a0<strong>los<\/strong>\u00a0<strong>enanos<\/strong>\u00a0<strong>se dividir\u00e1n en dos grupos<\/strong>\u00a0que se podr\u00e1n poner puertas para cerrar t\u00faneles y que tendr\u00e1n que evitar los objetivos del\u00a0<strong>Saboteador<\/strong>\u00a0mientras colaboran. Tambi\u00e9n competir\u00e1n por el oro, con la aparici\u00f3n de un nuevo cargo dentro de los enanos; que ser\u00e1\u00a0<strong>el Jefe<\/strong>\u00a0y que deber\u00e1 llevar a cualquiera de los dos equipos al oro para poder ganar. Este jefe incluye nuevas habilidades como la de poder cruzar las\u00a0<strong>puertas<\/strong>\u00a0de los dos equipos, pudiendo dejar atr\u00e1s a sus subordinados y\u00a0<strong>escapar con el oro.<\/strong><\/p>\n<p>&nbsp;<\/p>\n<p><strong>\u00danete a esta alocada mina donde colaborar y traicionar est\u00e1n a la orden del d\u00eda.\u00a0Saboteur Deluxe\u00a0es un juego con humor y misterio donde lo \u00fanico importante es que t\u00fa te lleves el oro.<\/strong><\/p>\n","protected":false},"excerpt":{"rendered":"<p>En\u00a0<strong>Saboteur Deluxe<\/strong>\u00a0est\u00e1s en la mina buscando pepitas de oro. De repente,\u00a0desaparece la\u00a0luz\u00a0y\u00a0tu pico aparece roto. El\u00a0<strong>Saboteur<\/strong>\u00a0ha entrado en acci\u00f3n. Pero&#8230;\u00a0<strong>\u00bfqui\u00e9n entre los jugadores es el\u00a0saboteador?<\/strong><\/p>\n<p><strong>\u00bfEncontrar\u00e1s el oro antes o conseguir\u00e1n los saboteadores que sus oscuras acciones lo\u00a0impidan?\u00a0<\/strong><\/p>\n<div class=\"box_features\">\n<div class=\"iconfeature\"><img decoding=\"async\" class=\"\" title=\"N\u00famero de jugadores: De 2 a 12 jugadores\" src=\"https:\/\/juegosdelamesaredonda.com\/img\/caracteristicas\/9.svg\" alt=\"N\u00famero de jugadores: De 2 a 12 jugadores\" \/> <span class=\"name\">N\u00famero de jugadores:<\/span><span class=\"value\">De 2 a 12 jugadores<\/span><\/div>\n<\/div>\n<div class=\"box_features\">\n<div class=\"iconfeature\"><img decoding=\"async\" class=\"\" title=\"Duraci\u00f3n aproximada del juego: 30 minutos\" src=\"https:\/\/juegosdelamesaredonda.com\/img\/caracteristicas\/7.svg\" alt=\"Duraci\u00f3n aproximada del juego: 30 minutos\" \/> <span class=\"name\">Duraci\u00f3n aproximada:<\/span><span class=\"value\">30 minutos<\/span><\/div>\n<\/div>\n<div class=\"box_features\">\n<div class=\"iconfeature\"><img decoding=\"async\" class=\"\" title=\"Edad m\u00ednima recomendada: 8 a\u00f1os\" src=\"https:\/\/juegosdelamesaredonda.com\/img\/caracteristicas\/10.svg\" alt=\"Edad m\u00ednima recomendada: 8 a\u00f1os\" \/> <span class=\"name\">Edad m\u00ednima:<\/span><span class=\"value\">8 a\u00f1os<\/span><\/div>\n<\/div>\n<div class=\"box_features\">\n<div class=\"iconfeature\"><img decoding=\"async\" class=\"\" title=\"Tipo: Juego de cartas\" src=\"https:\/\/juegosdelamesaredonda.com\/img\/caracteristicas\/11.svg\" alt=\"Tipo: Juego de cartas\" \/> <span class=\"name\">Tipo:<\/span><span class=\"value\">Juego de cartas<\/span><\/div>\n<\/div>\n<div class=\"box_features\">\n<div class=\"iconfeature\"><img decoding=\"async\" class=\"\" title=\"G\u00e9nero: Estrategia\" src=\"https:\/\/juegosdelamesaredonda.com\/img\/caracteristicas\/12.svg\" alt=\"G\u00e9nero: Estrategia\" \/> <span class=\"name\">G\u00e9nero:<\/span><span class=\"value\">Estrategia<\/span><\/div>\n<\/div>\n<div class=\"box_features\">\n<div class=\"iconfeature\"><img decoding=\"async\" class=\"\" title=\"Idioma: Espa\u00f1ol\" src=\"https:\/\/juegosdelamesaredonda.com\/img\/caracteristicas\/14.svg\" alt=\"Idioma: Espa\u00f1ol\" \/> <span class=\"name\">Idioma:<\/span><span class=\"value\">Espa\u00f1ol<\/span><\/div>\n<\/div>\n<div class=\"box_features\">\n<div class=\"iconfeature\"><img decoding=\"async\" class=\"\" title=\"Marca: Amigo\" src=\"https:\/\/juegosdelamesaredonda.com\/img\/caracteristicas\/13.svg\" alt=\"Marca: Amigo\" \/> <span class=\"name\">Marca: Mercurio<\/span><\/div>\n<\/div>\n","protected":false},"featured_media":5744,"comment_status":"open","ping_status":"closed","template":"","meta":{"_themeisle_gutenberg_block_has_review":false},"product_brand":[],"product_cat":[123,29],"product_tag":[288,805,802],"class_list":{"0":"post-5743","1":"product","2":"type-product","3":"status-publish","4":"has-post-thumbnail","6":"product_cat-otros-juegos","7":"product_cat-juegos-de-mesa","8":"product_tag-expansion","9":"product_tag-mercurio","10":"product_tag-saboteur","12":"first","13":"instock","14":"shipping-taxable","15":"purchasable","16":"product-type-simple"},"_links":{"self":[{"href":"https:\/\/magicgamesbolivia.com\/index.php\/wp-json\/wp\/v2\/product\/5743","targetHints":{"allow":["GET"]}}],"collection":[{"href":"https:\/\/magicgamesbolivia.com\/index.php\/wp-json\/wp\/v2\/product"}],"about":[{"href":"https:\/\/magicgamesbolivia.com\/index.php\/wp-json\/wp\/v2\/types\/product"}],"replies":[{"embeddable":true,"href":"https:\/\/magicgamesbolivia.com\/index.php\/wp-json\/wp\/v2\/comments?post=5743"}],"version-history":[{"count":1,"href":"https:\/\/magicgamesbolivia.com\/index.php\/wp-json\/wp\/v2\/product\/5743\/revisions"}],"predecessor-version":[{"id":5745,"href":"https:\/\/magicgamesbolivia.com\/index.php\/wp-json\/wp\/v2\/product\/5743\/revisions\/5745"}],"wp:featuredmedia":[{"embeddable":true,"href":"https:\/\/magicgamesbolivia.com\/index.php\/wp-json\/wp\/v2\/media\/5744"}],"wp:attachment":[{"href":"https:\/\/magicgamesbolivia.com\/index.php\/wp-json\/wp\/v2\/media?parent=5743"}],"wp:term":[{"taxonomy":"product_brand","embeddable":true,"href":"https:\/\/magicgamesbolivia.com\/index.php\/wp-json\/wp\/v2\/product_brand?post=5743"},{"taxonomy":"product_cat","embeddable":true,"href":"https:\/\/magicgamesbolivia.com\/index.php\/wp-json\/wp\/v2\/product_cat?post=5743"},{"taxonomy":"product_tag","embeddable":true,"href":"https:\/\/magicgamesbolivia.com\/index.php\/wp-json\/wp\/v2\/product_tag?post=5743"}],"curies":[{"name":"wp","href":"https:\/\/api.w.org\/{rel}","templated":true}]}}