{"id":5712,"date":"2025-07-20T22:02:06","date_gmt":"2025-07-20T22:02:06","guid":{"rendered":"https:\/\/magicgamesbolivia.com\/?post_type=product&#038;p=5712"},"modified":"2026-02-24T14:11:39","modified_gmt":"2026-02-24T14:11:39","slug":"zombicide-gotham-city-outbreak-castellano","status":"publish","type":"product","link":"https:\/\/magicgamesbolivia.com\/index.php\/product\/zombicide-gotham-city-outbreak-castellano\/","title":{"rendered":"Zombicide: Gotham City Outbreak (Castellano)"},"content":{"rendered":"<p><strong>Invasi\u00f3n en Gotham City<\/strong><\/p>\n<p>El Virus de la Antivida ha transformado a casi todos los ciudadanos de Gotham City, tanto buenos como malos, en zombis furiosos e irracionales. Los miembros restantes de la Batfamilia deber\u00e1n unir fuerzas con los villanos que hayan sobrevivido para hacer frente a las hordas de no muertos y abatir a sus antiguos aliados antes de que sea demasiado tarde.<\/p>\n<p>Haz acopio de todo tu poder y mant\u00e9n encendido en los cielos de Gotham el \u00faltimo foco de esperanza de la humanidad.<\/p>\n<p>DCEASED: INVASI\u00d3N EN GOTHAM CITY\u2122 UN JUEGO DE ZOMBICIDE es un juego cooperativo en el que entre 1 y 4 jugadores controlan a los \u00faltimos superh\u00e9roes supervivientes que se enfrentan a h\u00e9roes zombificados y a hordas de zombis manejados por el propio juego. \u00a1Para ganar deber\u00e1s completar los objetivos de la misi\u00f3n, derrotar a los enemigos y rescatar a los transe\u00fantes en peligro! \u00a1Eliminar zombis te proporcionar\u00e1 la experiencia necesaria para convertirte en un superh\u00e9roe a\u00fan m\u00e1s poderoso, pero cuanto m\u00e1s fuerte seas, m\u00e1s zombis aparecer\u00e1n para darte caza! \u00a1Solo trabajando en equipo y forzando sus poderes hasta el l\u00edmite podr\u00e1n los superh\u00e9roes poner fin a la amenaza de la Antivida!<\/p>\n<p><strong>CONTENIDO<\/strong><br \/>\n6 miniaturas de Superh\u00e9roes, 4 miniaturas de H\u00e9roes Zombis, 6 figuras de Transe\u00fantes, 50 figuras de zombis, 4 peanas de colores, 8 indicadores, 4 medidores de Experiencia, 6 dados, 4 m\u00f3dulos de tablero de doble cara, 6 tarjetas de, identificaci\u00f3n, 83 minicartas, 35 fichas, 1 reglamento<\/p>\n","protected":false},"excerpt":{"rendered":"<p>Invasi\u00f3n en Gotham City El Virus de la Antivida ha transformado a casi todos los ciudadanos de Gotham City, tanto buenos como malos, en zombis furiosos e irracionales. Los miembros restantes de la Batfamilia deber\u00e1n unir fuerzas con los villanos que hayan sobrevivido para hacer frente a las hordas de no muertos y abatir a sus antiguos aliados antes de que sea demasiado tarde. Haz acopio de todo tu poder y mant\u00e9n encendido en los cielos de Gotham el \u00faltimo foco de esperanza de la humanidad. DCEASED: INVASI\u00d3N EN GOTHAM CITY\u2122 UN JUEGO DE ZOMBICIDE es un juego cooperativo en el que entre 1 y 4 jugadores controlan a los \u00faltimos superh\u00e9roes supervivientes que se enfrentan a h\u00e9roes zombificados y a hordas de zombis manejados por el propio juego.<\/p>\n<div>\n<div class=\"detalles-text\">\n<p class=\"detalles-cabecera\">Tiempo de juego: 60 minutos<\/p>\n<\/div>\n<\/div>\n<div><img decoding=\"async\" src=\"https:\/\/dungeonmarvels.com\/themes\/PRS076\/assets\/img\/Desk\/anyos.png\" alt=\"A\u00f1os icon\" width=\"40px\" height=\"40px\" \/> Edad m\u00ednima: 14 a\u00f1os<\/div>\n<div><img decoding=\"async\" src=\"https:\/\/dungeonmarvels.com\/themes\/PRS076\/assets\/img\/Desk\/jugadores.png\" alt=\"Jugadores icon\" width=\"40px\" height=\"40px\" \/>N\u00famero de jugadores:<\/p>\n<div class=\"detalles-text\">\n<p class=\"detalles-valor\">\u00a0 \u00a0 \u00a0 \u00a0 \u00a0 \u00a0 \u00a0 1 &#8211; 4 jugadores<\/p>\n<\/div>\n<\/div>\n","protected":false},"featured_media":5713,"comment_status":"open","ping_status":"closed","template":"","meta":{"_themeisle_gutenberg_block_has_review":false},"product_brand":[],"product_cat":[352,29],"product_tag":[],"class_list":{"0":"post-5712","1":"product","2":"type-product","3":"status-publish","4":"has-post-thumbnail","6":"product_cat-asmodee","7":"product_cat-juegos-de-mesa","9":"first","10":"instock","11":"shipping-taxable","12":"purchasable","13":"product-type-simple"},"_links":{"self":[{"href":"https:\/\/magicgamesbolivia.com\/index.php\/wp-json\/wp\/v2\/product\/5712","targetHints":{"allow":["GET"]}}],"collection":[{"href":"https:\/\/magicgamesbolivia.com\/index.php\/wp-json\/wp\/v2\/product"}],"about":[{"href":"https:\/\/magicgamesbolivia.com\/index.php\/wp-json\/wp\/v2\/types\/product"}],"replies":[{"embeddable":true,"href":"https:\/\/magicgamesbolivia.com\/index.php\/wp-json\/wp\/v2\/comments?post=5712"}],"version-history":[{"count":1,"href":"https:\/\/magicgamesbolivia.com\/index.php\/wp-json\/wp\/v2\/product\/5712\/revisions"}],"predecessor-version":[{"id":5715,"href":"https:\/\/magicgamesbolivia.com\/index.php\/wp-json\/wp\/v2\/product\/5712\/revisions\/5715"}],"wp:featuredmedia":[{"embeddable":true,"href":"https:\/\/magicgamesbolivia.com\/index.php\/wp-json\/wp\/v2\/media\/5713"}],"wp:attachment":[{"href":"https:\/\/magicgamesbolivia.com\/index.php\/wp-json\/wp\/v2\/media?parent=5712"}],"wp:term":[{"taxonomy":"product_brand","embeddable":true,"href":"https:\/\/magicgamesbolivia.com\/index.php\/wp-json\/wp\/v2\/product_brand?post=5712"},{"taxonomy":"product_cat","embeddable":true,"href":"https:\/\/magicgamesbolivia.com\/index.php\/wp-json\/wp\/v2\/product_cat?post=5712"},{"taxonomy":"product_tag","embeddable":true,"href":"https:\/\/magicgamesbolivia.com\/index.php\/wp-json\/wp\/v2\/product_tag?post=5712"}],"curies":[{"name":"wp","href":"https:\/\/api.w.org\/{rel}","templated":true}]}}