{"id":5685,"date":"2025-06-24T20:27:16","date_gmt":"2025-06-24T20:27:16","guid":{"rendered":"https:\/\/magicgamesbolivia.com\/?post_type=product&#038;p=5685"},"modified":"2026-01-14T14:09:45","modified_gmt":"2026-01-14T14:09:45","slug":"takenoko","status":"publish","type":"product","link":"https:\/\/magicgamesbolivia.com\/index.php\/product\/takenoko\/","title":{"rendered":"Takenoko"},"content":{"rendered":"<div><strong><em>Despu\u00e9s de una larga serie de conflictos, las relaciones diplom\u00e1ticas entre Jap\u00f3n y China por fin est\u00e1n recuper\u00e1ndose. Para celebrar adecuadamente esta alianza, el emperador de China regal\u00f3 a su hom\u00f3logo japon\u00e9s un animal sagrado, un oso panda gigante, como s\u00edmbolo de paz.<\/em><\/strong><\/div>\n<div><\/div>\n<div><strong><em>El emperador japon\u00e9s ha confiado a los miembros de su corte , la dif\u00edcil tarea de cuidar de este animal, mediante la creaci\u00f3n de un jard\u00edn de bamb\u00fa. Los jugadores tendr\u00e1n que cultivar parcelas de tierra, regarlas y hacer crecer en ellas una de las tres especies de bamb\u00fa con la ayuda del jardinero imperial.<\/em><\/strong><\/div>\n<div><\/div>\n<div><\/div>\n<div><strong><em>Juntos tendr\u00e1n que intentar controlar el hambre que este voraz animal siente ante la presencia de un tierno y jugoso brote de bamb\u00fa&#8230;.<\/em><\/strong><\/div>\n<div><\/div>\n<div>\n<p><em><strong>El jugador que consiga hacer crecer la mayor cantidad de\u00a0bamb\u00fa, que gestione mejor sus parcelas y que consiga alimentar\u00a0al delicado panda ser\u00e1 \u00a1el ganador de la partida!<\/strong><\/em><\/p>\n<\/div>\n","protected":false},"excerpt":{"rendered":"<p>El juego de mesa\u00a0<strong>Takenoko<\/strong>\u00a0nos transporta a Jap\u00f3n, cuando el emperador de China regal\u00f3 a su hom\u00f3logo japon\u00e9s un oso panda gigante como un s\u00edmbolo de paz. Para cuidarlo, los miembros de la corte de\u00a0<strong>Takenoko<\/strong>\u00a0deber\u00e1n crear un jard\u00edn de bamb\u00fa y mantenerlo con la ayuda del jardinero imperial.<\/p>\n<div class=\"box_features\">\n<div class=\"iconfeature\"><img decoding=\"async\" class=\"\" title=\"N\u00famero de jugadores: De 2 a 4 jugadores\" src=\"https:\/\/juegosdelamesaredonda.com\/img\/caracteristicas\/9.svg\" alt=\"N\u00famero de jugadores: De 2 a 4 jugadores\" \/> <span class=\"name\">N\u00famero de jugadores:<\/span><span class=\"value\">De 2 a 4 jugadores<\/span><\/div>\n<\/div>\n<div class=\"box_features\">\n<div class=\"iconfeature\"><img decoding=\"async\" class=\"\" title=\"Duraci\u00f3n aproximada del juego: 45 minutos\" src=\"https:\/\/juegosdelamesaredonda.com\/img\/caracteristicas\/7.svg\" alt=\"Duraci\u00f3n aproximada del juego: 45 minutos\" \/> <span class=\"name\">Duraci\u00f3n aproximada:<\/span><span class=\"value\">45 minutos<\/span><\/div>\n<\/div>\n<div class=\"box_features\">\n<div class=\"iconfeature\"><img decoding=\"async\" class=\"\" title=\"Edad m\u00ednima recomendada: 8 a\u00f1os\" src=\"https:\/\/juegosdelamesaredonda.com\/img\/caracteristicas\/10.svg\" alt=\"Edad m\u00ednima recomendada: 8 a\u00f1os\" \/> <span class=\"name\">Edad m\u00ednima:<\/span><span class=\"value\">8 a\u00f1os<\/span><\/div>\n<\/div>\n<div class=\"box_features\">\n<div class=\"iconfeature\"><img decoding=\"async\" class=\"\" title=\"Tipo: Juego de tablero\" src=\"https:\/\/juegosdelamesaredonda.com\/img\/caracteristicas\/11.svg\" alt=\"Tipo: Juego de tablero\" \/> <span class=\"name\">Tipo:<\/span><span class=\"value\">Juego de tablero<\/span><\/div>\n<\/div>\n<div class=\"box_features\">\n<div class=\"iconfeature\"><img decoding=\"async\" class=\"\" title=\"G\u00e9nero: Estrategia\" src=\"https:\/\/juegosdelamesaredonda.com\/img\/caracteristicas\/12.svg\" alt=\"G\u00e9nero: Estrategia\" \/> <span class=\"name\">G\u00e9nero:<\/span><span class=\"value\">Estrategia<\/span><\/div>\n<\/div>\n<div class=\"box_features\">\n<div class=\"iconfeature\"><img decoding=\"async\" class=\"\" title=\"Idioma: Espa\u00f1ol\" src=\"https:\/\/juegosdelamesaredonda.com\/img\/caracteristicas\/14.svg\" alt=\"Idioma: Espa\u00f1ol\" \/> <span class=\"name\">Idioma:<\/span><span class=\"value\">Espa\u00f1ol<\/span><\/div>\n<\/div>\n<div class=\"box_features\">\n<div class=\"iconfeature\"><img decoding=\"async\" class=\"\" title=\"Marca: Matagot\" src=\"https:\/\/juegosdelamesaredonda.com\/img\/caracteristicas\/13.svg\" alt=\"Marca: Matagot\" \/> <span class=\"name\">Marca:<\/span><span class=\"value\">Matagot<\/span><\/div>\n<\/div>\n","protected":false},"featured_media":5686,"comment_status":"open","ping_status":"closed","template":"","meta":{"_themeisle_gutenberg_block_has_review":false},"product_brand":[],"product_cat":[123,29],"product_tag":[155,980,979],"class_list":{"0":"post-5685","1":"product","2":"type-product","3":"status-publish","4":"has-post-thumbnail","6":"product_cat-otros-juegos","7":"product_cat-juegos-de-mesa","8":"product_tag-juegosdemesa","9":"product_tag-panda","10":"product_tag-takenoko","12":"first","13":"instock","14":"shipping-taxable","15":"purchasable","16":"product-type-simple"},"_links":{"self":[{"href":"https:\/\/magicgamesbolivia.com\/index.php\/wp-json\/wp\/v2\/product\/5685","targetHints":{"allow":["GET"]}}],"collection":[{"href":"https:\/\/magicgamesbolivia.com\/index.php\/wp-json\/wp\/v2\/product"}],"about":[{"href":"https:\/\/magicgamesbolivia.com\/index.php\/wp-json\/wp\/v2\/types\/product"}],"replies":[{"embeddable":true,"href":"https:\/\/magicgamesbolivia.com\/index.php\/wp-json\/wp\/v2\/comments?post=5685"}],"version-history":[{"count":1,"href":"https:\/\/magicgamesbolivia.com\/index.php\/wp-json\/wp\/v2\/product\/5685\/revisions"}],"predecessor-version":[{"id":5688,"href":"https:\/\/magicgamesbolivia.com\/index.php\/wp-json\/wp\/v2\/product\/5685\/revisions\/5688"}],"wp:featuredmedia":[{"embeddable":true,"href":"https:\/\/magicgamesbolivia.com\/index.php\/wp-json\/wp\/v2\/media\/5686"}],"wp:attachment":[{"href":"https:\/\/magicgamesbolivia.com\/index.php\/wp-json\/wp\/v2\/media?parent=5685"}],"wp:term":[{"taxonomy":"product_brand","embeddable":true,"href":"https:\/\/magicgamesbolivia.com\/index.php\/wp-json\/wp\/v2\/product_brand?post=5685"},{"taxonomy":"product_cat","embeddable":true,"href":"https:\/\/magicgamesbolivia.com\/index.php\/wp-json\/wp\/v2\/product_cat?post=5685"},{"taxonomy":"product_tag","embeddable":true,"href":"https:\/\/magicgamesbolivia.com\/index.php\/wp-json\/wp\/v2\/product_tag?post=5685"}],"curies":[{"name":"wp","href":"https:\/\/api.w.org\/{rel}","templated":true}]}}