{"id":5650,"date":"2025-05-13T20:46:41","date_gmt":"2025-05-13T20:46:41","guid":{"rendered":"https:\/\/magicgamesbolivia.com\/?post_type=product&#038;p=5650"},"modified":"2025-07-23T22:39:07","modified_gmt":"2025-07-23T22:39:07","slug":"cities","status":"publish","type":"product","link":"https:\/\/magicgamesbolivia.com\/index.php\/product\/cities\/","title":{"rendered":"CITIES"},"content":{"rendered":"<p style=\"font-weight: 500;\"><strong style=\"font-weight: 600;\">Cities<\/strong>\u00a0es un\u00a0<strong style=\"font-weight: 600;\">juego de mesa<\/strong>\u00a0en el que tendr\u00e1s que\u00a0<strong style=\"font-weight: 600;\">elaborar<\/strong>\u00a0un\u00a0<strong style=\"font-weight: 600;\">plan<\/strong>\u00a0para\u00a0<strong style=\"font-weight: 600;\">transformar<\/strong>\u00a0todo un\u00a0<strong style=\"font-weight: 600;\">barrio<\/strong>\u00a0de la ciudad. Tienes la oportunidad de\u00a0<strong style=\"font-weight: 600;\">construir<\/strong>\u00a0nuevas viviendas, edificios de oficinas, parques y zonas de ocio cerca del paseo mar\u00edtimo. Est\u00e1 en tus manos\u00a0<strong style=\"font-weight: 600;\">hacer<\/strong>\u00a0de la\u00a0<strong style=\"font-weight: 600;\">ciudad<\/strong>\u00a0un\u00a0<strong style=\"font-weight: 600;\">lugar<\/strong>\u00a0<strong style=\"font-weight: 600;\">mejor<\/strong>.<\/p>\n<p style=\"font-weight: 500;\"><strong style=\"font-weight: 600;\">Cities<\/strong>\u00a0es un\u00a0<strong style=\"font-weight: 600;\">juego de construcci\u00f3n<\/strong>\u00a0de\u00a0<strong style=\"font-weight: 600;\">ciudades<\/strong>\u00a0en el que redactas los\u00a0<strong style=\"font-weight: 600;\">mejores<\/strong>\u00a0<strong style=\"font-weight: 600;\">proyectos<\/strong>\u00a0y los\u00a0<strong style=\"font-weight: 600;\">organizas<\/strong>\u00a0en tu propia\u00a0<strong style=\"font-weight: 600;\">\u00e1rea<\/strong>\u00a0de\u00a0<strong style=\"font-weight: 600;\">juego<\/strong>. Con mecanismos de\u00a0<strong style=\"font-weight: 600;\">acci\u00f3n<\/strong>\u00a0y\u00a0<strong style=\"font-weight: 600;\">draft<\/strong>\u00a0de\u00a0<strong style=\"font-weight: 600;\">recursos<\/strong>, te dar\u00e1 la oportunidad de\u00a0<strong style=\"font-weight: 600;\">visitar<\/strong>\u00a0las\u00a0<strong style=\"font-weight: 600;\">ciudades<\/strong>\u00a0de Sydney, Londres, Nueva York, Barcelona, \u200b\u200bR\u00edo de Janeiro, Lisboa, Ciudad de M\u00e9xico y Buenos Aires. \u00bfPodr\u00e1s\u00a0<strong style=\"font-weight: 600;\">dise\u00f1ar<\/strong>\u00a0el\u00a0<strong style=\"font-weight: 600;\">barrio<\/strong>\u00a0m\u00e1s\u00a0<strong style=\"font-weight: 600;\">magn\u00edfico<\/strong>?<\/p>\n<p style=\"font-weight: 500;\">El juego se juega en\u00a0<strong style=\"font-weight: 600;\">ocho<\/strong>\u00a0<strong style=\"font-weight: 600;\">rondas<\/strong>\u00a0(o cuatro rondas en un juego de dos jugadores). En cada ronda, los jugadores usan a sus\u00a0<strong style=\"font-weight: 600;\">trabajadores<\/strong>\u00a0para\u00a0<strong style=\"font-weight: 600;\">recolectar<\/strong>\u00a01 carta de puntuaci\u00f3n, 1 ficha de ciudad, 1 o 2 fichas de caracter\u00edsticas y 2 a 4 piezas de construcci\u00f3n. Los\u00a0<strong style=\"font-weight: 600;\">mosaicos<\/strong>\u00a0de\u00a0<strong style=\"font-weight: 600;\">ciudad<\/strong>\u00a0se componen de espacios de parque, espacios de agua y espacios de construcci\u00f3n. Las\u00a0<strong style=\"font-weight: 600;\">piezas<\/strong>\u00a0de\u00a0<strong style=\"font-weight: 600;\">construcci\u00f3n<\/strong>\u00a0se colocan en\u00a0<strong style=\"font-weight: 600;\">espacios<\/strong>\u00a0de\u00a0<strong style=\"font-weight: 600;\">construcci\u00f3n<\/strong>\u00a0del mismo\u00a0<strong style=\"font-weight: 600;\">color<\/strong>\u00a0para\u00a0<strong style=\"font-weight: 600;\">formar<\/strong>\u00a0<strong style=\"font-weight: 600;\">edificios<\/strong>, que pueden tener entre\u00a0<strong style=\"font-weight: 600;\">1 y 4 pisos<\/strong>\u00a0de altura. Cada vez que un jugador\u00a0<strong style=\"font-weight: 600;\">cumple<\/strong>\u00a0un\u00a0<strong style=\"font-weight: 600;\">logro<\/strong>, coloca uno de sus\u00a0<strong style=\"font-weight: 600;\">discos<\/strong>\u00a0en el\u00a0<strong style=\"font-weight: 600;\">tablero<\/strong>\u00a0de logros. Al\u00a0<strong style=\"font-weight: 600;\">final<\/strong>\u00a0del juego, los jugadores\u00a0<strong style=\"font-weight: 600;\">suman<\/strong>\u00a0los\u00a0<strong style=\"font-weight: 600;\">puntos<\/strong>\u00a0que han obtenido de todas sus\u00a0<strong style=\"font-weight: 600;\">tarjetas<\/strong>\u00a0de\u00a0<strong style=\"font-weight: 600;\">puntuaci\u00f3n<\/strong>\u00a0y\u00a0<strong style=\"font-weight: 600;\">logros<\/strong>.<\/p>\n","protected":false},"excerpt":{"rendered":"<p><b>Cities<\/b>\u00a0es un\u00a0<b>juego de mesa<\/b>\u00a0en el que tendr\u00e1s que\u00a0<b>elaborar<\/b>\u00a0un\u00a0<b>plan<\/b>\u00a0para\u00a0<b>transformar<\/b>\u00a0todo un\u00a0<b>barrio<\/b>\u00a0de la ciudad. Tienes la oportunidad de\u00a0<b>construir<\/b>\u00a0nuevas viviendas, edificios de oficinas, parques y zonas de ocio cerca del paseo mar\u00edtimo. Est\u00e1 en tus manos\u00a0<b>hacer<\/b>\u00a0de la\u00a0<b>ciudad<\/b>\u00a0un\u00a0<b>lugar<\/b>\u00a0<b>mejor<\/b>.<\/p>\n<div class=\"box_features\">\n<div class=\"iconfeature\"><img decoding=\"async\" class=\"\" title=\"N\u00famero de jugadores: De 2 a 4 jugadores\" src=\"https:\/\/juegosdelamesaredonda.com\/img\/caracteristicas\/9.svg\" alt=\"N\u00famero de jugadores: De 2 a 4 jugadores\" \/><span class=\"name\">N\u00famero de jugadores:<\/span><span class=\"value\">De 2 a 4 jugadores<\/span><\/div>\n<\/div>\n<div class=\"box_features\">\n<div class=\"iconfeature\"><img decoding=\"async\" class=\"\" title=\"Duraci\u00f3n aproximada del juego: 35 minutos\" src=\"https:\/\/juegosdelamesaredonda.com\/img\/caracteristicas\/7.svg\" alt=\"Duraci\u00f3n aproximada del juego: 35 minutos\" \/> <span class=\"name\">Duraci\u00f3n aproximada:<\/span><span class=\"value\">35 minutos<\/span><\/div>\n<\/div>\n<div class=\"box_features\">\n<div class=\"iconfeature\"><img decoding=\"async\" class=\"\" title=\"Edad m\u00ednima recomendada: 10 a\u00f1os\" src=\"https:\/\/juegosdelamesaredonda.com\/img\/caracteristicas\/10.svg\" alt=\"Edad m\u00ednima recomendada: 10 a\u00f1os\" \/> <span class=\"name\">Edad m\u00ednima:<\/span><span class=\"value\">10 a\u00f1os<\/span><\/div>\n<\/div>\n<div class=\"box_features\">\n<div class=\"iconfeature\"><img decoding=\"async\" class=\"\" title=\"Tipo: Juego de tablero\" src=\"https:\/\/juegosdelamesaredonda.com\/img\/caracteristicas\/11.svg\" alt=\"Tipo: Juego de tablero\" \/> <span class=\"name\">Tipo:<\/span><span class=\"value\">Juego de tablero<\/span><\/div>\n<\/div>\n<div class=\"box_features\">\n<div class=\"iconfeature\"><img decoding=\"async\" class=\"\" title=\"G\u00e9nero: Estrategia\" src=\"https:\/\/juegosdelamesaredonda.com\/img\/caracteristicas\/12.svg\" alt=\"G\u00e9nero: Estrategia\" \/> <span class=\"name\">G\u00e9nero:<\/span><span class=\"value\">Estrategia<\/span><\/div>\n<\/div>\n<div class=\"box_features\">\n<div class=\"iconfeature\"><img decoding=\"async\" class=\"\" title=\"Idioma: Espa\u00f1ol\" src=\"https:\/\/juegosdelamesaredonda.com\/img\/caracteristicas\/14.svg\" alt=\"Idioma: Espa\u00f1ol\" \/> <span class=\"name\">Idioma:<\/span><span class=\"value\">Espa\u00f1ol<\/span><\/div>\n<\/div>\n<div class=\"box_features\">\n<div class=\"iconfeature\"><img decoding=\"async\" class=\"\" title=\"Marca: Devir\" src=\"https:\/\/juegosdelamesaredonda.com\/img\/caracteristicas\/13.svg\" alt=\"Marca: Devir\" \/> <span class=\"name\">Marca:<\/span><span class=\"value\">Devir<\/span><\/div>\n<\/div>\n","protected":false},"featured_media":5651,"comment_status":"open","ping_status":"closed","template":"","meta":{"_themeisle_gutenberg_block_has_review":false},"product_brand":[],"product_cat":[29,30],"product_tag":[31,973,679,155],"class_list":{"0":"post-5650","1":"product","2":"type-product","3":"status-publish","4":"has-post-thumbnail","6":"product_cat-juegos-de-mesa","7":"product_cat-devir","8":"product_tag-devir","9":"product_tag-estrategia","10":"product_tag-eurogame","11":"product_tag-juegosdemesa","13":"first","14":"instock","15":"shipping-taxable","16":"purchasable","17":"product-type-simple"},"_links":{"self":[{"href":"https:\/\/magicgamesbolivia.com\/index.php\/wp-json\/wp\/v2\/product\/5650","targetHints":{"allow":["GET"]}}],"collection":[{"href":"https:\/\/magicgamesbolivia.com\/index.php\/wp-json\/wp\/v2\/product"}],"about":[{"href":"https:\/\/magicgamesbolivia.com\/index.php\/wp-json\/wp\/v2\/types\/product"}],"replies":[{"embeddable":true,"href":"https:\/\/magicgamesbolivia.com\/index.php\/wp-json\/wp\/v2\/comments?post=5650"}],"version-history":[{"count":1,"href":"https:\/\/magicgamesbolivia.com\/index.php\/wp-json\/wp\/v2\/product\/5650\/revisions"}],"predecessor-version":[{"id":5652,"href":"https:\/\/magicgamesbolivia.com\/index.php\/wp-json\/wp\/v2\/product\/5650\/revisions\/5652"}],"wp:featuredmedia":[{"embeddable":true,"href":"https:\/\/magicgamesbolivia.com\/index.php\/wp-json\/wp\/v2\/media\/5651"}],"wp:attachment":[{"href":"https:\/\/magicgamesbolivia.com\/index.php\/wp-json\/wp\/v2\/media?parent=5650"}],"wp:term":[{"taxonomy":"product_brand","embeddable":true,"href":"https:\/\/magicgamesbolivia.com\/index.php\/wp-json\/wp\/v2\/product_brand?post=5650"},{"taxonomy":"product_cat","embeddable":true,"href":"https:\/\/magicgamesbolivia.com\/index.php\/wp-json\/wp\/v2\/product_cat?post=5650"},{"taxonomy":"product_tag","embeddable":true,"href":"https:\/\/magicgamesbolivia.com\/index.php\/wp-json\/wp\/v2\/product_tag?post=5650"}],"curies":[{"name":"wp","href":"https:\/\/api.w.org\/{rel}","templated":true}]}}