{"id":5609,"date":"2025-04-01T20:33:21","date_gmt":"2025-04-01T20:33:21","guid":{"rendered":"https:\/\/magicgamesbolivia.com\/?post_type=product&#038;p=5609"},"modified":"2025-04-01T20:33:54","modified_gmt":"2025-04-01T20:33:54","slug":"las-leyendas-de-andor-la-ultima-esperanza","status":"publish","type":"product","link":"https:\/\/magicgamesbolivia.com\/index.php\/product\/las-leyendas-de-andor-la-ultima-esperanza\/","title":{"rendered":"Las leyendas de Andor: la ultima esperanza"},"content":{"rendered":"<p>Hace cinco a\u00f1os el reconocido ilustrador\u00a0<strong>Michael Menzel<\/strong>, admirado por haber puesto sus pinceles al servicio de t\u00edtulos tan populares como\u00a0<strong>Catan<\/strong>,\u00a0<strong>Stone Age\u00a0<\/strong>o\u00a0<strong>Los Pilares De La Tierra<\/strong>, nos sorprend\u00eda con un nuevo proyecto:\u00a0<strong>Las Leyendas de Andor<\/strong>. Sin embargo, por primera vez, el autor iba un paso m\u00e1s all\u00e1 y no se encargaba exclusivamente del arte del juego, sino que tambi\u00e9n firmaba como el autor del mismo. La sorpresa fue may\u00fascula cuando al hacer las primeras partidas los jugadores descubrieron\u00a0que no s\u00f3lo se trataba de un juego hermoso, algo que ya pod\u00edamos prever trat\u00e1ndose de un trabajo de\u00a0<strong>Menzel<\/strong>, sino que nos encontr\u00e1bamos ante una aventura cooperativa\u00a0fascinante que mezclaba de forma \u00fanica la \u00e9pica de los juegos de aventuras con mec\u00e1nicas de eurogames, puzzles y del juego de rol fant\u00e1stico. Tal fue el \u00e9xito de\u00a0<strong>Las Leyendas de<\/strong>\u00a0<strong>Andor\u00a0<\/strong>que las leyendas no dejaron de multiplicarse, habi\u00e9ndose editado hasta la fecha el segundo gran episodio,\u00a0<strong>Viaje Al Norte<\/strong>, la continuaci\u00f3n de la caja b\u00e1sica,\u00a0<strong>El Escudo De Las Estrellas<\/strong>, y m\u00faltiples extras, promos, cajas especiales, e incluso las aventuras para dos jugadores de\u00a0<strong>Chada y Thorn<\/strong>. Pero todo lo bueno tiene un final. Ha llegado el momento de disfrutar de la esperada conclusi\u00f3n y fant\u00e1stica expansi\u00f3n y juego de mesa<strong>\u00a0Las Leyendas de Andor:\u00a0La \u00daltima Esperanza<\/strong>.<\/p>\n<p>Durante largo tiempo esperada, llega por fin la \u00faltima<strong>\u00a0expansi\u00f3n<\/strong>\u00a0de<strong>\u00a0Las Leyendas de Andor<\/strong>, el tercer cap\u00edtulo de esta historia de fantas\u00eda \u00e9pica titulado\u00a0<strong>La \u00daltima Esperanza<\/strong>.\u00a0Se trata de una caja cargada de contenido como nunca antes en la que nuestros h\u00e9roes vivir\u00e1n el apote\u00f3sico final de esta aventura fascinante. Por primera vez en los lanzamientos de\u00a0<strong>Las Leyendas de Andor\u00a0<\/strong>se trata de una expansi\u00f3n auto-jugable, por lo que<strong>\u00a0no ser\u00e1 necesario poseer ninguno de los materiales previos para poder lanzarse a la aventura.<\/strong>\u00a0Nos encontramos ante un\u00a0<strong>Andor\u00a0<\/strong>m\u00e1s oscuro\u00a0que nunca, pues nuestros h\u00e9roes, tras salir airosos de su\u00a0<strong>Viaje Al Norte,<\/strong>\u00a0vuelven a su reino, que se encuentra desolado por las fuerzas oscuras. \u00bfConseguir\u00e1n devolver la paz? Desc\u00fabrelo con este magn\u00edfico juego cooperativo de aventuras,\u00a0<strong>Las Leyendas de Andor Cap\u00edtulo III \u2013 La \u00daltima Esperanza.<\/strong><\/p>\n","protected":false},"excerpt":{"rendered":"<p><strong>Las Leyendas de Andor: La \u00daltima Esperanza<\/strong>\u00a0es la \u00faltima gran\u00a0<strong>expansi\u00f3n\u00a0y juego de mesa para Las leyendas de Andor<\/strong><strong>\u00a0<\/strong>un fant\u00e1stico y \u00e9pico juego de Michael Menzen.\u00a0<strong>Es el Tercer y \u00faltimo cap\u00edtulo, que llega para despedirse a lo grande.<\/strong><\/p>\n<div class=\"box_features\">\n<div class=\"iconfeature\"><img decoding=\"async\" class=\"\" title=\"N\u00famero de jugadores: De 2 a 4 jugadores\" src=\"https:\/\/juegosdelamesaredonda.com\/img\/caracteristicas\/9.svg\" alt=\"N\u00famero de jugadores: De 2 a 4 jugadores\" \/> <span class=\"name\">N\u00famero de jugadores:<\/span><span class=\"value\">De 2 a 4 jugadores<\/span><\/div>\n<\/div>\n<div class=\"box_features\">\n<div class=\"iconfeature\"><img decoding=\"async\" class=\"\" title=\"Duraci\u00f3n aproximada del juego: 60 minutos\" src=\"https:\/\/juegosdelamesaredonda.com\/img\/caracteristicas\/7.svg\" alt=\"Duraci\u00f3n aproximada del juego: 60 minutos\" \/> <span class=\"name\">Duraci\u00f3n aproximada:<\/span><span class=\"value\">60 minutos<\/span><\/div>\n<\/div>\n<div class=\"box_features\">\n<div class=\"iconfeature\"><img decoding=\"async\" class=\"\" title=\"Edad m\u00ednima recomendada: 10 a\u00f1os\" src=\"https:\/\/juegosdelamesaredonda.com\/img\/caracteristicas\/10.svg\" alt=\"Edad m\u00ednima recomendada: 10 a\u00f1os\" \/> <span class=\"name\">Edad m\u00ednima:<\/span><span class=\"value\">10 a\u00f1os<\/span><\/div>\n<\/div>\n<div class=\"box_features\">\n<div class=\"iconfeature\"><img decoding=\"async\" class=\"\" title=\"Tipo: Expansiones de Juegos\" src=\"https:\/\/juegosdelamesaredonda.com\/img\/caracteristicas\/11.svg\" alt=\"Tipo: Expansiones de Juegos\" \/> <span class=\"name\">Tipo:<\/span><span class=\"value\">Expansiones de Juegos<\/span><\/div>\n<\/div>\n<div class=\"box_features\">\n<div class=\"iconfeature\"><img decoding=\"async\" class=\"\" title=\"G\u00e9nero: Cooperativo\" src=\"https:\/\/juegosdelamesaredonda.com\/img\/caracteristicas\/12.svg\" alt=\"G\u00e9nero: Cooperativo\" \/> <span class=\"name\">G\u00e9nero:<\/span><span class=\"value\">Cooperativo<\/span><\/div>\n<\/div>\n<div class=\"box_features\">\n<div class=\"iconfeature\"><img decoding=\"async\" class=\"\" title=\"Idioma: Espa\u00f1ol\" src=\"https:\/\/juegosdelamesaredonda.com\/img\/caracteristicas\/14.svg\" alt=\"Idioma: Espa\u00f1ol\" \/> <span class=\"name\">Idioma:<\/span><span class=\"value\">Espa\u00f1ol<\/span><\/div>\n<\/div>\n<div class=\"box_features\">\n<div class=\"iconfeature\"><img decoding=\"async\" class=\"\" title=\"Marca: Devir\" src=\"https:\/\/juegosdelamesaredonda.com\/img\/caracteristicas\/13.svg\" alt=\"Marca: Devir\" \/> <span class=\"name\">Marca:<\/span><span class=\"value\">Devir<\/span><\/div>\n<\/div>\n","protected":false},"featured_media":5610,"comment_status":"open","ping_status":"closed","template":"","meta":{"_themeisle_gutenberg_block_has_review":false},"product_brand":[],"product_cat":[29,30],"product_tag":[966,965,31,967,218,964,963,227],"class_list":{"0":"post-5609","1":"product","2":"type-product","3":"status-publish","4":"has-post-thumbnail","6":"product_cat-juegos-de-mesa","7":"product_cat-devir","8":"product_tag-campana","9":"product_tag-capiltulo-3","10":"product_tag-devir","11":"product_tag-equipos","12":"product_tag-juegodemesa","13":"product_tag-laultimaesperanza","14":"product_tag-leyendasdeanor","15":"product_tag-rol","17":"first","18":"instock","19":"shipping-taxable","20":"purchasable","21":"product-type-simple"},"_links":{"self":[{"href":"https:\/\/magicgamesbolivia.com\/index.php\/wp-json\/wp\/v2\/product\/5609","targetHints":{"allow":["GET"]}}],"collection":[{"href":"https:\/\/magicgamesbolivia.com\/index.php\/wp-json\/wp\/v2\/product"}],"about":[{"href":"https:\/\/magicgamesbolivia.com\/index.php\/wp-json\/wp\/v2\/types\/product"}],"replies":[{"embeddable":true,"href":"https:\/\/magicgamesbolivia.com\/index.php\/wp-json\/wp\/v2\/comments?post=5609"}],"version-history":[{"count":1,"href":"https:\/\/magicgamesbolivia.com\/index.php\/wp-json\/wp\/v2\/product\/5609\/revisions"}],"predecessor-version":[{"id":5612,"href":"https:\/\/magicgamesbolivia.com\/index.php\/wp-json\/wp\/v2\/product\/5609\/revisions\/5612"}],"wp:featuredmedia":[{"embeddable":true,"href":"https:\/\/magicgamesbolivia.com\/index.php\/wp-json\/wp\/v2\/media\/5610"}],"wp:attachment":[{"href":"https:\/\/magicgamesbolivia.com\/index.php\/wp-json\/wp\/v2\/media?parent=5609"}],"wp:term":[{"taxonomy":"product_brand","embeddable":true,"href":"https:\/\/magicgamesbolivia.com\/index.php\/wp-json\/wp\/v2\/product_brand?post=5609"},{"taxonomy":"product_cat","embeddable":true,"href":"https:\/\/magicgamesbolivia.com\/index.php\/wp-json\/wp\/v2\/product_cat?post=5609"},{"taxonomy":"product_tag","embeddable":true,"href":"https:\/\/magicgamesbolivia.com\/index.php\/wp-json\/wp\/v2\/product_tag?post=5609"}],"curies":[{"name":"wp","href":"https:\/\/api.w.org\/{rel}","templated":true}]}}