{"id":5604,"date":"2025-03-24T22:24:45","date_gmt":"2025-03-24T22:24:45","guid":{"rendered":"https:\/\/magicgamesbolivia.com\/?post_type=product&#038;p=5604"},"modified":"2025-06-06T19:30:06","modified_gmt":"2025-06-06T19:30:06","slug":"combat-commander-europa","status":"publish","type":"product","link":"https:\/\/magicgamesbolivia.com\/index.php\/product\/combat-commander-europa\/","title":{"rendered":"Combat Commander Europa"},"content":{"rendered":"<p><strong>Combat Commander Europa<\/strong>\u00a0es un juego de mesa en el que\u00a0<strong>nos ponemos al mando de las tropas de infanter\u00eda alemanas o aliadas,<\/strong>\u00a0durante los<strong>\u00a0combates que se produjeron en Europa durante la Segunda Guerra Mundial.<\/strong><\/p>\n<p>&nbsp;<\/p>\n<p>Un jugador toma el mando de las\u00a0<strong>tropas alemanas,<\/strong>\u00a0mientras que el otro juega dirigiendo a los\u00a0<strong>aliados (Rusia o EEUU).<\/strong>\u00a0Los jugadores alternar\u00e1n sus turnos jugando\u00a0<strong>sus cartas<\/strong>\u00a0para mover sus unidades de forma estrat\u00e9gica o abrir fuego contra el enemigo para tratar de abatirlo.<\/p>\n<p>Adem\u00e1s,\u00a0<strong>cada hex\u00e1gono de Combat Commander<\/strong>\u00a0representa unos 30 metros, y cada unidad representa desde un oficial al mando hasta una escuadra de combate de 10 soldados.<\/p>\n<p><strong>Combat Commander<\/strong>\u00a0<strong>Europa\u00a0<\/strong>se centra en las peleas de peque\u00f1os destacamentos de tropas de infanter\u00eda entre alemanes, rusos y americanos con una interesante mec\u00e1nica de\u00a0<strong>card driven,<\/strong>\u00a0lo que proporciona al jugador una experiencia de juego intensa sin ser demasiado complicada, satisfaciendo las expectativas de los jugadores expertos y no expertos que quieran adentrarse en el mundo de los\u00a0<strong>Wargames.<\/strong><\/p>\n<p><strong>Combat Commander Europa<\/strong>\u00a0es una\u00a0<strong>reedici\u00f3n del juego de GMT Games de la mano de Devir<\/strong>\u00a0y se encuentra\u00a0<strong>\u00edntegra en castellano.<\/strong><\/p>\n","protected":false},"excerpt":{"rendered":"<p><strong>Combat Commander Europa<\/strong>\u00a0es un juego de mesa en el que\u00a0<strong>nos ponemos al mando de las tropas de infanter\u00eda alemanas o aliadas,<\/strong>\u00a0durante los<strong>\u00a0combates que se produjeron en Europa durante la Segunda Guerra Mundial.<\/strong><\/p>\n<div class=\"box_features\">\n<div class=\"iconfeature\"><img decoding=\"async\" class=\"\" title=\"N\u00famero de jugadores: Para 2 jugadores\" src=\"https:\/\/juegosdelamesaredonda.com\/img\/caracteristicas\/9.svg\" alt=\"N\u00famero de jugadores: Para 2 jugadores\" \/> <span class=\"name\">N\u00famero de jugadores:<\/span><span class=\"value\">Para 2 jugadores<\/span><\/div>\n<\/div>\n<div class=\"box_features\">\n<div class=\"iconfeature\"><img decoding=\"async\" class=\"\" title=\"Duraci\u00f3n aproximada del juego: 120 minutos\" src=\"https:\/\/juegosdelamesaredonda.com\/img\/caracteristicas\/7.svg\" alt=\"Duraci\u00f3n aproximada del juego: 120 minutos\" \/> <span class=\"name\">Duraci\u00f3n aproximada:<\/span><span class=\"value\">120 minutos<\/span><\/div>\n<\/div>\n<div class=\"box_features\">\n<div class=\"iconfeature\"><img decoding=\"async\" class=\"\" title=\"Edad m\u00ednima recomendada: 14 a\u00f1os\" src=\"https:\/\/juegosdelamesaredonda.com\/img\/caracteristicas\/10.svg\" alt=\"Edad m\u00ednima recomendada: 14 a\u00f1os\" \/> <span class=\"name\">Edad m\u00ednima:<\/span><span class=\"value\">14 a\u00f1os<\/span><\/div>\n<\/div>\n<div class=\"box_features\">\n<div class=\"iconfeature\"><img decoding=\"async\" class=\"\" title=\"Tipo: Juego de tablero\" src=\"https:\/\/juegosdelamesaredonda.com\/img\/caracteristicas\/11.svg\" alt=\"Tipo: Juego de tablero\" \/> <span class=\"name\">Tipo:<\/span><span class=\"value\">Juego de tablero<\/span><\/div>\n<\/div>\n<div class=\"box_features\">\n<div class=\"iconfeature\"><img decoding=\"async\" class=\"\" title=\"G\u00e9nero: Estrategia\" src=\"https:\/\/juegosdelamesaredonda.com\/img\/caracteristicas\/12.svg\" alt=\"G\u00e9nero: Estrategia\" \/> <span class=\"name\">G\u00e9nero:<\/span><span class=\"value\">Estrategia<\/span><\/div>\n<\/div>\n<div class=\"box_features\">\n<div class=\"iconfeature\"><img decoding=\"async\" class=\"\" title=\"Idioma: Espa\u00f1ol\" src=\"https:\/\/juegosdelamesaredonda.com\/img\/caracteristicas\/14.svg\" alt=\"Idioma: Espa\u00f1ol\" \/> <span class=\"name\">Idioma:<\/span><span class=\"value\">Espa\u00f1ol<\/span><\/div>\n<\/div>\n<div class=\"box_features\">\n<div class=\"iconfeature\"><img decoding=\"async\" class=\"\" title=\"Marca: Devir\" src=\"https:\/\/juegosdelamesaredonda.com\/img\/caracteristicas\/13.svg\" alt=\"Marca: Devir\" \/> <span class=\"name\">Marca:<\/span><span class=\"value\">Devir<\/span><\/div>\n<\/div>\n","protected":false},"featured_media":5605,"comment_status":"open","ping_status":"closed","template":"","meta":{"_themeisle_gutenberg_block_has_review":false},"product_brand":[],"product_cat":[29,30],"product_tag":[962,31,35,218],"class_list":{"0":"post-5604","1":"product","2":"type-product","3":"status-publish","4":"has-post-thumbnail","6":"product_cat-juegos-de-mesa","7":"product_cat-devir","8":"product_tag-combatcommadner","9":"product_tag-devir","10":"product_tag-guerra","11":"product_tag-juegodemesa","13":"first","14":"instock","15":"shipping-taxable","16":"purchasable","17":"product-type-simple"},"_links":{"self":[{"href":"https:\/\/magicgamesbolivia.com\/index.php\/wp-json\/wp\/v2\/product\/5604","targetHints":{"allow":["GET"]}}],"collection":[{"href":"https:\/\/magicgamesbolivia.com\/index.php\/wp-json\/wp\/v2\/product"}],"about":[{"href":"https:\/\/magicgamesbolivia.com\/index.php\/wp-json\/wp\/v2\/types\/product"}],"replies":[{"embeddable":true,"href":"https:\/\/magicgamesbolivia.com\/index.php\/wp-json\/wp\/v2\/comments?post=5604"}],"version-history":[{"count":2,"href":"https:\/\/magicgamesbolivia.com\/index.php\/wp-json\/wp\/v2\/product\/5604\/revisions"}],"predecessor-version":[{"id":5607,"href":"https:\/\/magicgamesbolivia.com\/index.php\/wp-json\/wp\/v2\/product\/5604\/revisions\/5607"}],"wp:featuredmedia":[{"embeddable":true,"href":"https:\/\/magicgamesbolivia.com\/index.php\/wp-json\/wp\/v2\/media\/5605"}],"wp:attachment":[{"href":"https:\/\/magicgamesbolivia.com\/index.php\/wp-json\/wp\/v2\/media?parent=5604"}],"wp:term":[{"taxonomy":"product_brand","embeddable":true,"href":"https:\/\/magicgamesbolivia.com\/index.php\/wp-json\/wp\/v2\/product_brand?post=5604"},{"taxonomy":"product_cat","embeddable":true,"href":"https:\/\/magicgamesbolivia.com\/index.php\/wp-json\/wp\/v2\/product_cat?post=5604"},{"taxonomy":"product_tag","embeddable":true,"href":"https:\/\/magicgamesbolivia.com\/index.php\/wp-json\/wp\/v2\/product_tag?post=5604"}],"curies":[{"name":"wp","href":"https:\/\/api.w.org\/{rel}","templated":true}]}}