{"id":5587,"date":"2025-03-23T23:14:18","date_gmt":"2025-03-23T23:14:18","guid":{"rendered":"https:\/\/magicgamesbolivia.com\/?post_type=product&#038;p=5587"},"modified":"2025-05-17T00:21:15","modified_gmt":"2025-05-17T00:21:15","slug":"azul-duel","status":"publish","type":"product","link":"https:\/\/magicgamesbolivia.com\/index.php\/product\/azul-duel\/","title":{"rendered":"Azul Duel"},"content":{"rendered":"<p><b>Azul Duel<\/b>\u00a0es un\u00a0<strong>juego de mesa<\/strong>\u00a0 dise\u00f1ado\u00a0<strong>especialmente para 2 jugadores<\/strong>\u00a0que trae consigo\u00a0<strong>nuevas caracter\u00edsticas que ofrecen m\u00e1s opciones t\u00e1cticas<\/strong>\u00a0que el Azul original.<\/p>\n<p><strong>Decora el techo del Palacio de Sintra con placas de c\u00fapula y losetas redondas<\/strong>. Apila losetas en el orden que elijas para\u00a0<strong>crear ofertas que tu oponente no podr\u00e1 rechazar.<\/strong><\/p>\n<p>\u00a1Desaf\u00eda a tus familiares y amigos para ver\u00a0<strong>qui\u00e9n es el mejor artista de azulejos de todo Portugal!<\/strong><\/p>\n<p><strong>* APILA LAS LOSETAS EN EL ORDEN QUE ELIJAS.<\/strong><\/p>\n<p><strong>* UNA NOVEDAD DE LA SERIE AZUL: \u00a1OBJETIVOS DE FINAL DE PARTIDA VARIABLES!<\/strong><\/p>\n<p><strong>* CREA UN TABLERO PERSONAL DIFERENTE EN CADA PARTIDA.<\/strong><\/p>\n","protected":false},"excerpt":{"rendered":"<div id=\"product-description-short-16774\" class=\"description-short\">\n<p><b>Azul Duel<\/b>\u00a0es un\u00a0<strong>juego de mesa<\/strong>\u00a0 dise\u00f1ado\u00a0<strong>especialmente para 2 jugadores<\/strong>\u00a0que trae consigo\u00a0<strong>nuevas caracter\u00edsticas que ofrecen m\u00e1s opciones t\u00e1cticas<\/strong>\u00a0que el Azul original.<\/p>\n<div class=\"box_features\">\n<div class=\"iconfeature\"><img decoding=\"async\" class=\"\" title=\"N\u00famero de jugadores: Para 2 jugadores\" src=\"https:\/\/juegosdelamesaredonda.com\/img\/caracteristicas\/9.svg\" alt=\"N\u00famero de jugadores: Para 2 jugadores\" \/> <span class=\"name\">N\u00famero de jugadores:<\/span><span class=\"value\">Para 2 jugadores<\/span><\/div>\n<\/div>\n<div class=\"box_features\">\n<div class=\"iconfeature\"><img decoding=\"async\" class=\"\" title=\"Duraci\u00f3n aproximada del juego: 30 minutos\" src=\"https:\/\/juegosdelamesaredonda.com\/img\/caracteristicas\/7.svg\" alt=\"Duraci\u00f3n aproximada del juego: 30 minutos\" \/> <span class=\"name\">Duraci\u00f3n aproximada:<\/span><span class=\"value\">30 minutos<\/span><\/div>\n<\/div>\n<div class=\"box_features\">\n<div class=\"iconfeature\"><img decoding=\"async\" class=\"\" title=\"Edad m\u00ednima recomendada: 10 a\u00f1os\" src=\"https:\/\/juegosdelamesaredonda.com\/img\/caracteristicas\/10.svg\" alt=\"Edad m\u00ednima recomendada: 10 a\u00f1os\" \/> <span class=\"name\">Edad m\u00ednima:<\/span><span class=\"value\">10 a\u00f1os<\/span><\/div>\n<\/div>\n<div class=\"box_features\">\n<div class=\"iconfeature\"><img decoding=\"async\" class=\"\" title=\"Tipo: Juego de tablero\" src=\"https:\/\/juegosdelamesaredonda.com\/img\/caracteristicas\/11.svg\" alt=\"Tipo: Juego de tablero\" \/> <span class=\"name\">Tipo:<\/span><span class=\"value\">Juego de tablero<\/span><\/div>\n<\/div>\n<div class=\"box_features\">\n<div class=\"iconfeature\"><img decoding=\"async\" class=\"\" title=\"G\u00e9nero: Estrategia\" src=\"https:\/\/juegosdelamesaredonda.com\/img\/caracteristicas\/12.svg\" alt=\"G\u00e9nero: Estrategia\" \/> <span class=\"name\">G\u00e9nero:<\/span><span class=\"value\">Estrategia<\/span><\/div>\n<\/div>\n<div class=\"box_features\">\n<div class=\"iconfeature\"><img decoding=\"async\" class=\"\" title=\"Idioma: Espa\u00f1ol\" src=\"https:\/\/juegosdelamesaredonda.com\/img\/caracteristicas\/14.svg\" alt=\"Idioma: Espa\u00f1ol\" \/> <span class=\"name\">Idioma:<\/span><span class=\"value\">Espa\u00f1ol<\/span><\/div>\n<\/div>\n<div class=\"box_features\">\n<div class=\"iconfeature\"><img decoding=\"async\" class=\"\" title=\"Marca: Asmodee\" src=\"https:\/\/juegosdelamesaredonda.com\/img\/caracteristicas\/13.svg\" alt=\"Marca: Asmodee\" \/> <span class=\"name\">Marca:<\/span><span class=\"value\">Asmodee<\/span><\/div>\n<\/div>\n<\/div>\n","protected":false},"featured_media":5588,"comment_status":"open","ping_status":"closed","template":"","meta":{"_themeisle_gutenberg_block_has_review":false},"product_brand":[],"product_cat":[352,29],"product_tag":[629,279,106,155,348,958],"class_list":{"0":"post-5587","1":"product","2":"type-product","3":"status-publish","4":"has-post-thumbnail","6":"product_cat-asmodee","7":"product_cat-juegos-de-mesa","8":"product_tag-2jugadores","9":"product_tag-asmodee","10":"product_tag-azul","11":"product_tag-juegosdemesa","12":"product_tag-parejas","13":"product_tag-vs","15":"first","16":"instock","17":"shipping-taxable","18":"purchasable","19":"product-type-simple"},"_links":{"self":[{"href":"https:\/\/magicgamesbolivia.com\/index.php\/wp-json\/wp\/v2\/product\/5587","targetHints":{"allow":["GET"]}}],"collection":[{"href":"https:\/\/magicgamesbolivia.com\/index.php\/wp-json\/wp\/v2\/product"}],"about":[{"href":"https:\/\/magicgamesbolivia.com\/index.php\/wp-json\/wp\/v2\/types\/product"}],"replies":[{"embeddable":true,"href":"https:\/\/magicgamesbolivia.com\/index.php\/wp-json\/wp\/v2\/comments?post=5587"}],"version-history":[{"count":2,"href":"https:\/\/magicgamesbolivia.com\/index.php\/wp-json\/wp\/v2\/product\/5587\/revisions"}],"predecessor-version":[{"id":5591,"href":"https:\/\/magicgamesbolivia.com\/index.php\/wp-json\/wp\/v2\/product\/5587\/revisions\/5591"}],"wp:featuredmedia":[{"embeddable":true,"href":"https:\/\/magicgamesbolivia.com\/index.php\/wp-json\/wp\/v2\/media\/5588"}],"wp:attachment":[{"href":"https:\/\/magicgamesbolivia.com\/index.php\/wp-json\/wp\/v2\/media?parent=5587"}],"wp:term":[{"taxonomy":"product_brand","embeddable":true,"href":"https:\/\/magicgamesbolivia.com\/index.php\/wp-json\/wp\/v2\/product_brand?post=5587"},{"taxonomy":"product_cat","embeddable":true,"href":"https:\/\/magicgamesbolivia.com\/index.php\/wp-json\/wp\/v2\/product_cat?post=5587"},{"taxonomy":"product_tag","embeddable":true,"href":"https:\/\/magicgamesbolivia.com\/index.php\/wp-json\/wp\/v2\/product_tag?post=5587"}],"curies":[{"name":"wp","href":"https:\/\/api.w.org\/{rel}","templated":true}]}}