{"id":5557,"date":"2025-03-11T19:22:32","date_gmt":"2025-03-11T19:22:32","guid":{"rendered":"https:\/\/magicgamesbolivia.com\/?post_type=product&#038;p=5557"},"modified":"2025-05-05T16:49:00","modified_gmt":"2025-05-05T16:49:00","slug":"gran-hotel-austria","status":"publish","type":"product","link":"https:\/\/magicgamesbolivia.com\/index.php\/product\/gran-hotel-austria\/","title":{"rendered":"Gran Hotel Austria"},"content":{"rendered":"<p><em>A principios del siglo XX, Viene fue uno de los principales centros de Europa. Artistas, pol\u00edticos, nobles, ciudadanos y turistas pululan por las calles de la ciudad, y el emperador gobierna a todos ellos.<\/em><\/p>\n<p>&nbsp;<\/p>\n<p>En el juego de mesa\u00a0<strong>Gran Hotel Austria<\/strong>\u00a0llegas a la Viena modernista, con la intenci\u00f3n de probar suerte como hostelero. Para lograr triunfar en tu cometido,\u00a0<strong>deber\u00e1s expandir tu hotelito<\/strong>\u00a0y preparar nuevas habitaciones.<\/p>\n<p>&nbsp;<\/p>\n<p>Mientras tanto, tus hu\u00e9spedes requerir\u00e1n de la\u00a0<strong>excelencia culinaria.<\/strong>\u00a0Tendr\u00e1s que asegurarte de cada hu\u00e9sped recibe la comida y la bebida adecuada, y a lo mejor, necesitas\u00a0<strong>contratar personal adicional.<\/strong><\/p>\n<p>&nbsp;<\/p>\n<p>\u00a1Y no te olvides de rendir homenaje al\u00a0<strong>emperador,<\/strong>\u00a0o caer\u00e1s en desgracia muy pronto! Disfruta del reto y\u00a0<strong>convierte tu peque\u00f1o hostal en el\u00a0Gran Hotel Austria.<\/strong><\/p>\n<p><strong>Gran Hotel Austria<\/strong>\u00a0es un juego de mesa de gesti\u00f3n de recursos en el que los jugadores tratan de convertir una peque\u00f1a cafeter\u00eda en un gran Hotel. Para ello, tendremos que<strong>\u00a0satisfacer las exigencias de los clientes, preparar habitaciones, contratar personal y conseguir alimentos y bebidas entre otras cosas.<\/strong><\/p>\n<p>La\u00a0<strong>mec\u00e1nica del juego<\/strong>\u00a0consiste en que el primer jugador lanza una serie de dados dependiendo del n\u00famero de jugadores y en funci\u00f3n de los resultados que se obtengan quedan activas una serie de acciones para hacer en ese turno. A medida que realizamos acciones vamos cogiendo dados. Tambi\u00e9n hay que tener en cuenta los posibles combos que podemos hacer con los efectos de las cartas de los clientes y del personal que vamos incorporando.<\/p>\n<p>El\u00a0<strong>objetivo del juego<\/strong>\u00a0es conseguir la mayor cantidad de puntos de victoria que se consiguen principalmente al conseguir alojar a los hu\u00e9spedes en el hotel.<\/p>\n","protected":false},"excerpt":{"rendered":"<p><strong>Gran Hotel Austria<\/strong>\u00a0\u00a0es un juego de mesa de gesti\u00f3n de recursos en el que los jugadores tratan de convertir una peque\u00f1a cafeter\u00eda en un gran Hotel. Para ello, tendremos que<strong>\u00a0satisfacer las exigencias de los clientes, preparar habitaciones, contratar personal y conseguir alimentos y bebidas entre otras cosas.<\/strong><\/p>\n<div class=\"box_features\">\n<div class=\"iconfeature\"><img decoding=\"async\" class=\"\" title=\"N\u00famero de jugadores: De 2 a 4 jugadores\" src=\"https:\/\/juegosdelamesaredonda.com\/img\/caracteristicas\/9.svg\" alt=\"N\u00famero de jugadores: De 2 a 4 jugadores\" \/> <span class=\"name\">N\u00famero de jugadores:<\/span><span class=\"value\">De 2 a 4 jugadores<\/span><\/div>\n<\/div>\n<div class=\"box_features\">\n<div class=\"iconfeature\"><img decoding=\"async\" class=\"\" title=\"Duraci\u00f3n aproximada del juego: 90 minutos\" src=\"https:\/\/juegosdelamesaredonda.com\/img\/caracteristicas\/7.svg\" alt=\"Duraci\u00f3n aproximada del juego: 90 minutos\" \/> <span class=\"name\">Duraci\u00f3n aproximada:<\/span><span class=\"value\">90 minutos<\/span><\/div>\n<\/div>\n<div class=\"box_features\">\n<div class=\"iconfeature\"><img decoding=\"async\" class=\"\" title=\"Edad m\u00ednima recomendada: 12 a\u00f1os\" src=\"https:\/\/juegosdelamesaredonda.com\/img\/caracteristicas\/10.svg\" alt=\"Edad m\u00ednima recomendada: 12 a\u00f1os\" \/> <span class=\"name\">Edad m\u00ednima:<\/span><span class=\"value\">12 a\u00f1os<\/span><\/div>\n<\/div>\n<div class=\"box_features\">\n<div class=\"iconfeature\"><img decoding=\"async\" class=\"\" title=\"Tipo: Juego de tablero\" src=\"https:\/\/juegosdelamesaredonda.com\/img\/caracteristicas\/11.svg\" alt=\"Tipo: Juego de tablero\" \/> <span class=\"name\">Tipo:<\/span><span class=\"value\">Juego de tablero<\/span><\/div>\n<\/div>\n<div class=\"box_features\">\n<div class=\"iconfeature\"><img decoding=\"async\" class=\"\" title=\"G\u00e9nero: Estrategia\" src=\"https:\/\/juegosdelamesaredonda.com\/img\/caracteristicas\/12.svg\" alt=\"G\u00e9nero: Estrategia\" \/> <span class=\"name\">G\u00e9nero:<\/span><span class=\"value\">Estrategia<\/span><\/div>\n<\/div>\n<div class=\"box_features\">\n<div class=\"iconfeature\"><img decoding=\"async\" class=\"\" title=\"Idioma: Espa\u00f1ol\" src=\"https:\/\/juegosdelamesaredonda.com\/img\/caracteristicas\/14.svg\" alt=\"Idioma: Espa\u00f1ol\" \/> <span class=\"name\">Idioma:<\/span><span class=\"value\">Espa\u00f1ol<\/span><\/div>\n<\/div>\n<div class=\"box_features\">\n<div class=\"iconfeature\"><img decoding=\"async\" class=\"\" title=\"Marca: Maldito Games\" src=\"https:\/\/juegosdelamesaredonda.com\/img\/caracteristicas\/13.svg\" alt=\"Marca: Maldito Games\" \/> <span class=\"name\">Marca:<\/span><span class=\"value\">Maldito Games<\/span><\/div>\n<\/div>\n<p>&nbsp;<\/p>\n","protected":false},"featured_media":5558,"comment_status":"open","ping_status":"closed","template":"","meta":{"_themeisle_gutenberg_block_has_review":false},"product_brand":[],"product_cat":[29,93],"product_tag":[679,951,218],"class_list":{"0":"post-5557","1":"product","2":"type-product","3":"status-publish","4":"has-post-thumbnail","6":"product_cat-juegos-de-mesa","7":"product_cat-maldito-games","8":"product_tag-eurogame","9":"product_tag-grandhotelaustria","10":"product_tag-juegodemesa","12":"first","13":"outofstock","14":"shipping-taxable","15":"purchasable","16":"product-type-simple"},"_links":{"self":[{"href":"https:\/\/magicgamesbolivia.com\/index.php\/wp-json\/wp\/v2\/product\/5557","targetHints":{"allow":["GET"]}}],"collection":[{"href":"https:\/\/magicgamesbolivia.com\/index.php\/wp-json\/wp\/v2\/product"}],"about":[{"href":"https:\/\/magicgamesbolivia.com\/index.php\/wp-json\/wp\/v2\/types\/product"}],"replies":[{"embeddable":true,"href":"https:\/\/magicgamesbolivia.com\/index.php\/wp-json\/wp\/v2\/comments?post=5557"}],"version-history":[{"count":1,"href":"https:\/\/magicgamesbolivia.com\/index.php\/wp-json\/wp\/v2\/product\/5557\/revisions"}],"predecessor-version":[{"id":5560,"href":"https:\/\/magicgamesbolivia.com\/index.php\/wp-json\/wp\/v2\/product\/5557\/revisions\/5560"}],"wp:featuredmedia":[{"embeddable":true,"href":"https:\/\/magicgamesbolivia.com\/index.php\/wp-json\/wp\/v2\/media\/5558"}],"wp:attachment":[{"href":"https:\/\/magicgamesbolivia.com\/index.php\/wp-json\/wp\/v2\/media?parent=5557"}],"wp:term":[{"taxonomy":"product_brand","embeddable":true,"href":"https:\/\/magicgamesbolivia.com\/index.php\/wp-json\/wp\/v2\/product_brand?post=5557"},{"taxonomy":"product_cat","embeddable":true,"href":"https:\/\/magicgamesbolivia.com\/index.php\/wp-json\/wp\/v2\/product_cat?post=5557"},{"taxonomy":"product_tag","embeddable":true,"href":"https:\/\/magicgamesbolivia.com\/index.php\/wp-json\/wp\/v2\/product_tag?post=5557"}],"curies":[{"name":"wp","href":"https:\/\/api.w.org\/{rel}","templated":true}]}}