{"id":5553,"date":"2025-03-11T00:00:52","date_gmt":"2025-03-11T00:00:52","guid":{"rendered":"https:\/\/magicgamesbolivia.com\/?post_type=product&#038;p=5553"},"modified":"2026-03-24T14:56:03","modified_gmt":"2026-03-24T14:56:03","slug":"catan-el-auge-de-los-incas","status":"publish","type":"product","link":"https:\/\/magicgamesbolivia.com\/index.php\/product\/catan-el-auge-de-los-incas\/","title":{"rendered":"Catan: El auge de los Incas"},"content":{"rendered":"<p>Revive toda la magia de\u00a0<strong>Catan<\/strong>\u00a0en un entorno completamente nuevo con el\u00a0 juego de mesa\u00a0<strong>Catan<\/strong>\u00a0<strong>El Auge de los Incas<\/strong>.\u00a0En esta<strong>\u00a0nueva versi\u00f3n del juego<\/strong>\u00a0que lo comenz\u00f3 todo, nos trasladamos a la\u00a0<strong>antigua Sudam\u00e9rica<\/strong>\u00a0para colonizar este\u00a0<strong>territorio inh\u00f3spito y m\u00edstico<\/strong>.<\/p>\n<p>La\u00a0<strong>naturaleza<\/strong>\u00a0no nos pondr\u00e1 las cosas f\u00e1ciles y nos obligar\u00e1 a utilizar<strong>\u00a0nuevas estrategias<\/strong>\u00a0para poder luchar contra ella. Descubre\u00a0<strong>El Auge de Los Incas<\/strong>, un juego \u00fanico en\u00a0<strong>edici\u00f3n limitada<\/strong>\u00a0incluido en la serie Catan Historias que har\u00e1 las<strong>\u00a0delicias de coleccionistas<\/strong>\u00a0y\u00a0<strong>amantes de nuevas experiencias<\/strong>.<\/p>\n","protected":false},"excerpt":{"rendered":"<p>Revive toda la magia de\u00a0<strong>Catan<\/strong>\u00a0en un entorno completamente nuevo con el\u00a0 juego de mesa\u00a0<strong>Catan<\/strong>\u00a0<strong>El Auge de los Incas<\/strong>.\u00a0En esta<strong>\u00a0nueva versi\u00f3n del juego<\/strong>\u00a0que lo comenz\u00f3 todo, nos trasladamos a la\u00a0<strong>antigua Sudam\u00e9rica<\/strong>\u00a0para colonizar este\u00a0<strong>territorio inh\u00f3spito y m\u00edstico<\/strong>.<\/p>\n<div class=\"box_features\">\n<div class=\"iconfeature\"><img decoding=\"async\" class=\"\" title=\"N\u00famero de jugadores: De 3 a 4 jugadores\" src=\"https:\/\/juegosdelamesaredonda.com\/img\/caracteristicas\/9.svg\" alt=\"N\u00famero de jugadores: De 3 a 4 jugadores\" \/> <span class=\"name\">N\u00famero de jugadores:<\/span><span class=\"value\">De 3 a 4 jugadores<\/span><\/div>\n<\/div>\n<div class=\"box_features\">\n<div class=\"iconfeature\"><img decoding=\"async\" class=\"\" title=\"Duraci\u00f3n aproximada del juego: 60 minutos\" src=\"https:\/\/juegosdelamesaredonda.com\/img\/caracteristicas\/7.svg\" alt=\"Duraci\u00f3n aproximada del juego: 60 minutos\" \/> <span class=\"name\">Duraci\u00f3n aproximada:<\/span><span class=\"value\">60 minutos<\/span><\/div>\n<\/div>\n<div class=\"box_features\">\n<div class=\"iconfeature\"><img decoding=\"async\" class=\"\" title=\"Edad m\u00ednima recomendada: 12 a\u00f1os\" src=\"https:\/\/juegosdelamesaredonda.com\/img\/caracteristicas\/10.svg\" alt=\"Edad m\u00ednima recomendada: 12 a\u00f1os\" \/> <span class=\"name\">Edad m\u00ednima:<\/span><span class=\"value\">12 a\u00f1os<\/span><\/div>\n<\/div>\n<div class=\"box_features\">\n<div class=\"iconfeature\"><img decoding=\"async\" class=\"\" title=\"Tipo: Juego de tablero\" src=\"https:\/\/juegosdelamesaredonda.com\/img\/caracteristicas\/11.svg\" alt=\"Tipo: Juego de tablero\" \/> <span class=\"name\">Tipo:<\/span><span class=\"value\">Juego de tablero<\/span><\/div>\n<\/div>\n<div class=\"box_features\">\n<div class=\"iconfeature\"><img decoding=\"async\" class=\"\" title=\"G\u00e9nero: Estrategia\" src=\"https:\/\/juegosdelamesaredonda.com\/img\/caracteristicas\/12.svg\" alt=\"G\u00e9nero: Estrategia\" \/> <span class=\"name\">G\u00e9nero:<\/span><span class=\"value\">Estrategia<\/span><\/div>\n<\/div>\n<div class=\"box_features\">\n<div class=\"iconfeature\"><img decoding=\"async\" class=\"\" title=\"Idioma: Espa\u00f1ol\" src=\"https:\/\/juegosdelamesaredonda.com\/img\/caracteristicas\/14.svg\" alt=\"Idioma: Espa\u00f1ol\" \/> <span class=\"name\">Idioma:<\/span><span class=\"value\">Espa\u00f1ol<\/span><\/div>\n<\/div>\n<div class=\"box_features\">\n<div class=\"iconfeature\"><img decoding=\"async\" class=\"\" title=\"Marca: Devir\" src=\"https:\/\/juegosdelamesaredonda.com\/img\/caracteristicas\/13.svg\" alt=\"Marca: Devir\" \/> <span class=\"name\">Marca:<\/span><span class=\"value\">Devir<\/span><\/div>\n<\/div>\n","protected":false},"featured_media":5554,"comment_status":"open","ping_status":"closed","template":"","meta":{"_themeisle_gutenberg_block_has_review":false},"product_brand":[],"product_cat":[29,30],"product_tag":[32,31,950,218],"class_list":{"0":"post-5553","1":"product","2":"type-product","3":"status-publish","4":"has-post-thumbnail","6":"product_cat-juegos-de-mesa","7":"product_cat-devir","8":"product_tag-catan","9":"product_tag-devir","10":"product_tag-incas","11":"product_tag-juegodemesa","13":"first","14":"outofstock","15":"shipping-taxable","16":"purchasable","17":"product-type-simple"},"_links":{"self":[{"href":"https:\/\/magicgamesbolivia.com\/index.php\/wp-json\/wp\/v2\/product\/5553","targetHints":{"allow":["GET"]}}],"collection":[{"href":"https:\/\/magicgamesbolivia.com\/index.php\/wp-json\/wp\/v2\/product"}],"about":[{"href":"https:\/\/magicgamesbolivia.com\/index.php\/wp-json\/wp\/v2\/types\/product"}],"replies":[{"embeddable":true,"href":"https:\/\/magicgamesbolivia.com\/index.php\/wp-json\/wp\/v2\/comments?post=5553"}],"version-history":[{"count":1,"href":"https:\/\/magicgamesbolivia.com\/index.php\/wp-json\/wp\/v2\/product\/5553\/revisions"}],"predecessor-version":[{"id":5555,"href":"https:\/\/magicgamesbolivia.com\/index.php\/wp-json\/wp\/v2\/product\/5553\/revisions\/5555"}],"wp:featuredmedia":[{"embeddable":true,"href":"https:\/\/magicgamesbolivia.com\/index.php\/wp-json\/wp\/v2\/media\/5554"}],"wp:attachment":[{"href":"https:\/\/magicgamesbolivia.com\/index.php\/wp-json\/wp\/v2\/media?parent=5553"}],"wp:term":[{"taxonomy":"product_brand","embeddable":true,"href":"https:\/\/magicgamesbolivia.com\/index.php\/wp-json\/wp\/v2\/product_brand?post=5553"},{"taxonomy":"product_cat","embeddable":true,"href":"https:\/\/magicgamesbolivia.com\/index.php\/wp-json\/wp\/v2\/product_cat?post=5553"},{"taxonomy":"product_tag","embeddable":true,"href":"https:\/\/magicgamesbolivia.com\/index.php\/wp-json\/wp\/v2\/product_tag?post=5553"}],"curies":[{"name":"wp","href":"https:\/\/api.w.org\/{rel}","templated":true}]}}