{"id":5546,"date":"2025-03-10T23:20:43","date_gmt":"2025-03-10T23:20:43","guid":{"rendered":"https:\/\/magicgamesbolivia.com\/?post_type=product&#038;p=5546"},"modified":"2025-07-23T22:31:02","modified_gmt":"2025-07-23T22:31:02","slug":"stone-age","status":"publish","type":"product","link":"https:\/\/magicgamesbolivia.com\/index.php\/product\/stone-age\/","title":{"rendered":"Stone Age"},"content":{"rendered":"<p>En Stone Age, los jugadores podr\u00e1n recrear la \u00e9poca de la Edad de Piedra, como la vivieron nuestros antepasados. Tendr\u00e1n que recoger madera, romperla piedra y extraer oro del rio. Tendr\u00e1n que comerciar y expandir su aldea, para as\u00ed alcanzar nuevas cotas de civilizaci\u00f3n.<\/p>\n<p>Con un adecuado equilibrio entre suerte y planificaci\u00f3n, los jugadores tendr\u00e1n que competir por la comida en aquellos tiempos prehist\u00f3ricos.<\/p>\n<p>En Stone Age  cada turno tienes la posibilidad de asignar a tus trabajadores una tarea, ya sea cortando le\u00f1a, haciendo ladrillos , picando piedra en la cantera o buscando oro en el rio, entre otras cosas como por ejemplo fabricar herramientas o incluso encerrarlos en una caba\u00f1a para procrear y as\u00ed aumentar el n\u00famero de trabajadores.<\/p>\n<p>Es importante siempre tener en cuenta que al  final de cada turno tienes que alimentar a tus trabajadores con la comida que ellos mismos han cultivado en los campos.<\/p>\n<p>Una vez vas acumulando recursos vas construyendo caba\u00f1as o comprando cartas de civilizaci\u00f3n en ambos casos para aumentar tus puntos de victoria. Cuando se terminan los edificios o las cartas de civilizaci\u00f3n se procede a contar todos los puntos de victoria para determinar el ganador de este gran juego de gesti\u00f3n de recursos ambientado en la prehistoria.<\/p>\n","protected":false},"excerpt":{"rendered":"<p>En\u00a0<strong>Stone Age\u00a0<\/strong>\u00a0convi\u00e9rtete en el jefe de una aldea de la\u00a0<strong>prehistoria<\/strong>\u00a0y haz que tu aldea sea la m\u00e1s importante, por medio de la\u00a0<strong>gesti\u00f3n de los recursos<\/strong>\u00a0que tienes a mano. As\u00ed que no dudes en construir, sacar oro y expandirte en este animado juego.<\/p>\n<div class=\"box_features\">\n<div class=\"iconfeature\"><img decoding=\"async\" class=\"\" title=\"N\u00famero de jugadores: De 2 a 4 jugadores\" src=\"https:\/\/juegosdelamesaredonda.com\/img\/caracteristicas\/9.svg\" alt=\"N\u00famero de jugadores: De 2 a 4 jugadores\" \/> <span class=\"name\">N\u00famero de jugadores:<\/span><span class=\"value\">De 2 a 4 jugadores<\/span><\/div>\n<\/div>\n<div class=\"box_features\">\n<div class=\"iconfeature\"><img decoding=\"async\" class=\"\" title=\"Duraci\u00f3n aproximada del juego: 60 minutos\" src=\"https:\/\/juegosdelamesaredonda.com\/img\/caracteristicas\/7.svg\" alt=\"Duraci\u00f3n aproximada del juego: 60 minutos\" \/> <span class=\"name\">Duraci\u00f3n aproximada:<\/span><span class=\"value\">60 minutos<\/span><\/div>\n<\/div>\n<div class=\"box_features\">\n<div class=\"iconfeature\"><img decoding=\"async\" class=\"\" title=\"Edad m\u00ednima recomendada: 10 a\u00f1os\" src=\"https:\/\/juegosdelamesaredonda.com\/img\/caracteristicas\/10.svg\" alt=\"Edad m\u00ednima recomendada: 10 a\u00f1os\" \/> <span class=\"name\">Edad m\u00ednima:<\/span><span class=\"value\">10 a\u00f1os<\/span><\/div>\n<\/div>\n<div class=\"box_features\">\n<div class=\"iconfeature\"><img decoding=\"async\" class=\"\" title=\"Tipo: Juego de tablero\" src=\"https:\/\/juegosdelamesaredonda.com\/img\/caracteristicas\/11.svg\" alt=\"Tipo: Juego de tablero\" \/> <span class=\"name\">Tipo:<\/span><span class=\"value\">Juego de tablero<\/span><\/div>\n<\/div>\n<div class=\"box_features\">\n<div class=\"iconfeature\"><img decoding=\"async\" class=\"\" title=\"G\u00e9nero: Estrategia\" src=\"https:\/\/juegosdelamesaredonda.com\/img\/caracteristicas\/12.svg\" alt=\"G\u00e9nero: Estrategia\" \/> <span class=\"name\">G\u00e9nero:<\/span><span class=\"value\">Estrategia<\/span><\/div>\n<\/div>\n<div class=\"box_features\">\n<div class=\"iconfeature\"><img decoding=\"async\" class=\"\" title=\"Idioma: Espa\u00f1ol\" src=\"https:\/\/juegosdelamesaredonda.com\/img\/caracteristicas\/14.svg\" alt=\"Idioma: Espa\u00f1ol\" \/> <span class=\"name\">Idioma:<\/span><span class=\"value\">Espa\u00f1ol<\/span><\/div>\n<\/div>\n<div class=\"box_features\">\n<div class=\"iconfeature\"><img decoding=\"async\" class=\"\" title=\"Marca: Devir\" src=\"https:\/\/juegosdelamesaredonda.com\/img\/caracteristicas\/13.svg\" alt=\"Marca: Devir\" \/> <span class=\"name\">Marca:<\/span><span class=\"value\">Devir<\/span><\/div>\n<\/div>\n","protected":false},"featured_media":5547,"comment_status":"open","ping_status":"closed","template":"","meta":{"_themeisle_gutenberg_block_has_review":false},"product_brand":[],"product_cat":[29,30],"product_tag":[31,679,155,946],"class_list":{"0":"post-5546","1":"product","2":"type-product","3":"status-publish","4":"has-post-thumbnail","6":"product_cat-juegos-de-mesa","7":"product_cat-devir","8":"product_tag-devir","9":"product_tag-eurogame","10":"product_tag-juegosdemesa","11":"product_tag-stoneage","13":"first","14":"outofstock","15":"shipping-taxable","16":"purchasable","17":"product-type-simple"},"_links":{"self":[{"href":"https:\/\/magicgamesbolivia.com\/index.php\/wp-json\/wp\/v2\/product\/5546","targetHints":{"allow":["GET"]}}],"collection":[{"href":"https:\/\/magicgamesbolivia.com\/index.php\/wp-json\/wp\/v2\/product"}],"about":[{"href":"https:\/\/magicgamesbolivia.com\/index.php\/wp-json\/wp\/v2\/types\/product"}],"replies":[{"embeddable":true,"href":"https:\/\/magicgamesbolivia.com\/index.php\/wp-json\/wp\/v2\/comments?post=5546"}],"version-history":[{"count":1,"href":"https:\/\/magicgamesbolivia.com\/index.php\/wp-json\/wp\/v2\/product\/5546\/revisions"}],"predecessor-version":[{"id":5549,"href":"https:\/\/magicgamesbolivia.com\/index.php\/wp-json\/wp\/v2\/product\/5546\/revisions\/5549"}],"wp:featuredmedia":[{"embeddable":true,"href":"https:\/\/magicgamesbolivia.com\/index.php\/wp-json\/wp\/v2\/media\/5547"}],"wp:attachment":[{"href":"https:\/\/magicgamesbolivia.com\/index.php\/wp-json\/wp\/v2\/media?parent=5546"}],"wp:term":[{"taxonomy":"product_brand","embeddable":true,"href":"https:\/\/magicgamesbolivia.com\/index.php\/wp-json\/wp\/v2\/product_brand?post=5546"},{"taxonomy":"product_cat","embeddable":true,"href":"https:\/\/magicgamesbolivia.com\/index.php\/wp-json\/wp\/v2\/product_cat?post=5546"},{"taxonomy":"product_tag","embeddable":true,"href":"https:\/\/magicgamesbolivia.com\/index.php\/wp-json\/wp\/v2\/product_tag?post=5546"}],"curies":[{"name":"wp","href":"https:\/\/api.w.org\/{rel}","templated":true}]}}