{"id":5534,"date":"2025-03-05T21:36:16","date_gmt":"2025-03-05T21:36:16","guid":{"rendered":"https:\/\/magicgamesbolivia.com\/?post_type=product&#038;p=5534"},"modified":"2026-01-08T13:02:57","modified_gmt":"2026-01-08T13:02:57","slug":"anarchy-pancakes","status":"publish","type":"product","link":"https:\/\/magicgamesbolivia.com\/index.php\/product\/anarchy-pancakes\/","title":{"rendered":"Anarchy Pancakes"},"content":{"rendered":"<p>En el trepidante juego de combinaci\u00f3n Anarchy Pancakes, cada jugador comienza con siete cartas de panqueques que presentan varios ingredientes inadaptados, como una lombriz de tierra, un donut en llamas y una calavera con un sombrero de fiesta.<\/p>\n<p>A la cuenta de tres, los jugadores intentan hacer coincidir los ingredientes de sus tarjetas de panqueques con los de otros jugadores, oblig\u00e1ndolos a tomar las cartas y formar una \u201cpila de panqueques\u201d. El primer jugador que se deshaga de todas sus cartas y grite \u201c\u00a1Panqueques de anarqu\u00eda!\u201d gana esa ronda y recoge una \u201closa de mantequilla\u201d. El primer jugador que reciba dos trozos de mantequilla gana.<\/p>\n<p>Las cartas de Anarchy Pancakes se parecen a las de Spot it!\/Dobble, y Exploding Kittens desarroll\u00f3 este dise\u00f1o en colaboraci\u00f3n con Spot it! editor Zygmatic Games<\/p>\n","protected":false},"excerpt":{"rendered":"<p>En el trepidante juego de combinaci\u00f3n Anarchy Pancakes, cada jugador comienza con siete cartas de panqueques que presentan varios ingredientes inadaptados, como una lombriz de tierra, un donut en llamas y una calavera con un sombrero de fiesta. A la cuenta de tres, los jugadores intentan hacer coincidir los ingredientes de sus tarjetas de panqueques [&hellip;]<\/p>\n","protected":false},"featured_media":5535,"comment_status":"open","ping_status":"closed","template":"","meta":{"_themeisle_gutenberg_block_has_review":false},"product_brand":[],"product_cat":[352,29],"product_tag":[356,941,382,275,218,392,308],"class_list":{"0":"post-5534","1":"product","2":"type-product","3":"status-publish","4":"has-post-thumbnail","6":"product_cat-asmodee","7":"product_cat-juegos-de-mesa","8":"product_tag-agilidadmental","9":"product_tag-anarchypancakes","10":"product_tag-divertido","11":"product_tag-dobble","12":"product_tag-juegodemesa","13":"product_tag-kittens","14":"product_tag-partygame","16":"first","17":"instock","18":"shipping-taxable","19":"purchasable","20":"product-type-simple"},"_links":{"self":[{"href":"https:\/\/magicgamesbolivia.com\/index.php\/wp-json\/wp\/v2\/product\/5534","targetHints":{"allow":["GET"]}}],"collection":[{"href":"https:\/\/magicgamesbolivia.com\/index.php\/wp-json\/wp\/v2\/product"}],"about":[{"href":"https:\/\/magicgamesbolivia.com\/index.php\/wp-json\/wp\/v2\/types\/product"}],"replies":[{"embeddable":true,"href":"https:\/\/magicgamesbolivia.com\/index.php\/wp-json\/wp\/v2\/comments?post=5534"}],"version-history":[{"count":1,"href":"https:\/\/magicgamesbolivia.com\/index.php\/wp-json\/wp\/v2\/product\/5534\/revisions"}],"predecessor-version":[{"id":5536,"href":"https:\/\/magicgamesbolivia.com\/index.php\/wp-json\/wp\/v2\/product\/5534\/revisions\/5536"}],"wp:featuredmedia":[{"embeddable":true,"href":"https:\/\/magicgamesbolivia.com\/index.php\/wp-json\/wp\/v2\/media\/5535"}],"wp:attachment":[{"href":"https:\/\/magicgamesbolivia.com\/index.php\/wp-json\/wp\/v2\/media?parent=5534"}],"wp:term":[{"taxonomy":"product_brand","embeddable":true,"href":"https:\/\/magicgamesbolivia.com\/index.php\/wp-json\/wp\/v2\/product_brand?post=5534"},{"taxonomy":"product_cat","embeddable":true,"href":"https:\/\/magicgamesbolivia.com\/index.php\/wp-json\/wp\/v2\/product_cat?post=5534"},{"taxonomy":"product_tag","embeddable":true,"href":"https:\/\/magicgamesbolivia.com\/index.php\/wp-json\/wp\/v2\/product_tag?post=5534"}],"curies":[{"name":"wp","href":"https:\/\/api.w.org\/{rel}","templated":true}]}}