{"id":5521,"date":"2025-02-18T19:57:56","date_gmt":"2025-02-18T19:57:56","guid":{"rendered":"https:\/\/magicgamesbolivia.com\/?post_type=product&#038;p=5521"},"modified":"2025-10-03T01:57:18","modified_gmt":"2025-10-03T01:57:18","slug":"trio","status":"publish","type":"product","link":"https:\/\/magicgamesbolivia.com\/index.php\/product\/trio\/","title":{"rendered":"Trio"},"content":{"rendered":"<p><strong>Tr\u00edo<\/strong>\u00a0es un\u00a0<strong>juego de cartas<\/strong>\u00a0en el que los jugadores tendr\u00e1n que buscar\u00a0<strong>tres<\/strong>\u00a0<strong>cartas<\/strong>\u00a0<strong>iguales<\/strong>. Los jugadores recibir\u00e1n\u00a0<strong>cartas<\/strong>\u00a0en la\u00a0<strong>mano<\/strong>\u00a0(numeradas del 1 al 12), que deber\u00e1n\u00a0<strong>ordenar<\/strong>\u00a0de\u00a0<strong>menor<\/strong>\u00a0a\u00a0<strong>mayor<\/strong>, y las restantes se colocar\u00e1n\u00a0<strong>boca<\/strong>\u00a0<strong>abajo<\/strong>\u00a0sobre la mesa. \u00bfQui\u00e9n ser\u00e1 el jugador m\u00e1s\u00a0<strong>h\u00e1bil<\/strong>\u00a0y\u00a0<strong>descubrir\u00e1<\/strong>\u00a0que\u00a0<strong>n\u00fameros<\/strong>\u00a0<strong>esconden<\/strong>\u00a0las cartas?<\/p>\n<p>&nbsp;<\/p>\n<p>En tu\u00a0<strong>turno<\/strong>, elige\u00a0<strong>una<\/strong>\u00a0sola\u00a0<strong>carta<\/strong>\u00a0para\u00a0<strong>revelar<\/strong>, ya sea la carta m\u00e1s baja o m\u00e1s alta de la mano de un jugador (incluida la tuya) o cualquier\u00a0<strong>carta<\/strong>\u00a0<strong>boca<\/strong>\u00a0<strong>abajo<\/strong>\u00a0de la\u00a0<strong>mesa<\/strong>. A continuaci\u00f3n, repite la operaci\u00f3n. Si las\u00a0<strong>dos<\/strong>\u00a0<strong>cartas<\/strong>\u00a0muestran el\u00a0<strong>mismo<\/strong>\u00a0<strong>n\u00famero<\/strong>, contin\u00fae su turno; si no es as\u00ed,\u00a0<strong>devuelva<\/strong>\u00a0las\u00a0<strong>cartas<\/strong>\u00a0al lugar de donde salieron y termine su turno.<\/p>\n<p>Si descubres\u00a0<strong>tres<\/strong>\u00a0<strong>cartas<\/strong>\u00a0que muestran el\u00a0<strong>mismo<\/strong>\u00a0<strong>n\u00famero<\/strong>, toma estas\u00a0<strong>cartas<\/strong>\u00a0como un conjunto\u00a0<strong>frente<\/strong>\u00a0a\u00a0<strong>ti<\/strong>. Si eres el\u00a0<strong>primer<\/strong>\u00a0<strong>jugador<\/strong>\u00a0en reunir\u00a0<strong>tres<\/strong>\u00a0<strong>conjuntos<\/strong>,\u00a0<strong>ganas. \u00a1<\/strong>Pero hay una divertida\u00a0<strong>excepci\u00f3n<\/strong>! un jugador\u00a0<strong>gana<\/strong>\u00a0<strong>inmediatamente<\/strong>\u00a0si re\u00fane el\u00a0<strong>conjunto<\/strong>\u00a0de\u00a0<strong>7s<\/strong>\u00a0o\u00a0<strong>dos<\/strong>\u00a0<strong>conjuntos<\/strong>\u00a0que\u00a0<strong>sumen<\/strong>\u00a0o\u00a0<strong>resten<\/strong>\u00a0a\u00a0<strong>7<\/strong>, por ejemplo, 4s y 11s.<\/p>\n<p>\u00bfQui\u00e9n\u00a0<strong>averiguar\u00e1<\/strong>\u00a0qu\u00e9 n\u00fameros\u00a0<strong>esconden<\/strong>\u00a0las\u00a0<strong>cartas<\/strong>? \u00a1Un juego\u00a0<strong>f\u00e1cil<\/strong>\u00a0e\u00a0<strong>ingenioso<\/strong>\u00a0al que no podr\u00e1s dejar de jugar!<\/p>\n","protected":false},"excerpt":{"rendered":"<p><strong>Tr\u00edo<\/strong>\u00a0es un\u00a0<strong>juego de cartas<\/strong>\u00a0en el que los jugadores tendr\u00e1n que buscar\u00a0<strong>tres<\/strong>\u00a0<strong>cartas<\/strong>\u00a0<strong>iguales<\/strong>. Los jugadores recibir\u00e1n\u00a0<strong>cartas<\/strong>\u00a0en la\u00a0<strong>mano<\/strong>\u00a0(numeradas del 1 al 12), que deber\u00e1n\u00a0<strong>ordenar<\/strong>\u00a0de\u00a0<strong>menor<\/strong>\u00a0a\u00a0<strong>mayor<\/strong>, y las restantes se colocar\u00e1n\u00a0<strong>boca<\/strong>\u00a0<strong>abajo<\/strong>\u00a0sobre la mesa. \u00bfQui\u00e9n ser\u00e1 el jugador m\u00e1s\u00a0<strong>h\u00e1bil<\/strong>\u00a0y\u00a0<strong>descubrir\u00e1<\/strong>\u00a0que\u00a0<strong>n\u00fameros<\/strong>\u00a0<strong>esconden<\/strong>\u00a0las cartas?<\/p>\n<div class=\"box_features\">\n<div class=\"iconfeature\"><img decoding=\"async\" class=\"\" title=\"N\u00famero de jugadores: De 3 a 6 Jugadores\" src=\"https:\/\/juegosdelamesaredonda.com\/img\/caracteristicas\/9.svg\" alt=\"N\u00famero de jugadores: De 3 a 6 Jugadores\" \/> <span class=\"name\">N\u00famero de jugadores:<\/span><span class=\"value\">De 3 a 6 Jugadores<\/span><\/div>\n<\/div>\n<div class=\"box_features\">\n<div class=\"iconfeature\"><img decoding=\"async\" class=\"\" title=\"Duraci\u00f3n aproximada del juego: 15 Minutos\" src=\"https:\/\/juegosdelamesaredonda.com\/img\/caracteristicas\/7.svg\" alt=\"Duraci\u00f3n aproximada del juego: 15 Minutos\" \/> <span class=\"name\">Duraci\u00f3n aproximada:<\/span><span class=\"value\">15 Minutos<\/span><\/div>\n<\/div>\n<div class=\"box_features\">\n<div class=\"iconfeature\"><img decoding=\"async\" class=\"\" title=\"Edad m\u00ednima recomendada: 7 a\u00f1os\" src=\"https:\/\/juegosdelamesaredonda.com\/img\/caracteristicas\/10.svg\" alt=\"Edad m\u00ednima recomendada: 7 a\u00f1os\" \/> <span class=\"name\">Edad m\u00ednima:<\/span><span class=\"value\">7 a\u00f1os<\/span><\/div>\n<\/div>\n<div class=\"box_features\">\n<div class=\"iconfeature\"><img decoding=\"async\" class=\"\" title=\"Tipo: Juego de cartas\" src=\"https:\/\/juegosdelamesaredonda.com\/img\/caracteristicas\/11.svg\" alt=\"Tipo: Juego de cartas\" \/> <span class=\"name\">Tipo:<\/span><span class=\"value\">Juego de cartas<\/span><\/div>\n<\/div>\n<div class=\"box_features\">\n<div class=\"iconfeature\"><img decoding=\"async\" class=\"\" title=\"G\u00e9nero: Familiar\" src=\"https:\/\/juegosdelamesaredonda.com\/img\/caracteristicas\/12.svg\" alt=\"G\u00e9nero: Familiar\" \/> <span class=\"name\">G\u00e9nero:<\/span><span class=\"value\">Familiar<\/span><\/div>\n<\/div>\n<div class=\"box_features\">\n<div class=\"iconfeature\"><img decoding=\"async\" class=\"\" title=\"Idioma: Espa\u00f1ol\" src=\"https:\/\/juegosdelamesaredonda.com\/img\/caracteristicas\/14.svg\" alt=\"Idioma: Espa\u00f1ol\" \/> <span class=\"name\">Idioma:<\/span><span class=\"value\">Espa\u00f1ol<\/span><\/div>\n<\/div>\n<div class=\"box_features\">\n<div class=\"iconfeature\"><img decoding=\"async\" class=\"\" title=\"Marca: Devir\" src=\"https:\/\/juegosdelamesaredonda.com\/img\/caracteristicas\/13.svg\" alt=\"Marca: Devir\" \/> <span class=\"name\">Marca:<\/span><span class=\"value\">Devir<\/span><\/div>\n<\/div>\n","protected":false},"featured_media":5522,"comment_status":"open","ping_status":"closed","template":"","meta":{"_themeisle_gutenberg_block_has_review":false},"product_brand":[],"product_cat":[29,30],"product_tag":[31,219,218,308,937],"class_list":{"0":"post-5521","1":"product","2":"type-product","3":"status-publish","4":"has-post-thumbnail","6":"product_cat-juegos-de-mesa","7":"product_cat-devir","8":"product_tag-devir","9":"product_tag-juegodecartas","10":"product_tag-juegodemesa","11":"product_tag-partygame","12":"product_tag-trio","14":"first","15":"outofstock","16":"shipping-taxable","17":"purchasable","18":"product-type-simple"},"_links":{"self":[{"href":"https:\/\/magicgamesbolivia.com\/index.php\/wp-json\/wp\/v2\/product\/5521","targetHints":{"allow":["GET"]}}],"collection":[{"href":"https:\/\/magicgamesbolivia.com\/index.php\/wp-json\/wp\/v2\/product"}],"about":[{"href":"https:\/\/magicgamesbolivia.com\/index.php\/wp-json\/wp\/v2\/types\/product"}],"replies":[{"embeddable":true,"href":"https:\/\/magicgamesbolivia.com\/index.php\/wp-json\/wp\/v2\/comments?post=5521"}],"version-history":[{"count":1,"href":"https:\/\/magicgamesbolivia.com\/index.php\/wp-json\/wp\/v2\/product\/5521\/revisions"}],"predecessor-version":[{"id":5523,"href":"https:\/\/magicgamesbolivia.com\/index.php\/wp-json\/wp\/v2\/product\/5521\/revisions\/5523"}],"wp:featuredmedia":[{"embeddable":true,"href":"https:\/\/magicgamesbolivia.com\/index.php\/wp-json\/wp\/v2\/media\/5522"}],"wp:attachment":[{"href":"https:\/\/magicgamesbolivia.com\/index.php\/wp-json\/wp\/v2\/media?parent=5521"}],"wp:term":[{"taxonomy":"product_brand","embeddable":true,"href":"https:\/\/magicgamesbolivia.com\/index.php\/wp-json\/wp\/v2\/product_brand?post=5521"},{"taxonomy":"product_cat","embeddable":true,"href":"https:\/\/magicgamesbolivia.com\/index.php\/wp-json\/wp\/v2\/product_cat?post=5521"},{"taxonomy":"product_tag","embeddable":true,"href":"https:\/\/magicgamesbolivia.com\/index.php\/wp-json\/wp\/v2\/product_tag?post=5521"}],"curies":[{"name":"wp","href":"https:\/\/api.w.org\/{rel}","templated":true}]}}