{"id":5489,"date":"2025-01-13T21:42:40","date_gmt":"2025-01-13T21:42:40","guid":{"rendered":"https:\/\/magicgamesbolivia.com\/?post_type=product&#038;p=5489"},"modified":"2026-01-07T17:17:50","modified_gmt":"2026-01-07T17:17:50","slug":"hues-and-cues","status":"publish","type":"product","link":"https:\/\/magicgamesbolivia.com\/index.php\/product\/hues-and-cues\/","title":{"rendered":"Hues and Cues"},"content":{"rendered":"<p><b>Hues and Cues<\/b>\u00a0es un\u00a0<b>juego de mesa<\/b>\u00a0\u00a0de\u00a0<strong>comunicaci\u00f3n colorido<\/strong>\u00a0en el que los jugadores tienen el reto de\u00a0<strong>hacer conexiones entre colores con palabras.\u00a0<\/strong><\/p>\n<p>Utilizando solo pistas de una y dos palabras, los jugadores intentan que otros adivinen un tono espec\u00edfico de los 480 colores del tablero de juego. Cuanto m\u00e1s cerca est\u00e9n las suposiciones del objetivo, m\u00e1s puntos ganar\u00e1s. Como cada persona imagina los colores de manera diferente, \u00a1conectar colores y pistas nunca ha sido tan divertido!<\/p>\n<p>Reune de tres a diez personas para jugar un\u00a0<strong>juego r\u00e1pido y sencillo con un prisma de posibilidades<\/strong>. Primero, un \u201cdador de se\u00f1ales\u201d esconde un color espec\u00edfico que has elegido<strong>\u00a0de una baraja de cartas.<\/strong>\u00a0\u00a1Hay\u00a0<strong>480 tonos en el tablero<\/strong>\u00a0frente a ti! Despu\u00e9s de obtener se\u00f1ales de una y dos palabras,\u00a0<strong>todos colocan su marcador en el color que creen que se est\u00e1 describiendo<\/strong>. \u201cCaf\u00e9\u201d. \u00bfEs marr\u00f3n oscuro, como reci\u00e9n hecho? \u201cAu lait\u201d. Con leche.\u00a0<strong>\u00a1Eso significa que deber\u00eda elegir un tono m\u00e1s claro!<\/strong><\/p>\n<p><strong>Utiliza ejemplos de la vida cotidiana<\/strong>, de la naturaleza a la cultura pop, o de materiales y estados de \u00e1nimo. Todos los que est\u00e9n sentados en la mesa\u00a0<strong>tendr\u00e1n un turno para dar pistas y adivinar<\/strong>. Cuanto mejores sean sus pistas o suposiciones, m\u00e1s puntos ganar\u00e1n.\u00a0<strong>\u00a1Juega con las experiencias de los dem\u00e1s<\/strong>\u00a0para delimitar lo que tienen en mente!<\/p>\n","protected":false},"excerpt":{"rendered":"<p style=\"font-weight: 400;\"><strong style=\"font-weight: 600;\">Hues and Cues<\/strong>\u00a0es un\u00a0<strong style=\"font-weight: 600;\">juego de mesa<\/strong>\u00a0\u00a0de\u00a0<strong style=\"font-weight: 600;\">comunicaci\u00f3n colorido<\/strong>\u00a0en el que los jugadores tienen el reto de\u00a0<strong style=\"font-weight: 600;\">hacer conexiones entre colores con palabras.\u00a0<\/strong><\/p>\n<div class=\"box_features\">\n<div class=\"iconfeature\"><img decoding=\"async\" class=\"\" title=\"N\u00famero de jugadores: De 3 a 10 jugadores\" src=\"https:\/\/juegosdelamesaredonda.com\/img\/caracteristicas\/9.svg\" alt=\"N\u00famero de jugadores: De 3 a 10 jugadores\" \/> <span class=\"name\">N\u00famero de jugadores:<\/span><span class=\"value\">De 3 a 10 jugadores<\/span><\/div>\n<\/div>\n<div class=\"box_features\">\n<div class=\"iconfeature\"><img decoding=\"async\" class=\"\" title=\"Duraci\u00f3n aproximada del juego: 30 minutos\" src=\"https:\/\/juegosdelamesaredonda.com\/img\/caracteristicas\/7.svg\" alt=\"Duraci\u00f3n aproximada del juego: 30 minutos\" \/> <span class=\"name\">Duraci\u00f3n aproximada:<\/span><span class=\"value\">30 minutos<\/span><\/div>\n<\/div>\n<div class=\"box_features\">\n<div class=\"iconfeature\"><img decoding=\"async\" class=\"\" title=\"Edad m\u00ednima recomendada: 8 a\u00f1os\" src=\"https:\/\/juegosdelamesaredonda.com\/img\/caracteristicas\/10.svg\" alt=\"Edad m\u00ednima recomendada: 8 a\u00f1os\" \/> <span class=\"name\">Edad m\u00ednima:<\/span><span class=\"value\">8 a\u00f1os<\/span><\/div>\n<\/div>\n<div class=\"box_features\">\n<div class=\"iconfeature\"><img decoding=\"async\" class=\"\" title=\"Tipo: Juego de tablero\" src=\"https:\/\/juegosdelamesaredonda.com\/img\/caracteristicas\/11.svg\" alt=\"Tipo: Juego de tablero\" \/> <span class=\"name\">Tipo:<\/span><span class=\"value\">Juego de tablero<\/span><\/div>\n<\/div>\n<div class=\"box_features\">\n<div class=\"iconfeature\"><img decoding=\"async\" class=\"\" title=\"G\u00e9nero: Familiar\" src=\"https:\/\/juegosdelamesaredonda.com\/img\/caracteristicas\/12.svg\" alt=\"G\u00e9nero: Familiar\" \/> <span class=\"name\">G\u00e9nero:<\/span><span class=\"value\">Familiar<\/span><\/div>\n<\/div>\n<div class=\"box_features\">\n<div class=\"iconfeature\"><img decoding=\"async\" class=\"\" title=\"Idioma: Espa\u00f1ol\" src=\"https:\/\/juegosdelamesaredonda.com\/img\/caracteristicas\/14.svg\" alt=\"Idioma: Espa\u00f1ol\" \/> <span class=\"name\">Idioma: Ingles<\/span><\/div>\n<\/div>\n<div class=\"box_features\">\n<div class=\"iconfeature\"><img decoding=\"async\" class=\"\" title=\"Marca: USAopoly\" src=\"https:\/\/juegosdelamesaredonda.com\/img\/caracteristicas\/13.svg\" alt=\"Marca: USAopoly\" \/> <span class=\"name\">Marca:<\/span><span class=\"value\">USAopoly<\/span><\/div>\n<\/div>\n","protected":false},"featured_media":5490,"comment_status":"open","ping_status":"closed","template":"","meta":{"_themeisle_gutenberg_block_has_review":false},"product_brand":[],"product_cat":[123,29],"product_tag":[930,155,351],"class_list":{"0":"post-5489","1":"product","2":"type-product","3":"status-publish","4":"has-post-thumbnail","6":"product_cat-otros-juegos","7":"product_cat-juegos-de-mesa","8":"product_tag-huesnadcues","9":"product_tag-juegosdemesa","10":"product_tag-partygames","12":"first","13":"outofstock","14":"shipping-taxable","15":"purchasable","16":"product-type-simple"},"_links":{"self":[{"href":"https:\/\/magicgamesbolivia.com\/index.php\/wp-json\/wp\/v2\/product\/5489","targetHints":{"allow":["GET"]}}],"collection":[{"href":"https:\/\/magicgamesbolivia.com\/index.php\/wp-json\/wp\/v2\/product"}],"about":[{"href":"https:\/\/magicgamesbolivia.com\/index.php\/wp-json\/wp\/v2\/types\/product"}],"replies":[{"embeddable":true,"href":"https:\/\/magicgamesbolivia.com\/index.php\/wp-json\/wp\/v2\/comments?post=5489"}],"version-history":[{"count":1,"href":"https:\/\/magicgamesbolivia.com\/index.php\/wp-json\/wp\/v2\/product\/5489\/revisions"}],"predecessor-version":[{"id":5491,"href":"https:\/\/magicgamesbolivia.com\/index.php\/wp-json\/wp\/v2\/product\/5489\/revisions\/5491"}],"wp:featuredmedia":[{"embeddable":true,"href":"https:\/\/magicgamesbolivia.com\/index.php\/wp-json\/wp\/v2\/media\/5490"}],"wp:attachment":[{"href":"https:\/\/magicgamesbolivia.com\/index.php\/wp-json\/wp\/v2\/media?parent=5489"}],"wp:term":[{"taxonomy":"product_brand","embeddable":true,"href":"https:\/\/magicgamesbolivia.com\/index.php\/wp-json\/wp\/v2\/product_brand?post=5489"},{"taxonomy":"product_cat","embeddable":true,"href":"https:\/\/magicgamesbolivia.com\/index.php\/wp-json\/wp\/v2\/product_cat?post=5489"},{"taxonomy":"product_tag","embeddable":true,"href":"https:\/\/magicgamesbolivia.com\/index.php\/wp-json\/wp\/v2\/product_tag?post=5489"}],"curies":[{"name":"wp","href":"https:\/\/api.w.org\/{rel}","templated":true}]}}