{"id":5477,"date":"2025-01-11T13:08:16","date_gmt":"2025-01-11T13:08:16","guid":{"rendered":"https:\/\/magicgamesbolivia.com\/?post_type=product&#038;p=5477"},"modified":"2025-01-11T13:08:53","modified_gmt":"2025-01-11T13:08:53","slug":"cthulhu-confidential-base","status":"publish","type":"product","link":"https:\/\/magicgamesbolivia.com\/index.php\/product\/cthulhu-confidential-base\/","title":{"rendered":"CTHULHU CONFIDENTIAL BASE"},"content":{"rendered":"<p>\u00bfQuieres sumergirte en los misterios lovecraftianos sin necesidad de reunir a todo un grupo para jugar? \u00bfQuieres iniciar a un amigo o a un ser querido en los juegos de rol? \u00a1Cthulhu Confidential\u2122 es lo que necesitas! Cthulhu Confidential\u2122 recrea el sistema GUMSHOE cl\u00e1sico para juegos de investigaci\u00f3n con toda la emoci\u00f3n y la intensidad de las partidas a dos. Combina la oscuridad de la novela negra de detectives de los a\u00f1os 30 y el horror c\u00f3smico de los Mitos de Cthulhu de Lovecraft.<\/p>\n<p>para 2 personas<\/p>\n","protected":false},"excerpt":{"rendered":"<table class=\"text-sm w-full border-collapse\">\n<tbody>\n<tr>\n<td class=\"w-[35%] border-0 border-b border-solid p-1 border-gray-200\"><span class=\"text-gray-500\">T\u00edtulo<\/span><\/td>\n<td class=\"border-0 border-b border-solid p-1 border-gray-200\"><span class=\"text-gray-700\">Cthulhu Confidential Base<\/span><\/td>\n<\/tr>\n<tr>\n<td class=\"w-[35%] border-0 border-b border-solid p-1 border-gray-200\"><span class=\"text-gray-500\">Referencia<\/span><\/td>\n<td class=\"border-0 border-b border-solid p-1 border-gray-200\"><span class=\"text-gray-700\">EEPPCC01<\/span><\/td>\n<\/tr>\n<tr>\n<td class=\"w-[35%] border-0 border-b border-solid p-1 border-gray-200\"><span class=\"text-gray-500\">Editorial<\/span><\/td>\n<td class=\"border-0 border-b border-solid p-1 border-gray-200\"><span class=\"text-gray-700\">Edge<\/span><\/td>\n<\/tr>\n<tr>\n<td class=\"w-[35%] border-0 border-b border-solid p-1 border-gray-200\"><span class=\"text-gray-500\">Categor\u00eda<\/span><\/td>\n<td class=\"border-0 border-b border-solid p-1 border-gray-200\"><span class=\"text-gray-700\">Juego de rol<\/span><\/td>\n<\/tr>\n<tr>\n<td class=\"w-[35%] border-0 border-b border-solid p-1 border-gray-200\"><span class=\"text-gray-500\">Colecci\u00f3n<\/span><\/td>\n<td class=\"border-0 border-b border-solid p-1 border-gray-200\"><span class=\"text-gray-700\">Cthulhu Confidential RPG<\/span><\/p>\n<p>&nbsp;<\/td>\n<\/tr>\n<\/tbody>\n<\/table>\n","protected":false},"featured_media":5478,"comment_status":"open","ping_status":"closed","template":"","meta":{"_themeisle_gutenberg_block_has_review":false},"product_brand":[],"product_cat":[226,29],"product_tag":[926,64,915,172,227],"class_list":{"0":"post-5477","1":"product","2":"type-product","3":"status-publish","4":"has-post-thumbnail","6":"product_cat-rol","7":"product_cat-juegos-de-mesa","8":"product_tag-chtuku","9":"product_tag-dark","10":"product_tag-juegosderol","11":"product_tag-lovecraft","12":"product_tag-rol","14":"first","15":"instock","16":"shipping-taxable","17":"purchasable","18":"product-type-simple"},"_links":{"self":[{"href":"https:\/\/magicgamesbolivia.com\/index.php\/wp-json\/wp\/v2\/product\/5477","targetHints":{"allow":["GET"]}}],"collection":[{"href":"https:\/\/magicgamesbolivia.com\/index.php\/wp-json\/wp\/v2\/product"}],"about":[{"href":"https:\/\/magicgamesbolivia.com\/index.php\/wp-json\/wp\/v2\/types\/product"}],"replies":[{"embeddable":true,"href":"https:\/\/magicgamesbolivia.com\/index.php\/wp-json\/wp\/v2\/comments?post=5477"}],"version-history":[{"count":1,"href":"https:\/\/magicgamesbolivia.com\/index.php\/wp-json\/wp\/v2\/product\/5477\/revisions"}],"predecessor-version":[{"id":5479,"href":"https:\/\/magicgamesbolivia.com\/index.php\/wp-json\/wp\/v2\/product\/5477\/revisions\/5479"}],"wp:featuredmedia":[{"embeddable":true,"href":"https:\/\/magicgamesbolivia.com\/index.php\/wp-json\/wp\/v2\/media\/5478"}],"wp:attachment":[{"href":"https:\/\/magicgamesbolivia.com\/index.php\/wp-json\/wp\/v2\/media?parent=5477"}],"wp:term":[{"taxonomy":"product_brand","embeddable":true,"href":"https:\/\/magicgamesbolivia.com\/index.php\/wp-json\/wp\/v2\/product_brand?post=5477"},{"taxonomy":"product_cat","embeddable":true,"href":"https:\/\/magicgamesbolivia.com\/index.php\/wp-json\/wp\/v2\/product_cat?post=5477"},{"taxonomy":"product_tag","embeddable":true,"href":"https:\/\/magicgamesbolivia.com\/index.php\/wp-json\/wp\/v2\/product_tag?post=5477"}],"curies":[{"name":"wp","href":"https:\/\/api.w.org\/{rel}","templated":true}]}}