{"id":5405,"date":"2024-12-04T20:48:52","date_gmt":"2024-12-04T20:48:52","guid":{"rendered":"https:\/\/magicgamesbolivia.com\/?post_type=product&#038;p=5405"},"modified":"2025-03-15T23:53:12","modified_gmt":"2025-03-15T23:53:12","slug":"basta","status":"publish","type":"product","link":"https:\/\/magicgamesbolivia.com\/index.php\/product\/basta\/","title":{"rendered":"Basta"},"content":{"rendered":"<p>En este vertiginoso juego de palabras, los miembros de la familia compiten entre s\u00ed para poner a prueba sus habilidades mentales y disfrutar de diversi\u00f3n y risas infinitas. \u00a1BASTA es un juego familiar apto para todas las edades y tiene como objetivo mejorar las habilidades ling\u00fc\u00edsticas y la velocidad de reacci\u00f3n!<\/p>\n","protected":false},"excerpt":{"rendered":"<p>En este vertiginoso juego de palabras, los miembros de la familia compiten entre s\u00ed para poner a prueba sus habilidades mentales y disfrutar de diversi\u00f3n y risas infinitas. \u00a1BASTA es un juego familiar apto para todas las edades y tiene como objetivo mejorar las habilidades ling\u00fc\u00edsticas y la velocidad de reacci\u00f3n!<\/p>\n","protected":false},"featured_media":5408,"comment_status":"open","ping_status":"closed","template":"","meta":{"_themeisle_gutenberg_block_has_review":false},"product_brand":[],"product_cat":[123,29],"product_tag":[905,299,155,189],"class_list":{"0":"post-5405","1":"product","2":"type-product","3":"status-publish","4":"has-post-thumbnail","6":"product_cat-otros-juegos","7":"product_cat-juegos-de-mesa","8":"product_tag-basta","9":"product_tag-espanol","10":"product_tag-juegosdemesa","11":"product_tag-original","13":"first","14":"outofstock","15":"shipping-taxable","16":"purchasable","17":"product-type-simple"},"_links":{"self":[{"href":"https:\/\/magicgamesbolivia.com\/index.php\/wp-json\/wp\/v2\/product\/5405","targetHints":{"allow":["GET"]}}],"collection":[{"href":"https:\/\/magicgamesbolivia.com\/index.php\/wp-json\/wp\/v2\/product"}],"about":[{"href":"https:\/\/magicgamesbolivia.com\/index.php\/wp-json\/wp\/v2\/types\/product"}],"replies":[{"embeddable":true,"href":"https:\/\/magicgamesbolivia.com\/index.php\/wp-json\/wp\/v2\/comments?post=5405"}],"version-history":[{"count":1,"href":"https:\/\/magicgamesbolivia.com\/index.php\/wp-json\/wp\/v2\/product\/5405\/revisions"}],"predecessor-version":[{"id":5409,"href":"https:\/\/magicgamesbolivia.com\/index.php\/wp-json\/wp\/v2\/product\/5405\/revisions\/5409"}],"wp:featuredmedia":[{"embeddable":true,"href":"https:\/\/magicgamesbolivia.com\/index.php\/wp-json\/wp\/v2\/media\/5408"}],"wp:attachment":[{"href":"https:\/\/magicgamesbolivia.com\/index.php\/wp-json\/wp\/v2\/media?parent=5405"}],"wp:term":[{"taxonomy":"product_brand","embeddable":true,"href":"https:\/\/magicgamesbolivia.com\/index.php\/wp-json\/wp\/v2\/product_brand?post=5405"},{"taxonomy":"product_cat","embeddable":true,"href":"https:\/\/magicgamesbolivia.com\/index.php\/wp-json\/wp\/v2\/product_cat?post=5405"},{"taxonomy":"product_tag","embeddable":true,"href":"https:\/\/magicgamesbolivia.com\/index.php\/wp-json\/wp\/v2\/product_tag?post=5405"}],"curies":[{"name":"wp","href":"https:\/\/api.w.org\/{rel}","templated":true}]}}