{"id":5392,"date":"2024-11-18T22:10:29","date_gmt":"2024-11-18T22:10:29","guid":{"rendered":"https:\/\/magicgamesbolivia.com\/?post_type=product&#038;p=5392"},"modified":"2026-03-06T14:20:57","modified_gmt":"2026-03-06T14:20:57","slug":"zombie-burrito","status":"publish","type":"product","link":"https:\/\/magicgamesbolivia.com\/index.php\/product\/zombie-burrito\/","title":{"rendered":"Zombies Burrito"},"content":{"rendered":"<p><b>Zombie Burrito<\/b>\u00a0es un\u00a0<strong>juego de cartas<\/strong>\u00a0de\u00a0<strong>bal\u00f3n prisionero<\/strong>\u00a0en el que los supervivientes u<strong>nen fuerzas contra los zombis.<\/strong><\/p>\n<p>En Zombie Burrito,\u00a0<strong>cada equipo tiene un objetivo<\/strong>\u00a0muy sencillo:\u00a0<strong>ganar la batalla bombardeando a sus oponentes con Burritos de espuma blandita.<\/strong><\/p>\n<p>En cada ronda,\u00a0<strong>pasas cartas por la mesa intentando hacer conjuntos de 3 cartas iguales<\/strong>\u00a0lo m\u00e1s r\u00e1pido que puedas. Algunos de estos conjuntos desencadenan batallas, mientras que otros<strong>\u00a0te dan ventajas que ayudar\u00e1n a tu equipo a ganar la siguiente batalla.<\/strong><\/p>\n<p>El primer equipo en\u00a0<strong>ganar 3 batallas gana la partida.<\/strong><\/p>\n<p><strong>CUIDADO: Este no es un juego de cartas normal.<\/strong>\u00a0Tendr\u00e1s que tirar Burritos de espuma blandita a tus amigos y familiares. As\u00ed que despeja la zona, recoge la mesa y todo lo que se pueda romper y, si tienes gafas, qu\u00edtatelas, porque\u00a0<strong>esto va a ser una locura<\/strong><\/p>\n","protected":false},"excerpt":{"rendered":"<p><b>Zombie Burrito<\/b>\u00a0es un\u00a0<strong>juego de cartas<\/strong>\u00a0de\u00a0<strong>bal\u00f3n prisionero<\/strong>\u00a0en el que los supervivientes u<strong>nen fuerzas contra los zombis.<\/strong><\/p>\n<div class=\"caracteristicas\">\n<section class=\"product-features\">\n<div class=\"box_features\">\n<div class=\"iconfeature\"><img decoding=\"async\" class=\"\" title=\"N\u00famero de jugadores: De 3 a 6 Jugadores\" src=\"https:\/\/juegosdelamesaredonda.com\/img\/caracteristicas\/9.svg\" alt=\"N\u00famero de jugadores: De 3 a 6 Jugadores\" \/> <span class=\"name\">N\u00famero de jugadores:<\/span><span class=\"value\">De 3 a 6 Jugadores<\/span><\/div>\n<\/div>\n<div class=\"box_features\">\n<div class=\"iconfeature\"><img decoding=\"async\" class=\"\" title=\"Duraci\u00f3n aproximada del juego: 15 Minutos\" src=\"https:\/\/juegosdelamesaredonda.com\/img\/caracteristicas\/7.svg\" alt=\"Duraci\u00f3n aproximada del juego: 15 Minutos\" \/> <span class=\"name\">Duraci\u00f3n aproximada:<\/span><span class=\"value\">15 Minutos<\/span><\/div>\n<\/div>\n<div class=\"box_features\">\n<div class=\"iconfeature\"><img decoding=\"async\" class=\"\" title=\"Edad m\u00ednima recomendada: 7 a\u00f1os\" src=\"https:\/\/juegosdelamesaredonda.com\/img\/caracteristicas\/10.svg\" alt=\"Edad m\u00ednima recomendada: 7 a\u00f1os\" \/> <span class=\"name\">Edad m\u00ednima:<\/span><span class=\"value\">7 a\u00f1os<\/span><\/div>\n<\/div>\n<div class=\"box_features\">\n<div class=\"iconfeature\"><img decoding=\"async\" class=\"\" title=\"Tipo: Expansiones de Juegos\" src=\"https:\/\/juegosdelamesaredonda.com\/img\/caracteristicas\/11.svg\" alt=\"Tipo: Expansiones de Juegos\" \/> <span class=\"name\">Tipo:<\/span><span class=\"value\">Expansiones de Juegos<\/span><\/div>\n<\/div>\n<div class=\"box_features\">\n<div class=\"iconfeature\"><img decoding=\"async\" class=\"\" title=\"G\u00e9nero: Humor\" src=\"https:\/\/juegosdelamesaredonda.com\/img\/caracteristicas\/12.svg\" alt=\"G\u00e9nero: Humor\" \/> <span class=\"name\">G\u00e9nero:<\/span><span class=\"value\">Humor<\/span><\/div>\n<\/div>\n<div class=\"box_features\">\n<div class=\"iconfeature\"><img decoding=\"async\" class=\"\" title=\"Idioma: Espa\u00f1ol\" src=\"https:\/\/juegosdelamesaredonda.com\/img\/caracteristicas\/14.svg\" alt=\"Idioma: Espa\u00f1ol\" \/> <span class=\"name\">Idioma:<\/span><span class=\"value\">Espa\u00f1ol<\/span><\/div>\n<\/div>\n<div class=\"box_features\">\n<div class=\"iconfeature\"><img decoding=\"async\" class=\"\" title=\"Marca: Asmodee\" src=\"https:\/\/juegosdelamesaredonda.com\/img\/caracteristicas\/13.svg\" alt=\"Marca: Asmodee\" \/> <span class=\"name\">Marca:<\/span><span class=\"value\">Asmodee<\/span><\/div>\n<\/div>\n<\/section>\n<\/div>\n<div class=\"blockreassurance_product\">\n<div><\/div>\n<\/div>\n","protected":false},"featured_media":5394,"comment_status":"open","ping_status":"closed","template":"","meta":{"_themeisle_gutenberg_block_has_review":false},"product_brand":[],"product_cat":[352,29],"product_tag":[279,854,308,192],"class_list":{"0":"post-5392","1":"product","2":"type-product","3":"status-publish","4":"has-post-thumbnail","6":"product_cat-asmodee","7":"product_cat-juegos-de-mesa","8":"product_tag-asmodee","9":"product_tag-burrito","10":"product_tag-partygame","11":"product_tag-zombies","13":"first","14":"instock","15":"shipping-taxable","16":"purchasable","17":"product-type-simple"},"_links":{"self":[{"href":"https:\/\/magicgamesbolivia.com\/index.php\/wp-json\/wp\/v2\/product\/5392","targetHints":{"allow":["GET"]}}],"collection":[{"href":"https:\/\/magicgamesbolivia.com\/index.php\/wp-json\/wp\/v2\/product"}],"about":[{"href":"https:\/\/magicgamesbolivia.com\/index.php\/wp-json\/wp\/v2\/types\/product"}],"replies":[{"embeddable":true,"href":"https:\/\/magicgamesbolivia.com\/index.php\/wp-json\/wp\/v2\/comments?post=5392"}],"version-history":[{"count":2,"href":"https:\/\/magicgamesbolivia.com\/index.php\/wp-json\/wp\/v2\/product\/5392\/revisions"}],"predecessor-version":[{"id":6056,"href":"https:\/\/magicgamesbolivia.com\/index.php\/wp-json\/wp\/v2\/product\/5392\/revisions\/6056"}],"wp:featuredmedia":[{"embeddable":true,"href":"https:\/\/magicgamesbolivia.com\/index.php\/wp-json\/wp\/v2\/media\/5394"}],"wp:attachment":[{"href":"https:\/\/magicgamesbolivia.com\/index.php\/wp-json\/wp\/v2\/media?parent=5392"}],"wp:term":[{"taxonomy":"product_brand","embeddable":true,"href":"https:\/\/magicgamesbolivia.com\/index.php\/wp-json\/wp\/v2\/product_brand?post=5392"},{"taxonomy":"product_cat","embeddable":true,"href":"https:\/\/magicgamesbolivia.com\/index.php\/wp-json\/wp\/v2\/product_cat?post=5392"},{"taxonomy":"product_tag","embeddable":true,"href":"https:\/\/magicgamesbolivia.com\/index.php\/wp-json\/wp\/v2\/product_tag?post=5392"}],"curies":[{"name":"wp","href":"https:\/\/api.w.org\/{rel}","templated":true}]}}