{"id":5360,"date":"2024-11-07T20:44:09","date_gmt":"2024-11-07T20:44:09","guid":{"rendered":"https:\/\/magicgamesbolivia.com\/?post_type=product&#038;p=5360"},"modified":"2026-01-25T22:32:40","modified_gmt":"2026-01-25T22:32:40","slug":"las-leyendas-de-andor-el-frio-eterno","status":"publish","type":"product","link":"https:\/\/magicgamesbolivia.com\/index.php\/product\/las-leyendas-de-andor-el-frio-eterno\/","title":{"rendered":"Las leyendas de Andor: el Frio Eterno"},"content":{"rendered":"<p style=\"font-weight: 500;\"><strong style=\"font-weight: 600;\">Las leyendas de Andor: el Frio Eterno<\/strong>\u00a0es una\u00a0<strong style=\"font-weight: 600;\">expansi\u00f3n<\/strong>\u00a0para el\u00a0<strong style=\"font-weight: 600;\">juego de mesa Las leyendas de Andor<\/strong>\u00a0en el que el pa\u00eds entero sufre un\u00a0<strong style=\"font-weight: 600;\">fr\u00edo<\/strong>\u00a0<strong style=\"font-weight: 600;\">antinatural<\/strong>. Descubre\u00a0<strong style=\"font-weight: 600;\">cuatro<\/strong>\u00a0<strong style=\"font-weight: 600;\">nuevas<\/strong>\u00a0<strong style=\"font-weight: 600;\">\u00e9picas<\/strong>\u00a0<strong style=\"font-weight: 600;\">leyendas<\/strong>\u00a0y vuelve al universo de\u00a0<strong style=\"font-weight: 600;\">Andor<\/strong>\u00a0con este emocionante\u00a0<strong style=\"font-weight: 600;\">juego<\/strong>\u00a0<strong style=\"font-weight: 600;\">cooperativo<\/strong>.<\/p>\n<p style=\"font-weight: 500;\">\n<p style=\"font-weight: 500;\">En las\u00a0<strong style=\"font-weight: 600;\">cuatro<\/strong>\u00a0<strong style=\"font-weight: 600;\">leyendas<\/strong>\u00a0<strong style=\"font-weight: 600;\">\u00e9picas<\/strong>\u00a0que componen esta nueva expansi\u00f3n, un equipo de 2 a 4 h\u00e9roes se embarca en un\u00a0<strong style=\"font-weight: 600;\">emocionante<\/strong>\u00a0<strong style=\"font-weight: 600;\">viaje<\/strong>\u00a0a una\u00a0<strong style=\"font-weight: 600;\">extra\u00f1a<\/strong>\u00a0<strong style=\"font-weight: 600;\">tierra<\/strong>\u00a0m\u00e1s all\u00e1 de las monta\u00f1as. En un\u00a0<strong style=\"font-weight: 600;\">nuevo<\/strong>\u00a0<strong style=\"font-weight: 600;\">tablero<\/strong>\u00a0de juego de\u00a0<strong style=\"font-weight: 600;\">doble<\/strong>\u00a0cara, encontrar\u00e1s\u00a0<strong style=\"font-weight: 600;\">aliados<\/strong>\u00a0leales y te enfrentar\u00e1s a\u00a0<strong style=\"font-weight: 600;\">peligros<\/strong>\u00a0inesperados.<\/p>\n<p style=\"font-weight: 500;\">\u00a1<strong style=\"font-weight: 600;\">Juntos<\/strong>\u00a0descubrir\u00e9is qui\u00e9n est\u00e1 detr\u00e1s de la\u00a0<strong style=\"font-weight: 600;\">m\u00e1gica<\/strong>\u00a0amenaza del\u00a0<strong style=\"font-weight: 600;\">fr\u00edo<\/strong>\u00a0<strong style=\"font-weight: 600;\">eterno<\/strong>!<\/p>\n","protected":false},"excerpt":{"rendered":"<div class=\"caracteristicas\">\n<section class=\"product-features\">\n<div class=\"box_features\">\n<div class=\"iconfeature\"><img decoding=\"async\" class=\"\" title=\"N\u00famero de jugadores: De 2 a 4 jugadores\" src=\"https:\/\/juegosdelamesaredonda.com\/img\/caracteristicas\/9.svg\" alt=\"N\u00famero de jugadores: De 2 a 4 jugadores\" \/> <span class=\"name\">N\u00famero de jugadores:<\/span><span class=\"value\">De 2 a 4 jugadores<\/span><\/div>\n<\/div>\n<div class=\"box_features\">\n<div class=\"iconfeature\"><img decoding=\"async\" class=\"\" title=\"Duraci\u00f3n aproximada del juego: 60 minutos\" src=\"https:\/\/juegosdelamesaredonda.com\/img\/caracteristicas\/7.svg\" alt=\"Duraci\u00f3n aproximada del juego: 60 minutos\" \/> <span class=\"name\">Duraci\u00f3n aproximada:<\/span><span class=\"value\">60 minutos<\/span><\/div>\n<\/div>\n<div class=\"box_features\">\n<div class=\"iconfeature\"><img decoding=\"async\" class=\"\" title=\"Edad m\u00ednima recomendada: 10 a\u00f1os\" src=\"https:\/\/juegosdelamesaredonda.com\/img\/caracteristicas\/10.svg\" alt=\"Edad m\u00ednima recomendada: 10 a\u00f1os\" \/> <span class=\"name\">Edad m\u00ednima:<\/span><span class=\"value\">10 a\u00f1os<\/span><\/div>\n<\/div>\n<div class=\"box_features\">\n<div class=\"iconfeature\"><img decoding=\"async\" class=\"\" title=\"Tipo: Expansiones de Juegos\" src=\"https:\/\/juegosdelamesaredonda.com\/img\/caracteristicas\/11.svg\" alt=\"Tipo: Expansiones de Juegos\" \/> <span class=\"name\">Tipo:<\/span><span class=\"value\">Expansiones de Juegos<\/span><\/div>\n<\/div>\n<div class=\"box_features\">\n<div class=\"iconfeature\"><img decoding=\"async\" class=\"\" title=\"G\u00e9nero: Cooperativo\" src=\"https:\/\/juegosdelamesaredonda.com\/img\/caracteristicas\/12.svg\" alt=\"G\u00e9nero: Cooperativo\" \/> <span class=\"name\">G\u00e9nero:<\/span><span class=\"value\">Cooperativo<\/span><\/div>\n<\/div>\n<div class=\"box_features\">\n<div class=\"iconfeature\"><img decoding=\"async\" class=\"\" title=\"Idioma: Espa\u00f1ol\" src=\"https:\/\/juegosdelamesaredonda.com\/img\/caracteristicas\/14.svg\" alt=\"Idioma: Espa\u00f1ol\" \/> <span class=\"name\">Idioma:<\/span><span class=\"value\">Espa\u00f1ol<\/span><\/div>\n<\/div>\n<div class=\"box_features\">\n<div class=\"iconfeature\"><img decoding=\"async\" class=\"\" title=\"Marca: Devir\" src=\"https:\/\/juegosdelamesaredonda.com\/img\/caracteristicas\/13.svg\" alt=\"Marca: Devir\" \/> <span class=\"name\">Marca:<\/span><span class=\"value\">Devir<\/span><\/div>\n<\/div>\n<\/section>\n<\/div>\n<div class=\"blockreassurance_product\">\n<div><\/div>\n<\/div>\n","protected":false},"featured_media":5361,"comment_status":"open","ping_status":"closed","template":"","meta":{"_themeisle_gutenberg_block_has_review":false},"product_brand":[],"product_cat":[29,30],"product_tag":[38,31,894,227],"class_list":{"0":"post-5360","1":"product","2":"type-product","3":"status-publish","4":"has-post-thumbnail","6":"product_cat-juegos-de-mesa","7":"product_cat-devir","8":"product_tag-andor","9":"product_tag-devir","10":"product_tag-leyends-ade-andor","11":"product_tag-rol","13":"first","14":"outofstock","15":"shipping-taxable","16":"purchasable","17":"product-type-simple"},"_links":{"self":[{"href":"https:\/\/magicgamesbolivia.com\/index.php\/wp-json\/wp\/v2\/product\/5360","targetHints":{"allow":["GET"]}}],"collection":[{"href":"https:\/\/magicgamesbolivia.com\/index.php\/wp-json\/wp\/v2\/product"}],"about":[{"href":"https:\/\/magicgamesbolivia.com\/index.php\/wp-json\/wp\/v2\/types\/product"}],"replies":[{"embeddable":true,"href":"https:\/\/magicgamesbolivia.com\/index.php\/wp-json\/wp\/v2\/comments?post=5360"}],"version-history":[{"count":1,"href":"https:\/\/magicgamesbolivia.com\/index.php\/wp-json\/wp\/v2\/product\/5360\/revisions"}],"predecessor-version":[{"id":5362,"href":"https:\/\/magicgamesbolivia.com\/index.php\/wp-json\/wp\/v2\/product\/5360\/revisions\/5362"}],"wp:featuredmedia":[{"embeddable":true,"href":"https:\/\/magicgamesbolivia.com\/index.php\/wp-json\/wp\/v2\/media\/5361"}],"wp:attachment":[{"href":"https:\/\/magicgamesbolivia.com\/index.php\/wp-json\/wp\/v2\/media?parent=5360"}],"wp:term":[{"taxonomy":"product_brand","embeddable":true,"href":"https:\/\/magicgamesbolivia.com\/index.php\/wp-json\/wp\/v2\/product_brand?post=5360"},{"taxonomy":"product_cat","embeddable":true,"href":"https:\/\/magicgamesbolivia.com\/index.php\/wp-json\/wp\/v2\/product_cat?post=5360"},{"taxonomy":"product_tag","embeddable":true,"href":"https:\/\/magicgamesbolivia.com\/index.php\/wp-json\/wp\/v2\/product_tag?post=5360"}],"curies":[{"name":"wp","href":"https:\/\/api.w.org\/{rel}","templated":true}]}}