{"id":5345,"date":"2024-11-05T21:09:32","date_gmt":"2024-11-05T21:09:32","guid":{"rendered":"https:\/\/magicgamesbolivia.com\/?post_type=product&#038;p=5345"},"modified":"2026-01-14T13:43:37","modified_gmt":"2026-01-14T13:43:37","slug":"preguntas-de-mierda","status":"publish","type":"product","link":"https:\/\/magicgamesbolivia.com\/index.php\/product\/preguntas-de-mierda\/","title":{"rendered":"Preguntas de Mierda"},"content":{"rendered":"<p><strong>Preguntas de mierda,<\/strong>\u00a0el juego de cartas de preguntas y respuestas que tienen todas las preguntas que quieres que hagan los dem\u00e1s y t\u00fa jam\u00e1s querr\u00edas responder. Las preguntas de mierda se dividen en 6 categor\u00edas:\u00a0<strong>Vida cotidiana, Filosof\u00eda y Progreso, Imaginario, Cultura, Sexo, y Gore.<\/strong><\/p>\n<p>&nbsp;<\/p>\n<p><strong>\u00a1M\u00e1s de 300 preguntas sin una buena respuesta garantizada!<\/strong><\/p>\n<p>&nbsp;<\/p>\n<p><img decoding=\"async\" src=\"http:\/\/www.edgeent.com\/sisimg\/public\/images\/PDM_edgla01_news_web_001.png\" alt=\"juego preguntas de mierda\" height=\"500\" \/><\/p>\n<p>Las preguntas llamadas<strong>\u00a0\u201cde mierda\u201d<\/strong>\u00a0no atentan en absoluto a la dignidad del hombre. Como este juego\u00a0<strong>se fundamenta en el principio de la libertad de expresi\u00f3n<\/strong>, se aconseja\u00a0<strong>plantearse las preguntas con humor.<\/strong>\u00a0Si no eres suficientemente maduro, este juego no es apropiado para ti. Si lo eres, el editor te recuerda que cada jugador es responsable de sus reacciones tanto a las preguntas como a las respuestas.<\/p>\n<p><strong>Reglas de mierda 1<\/strong><\/p>\n<p><strong>\u00a1No necesitas reglas para jugar a Preguntas de mierda!<\/strong>\u00a0Haz lo que quieras o bien pasa a la regla 2.<\/p>\n<p><strong>Reglas de mierda 2<\/strong><\/p>\n<p>Coloca el paquete de cartas en el centro. En su turno, cada jugador sacar\u00e1 una carta y har\u00e1 una pregunta de la categor\u00eda que elija a los otros jugadores.<\/p>\n<p>&nbsp;<\/p>\n<p>Cuando un jugador haga una pregunta, todo el mundo responder\u00e1 en su turno, salvo \u00e9l mismo. Cuando ya se hayan dado todas las respuestas, cada jugador votar\u00e1 su preferida. En caso de empate, el voto del jugador que haya hecho la pregunta contar\u00e1 doble. El jugador que consiga el mayor n\u00famero de votos ganar\u00e1 1 punto.<\/p>\n<p>&nbsp;<\/p>\n<p><strong>\u00a1El juego termina cuando t\u00fa quieras!<\/strong><img decoding=\"async\" src=\"http:\/\/www.edgeent.com\/sisimg\/public\/images\/PdM_Cards_001.png\" alt=\"juego preguntas de mierda\" width=\"500\" \/><\/p>\n<p><strong>Reglas de mierda 3<\/strong><\/p>\n<p>&nbsp;<\/p>\n<p><strong>\u00a1Para una partida de mierda como si fuera un aut\u00e9ntico juego de mesa!<\/strong><\/p>\n<p>&nbsp;<\/p>\n<p><strong>Coge papel, l\u00e1pices y un dado.<\/strong>\u00a0Cada jugador tiene que preparar tantos papelitos como jugadores haya menos uno y numerarlos a partir de 0 (ejemplo: para 4 jugadores, cada uno tendr\u00e1 una serie de papeles en los que habr\u00e1n escrito 0, 1 y 2).<\/p>\n<p>&nbsp;<\/p>\n<p>El jugador de mayor edad tira el dado. El jugador de su izquierda saca una carta y le hace una pregunta de la categor\u00eda indicada por el dado. Cuando el jugador haya respondido, los otros jugadores le pasar\u00e1n boca abajo el papelito con la puntuaci\u00f3n que deseen, seg\u00fan numeraron al principio. Ya no podr\u00e1n asignar la que hayan escogido hasta la siguiente ronda. Al final de la ronda, cada jugador devolver\u00e1 los papelitos que haya recibido y sumar\u00e1 sus puntos.<\/p>\n<p>&nbsp;<\/p>\n<p>El juego termina cuando t\u00fa lo decidas. Por ejemplo, se puede establecer un determinado n\u00famero de turnos de juego o cierto n\u00famero de puntos fijado con anterioridad. Variante: los jugadores asignan sus puntuaciones al final de una ronda.<\/p>\n<p>&nbsp;<\/p>\n<p><strong>Reglas de mierda 4<\/strong><\/p>\n<p><strong>\u00a1Prepara un vaso y una botella de agua!<\/strong><\/p>\n<p><strong>\u00a1Pon un vaso delante del primer voluntario!<\/strong>\u00a0Coge una carta y, junto con todos los jugadores, hazle todas las preguntas de la carta, una por una, al voluntario. Despu\u00e9s de cada respuesta, la asamblea juzga al estilo romano su suerte.<\/p>\n<ul>\n<li>Una mayor\u00eda de pulgares hacia arriba: la respuesta es satisfactoria y el voluntario se salva.<\/li>\n<li>Una mayor\u00eda de pulgares hacia abajo: es una respuesta de mierda y el voluntario tiene que beberse el vaso lleno de agua.<\/li>\n<\/ul>\n<p>Cuando ya se han hecho todas las preguntas de una carta, se cambia de voluntario y se les recuerda a los t\u00edmidos que en este juego todos participan.<\/p>\n<p><strong>Preguntas de mierda<\/strong>\u00a0incluye\u00a0<strong>cuatro formas de jugar y 312 preguntas englobadas en 6 categor\u00edas:<\/strong>\u00a0Vida cotidiana, Imaginario, Sexo, Filosof\u00eda y Progreso, Cultura, Gore.<\/p>\n","protected":false},"excerpt":{"rendered":"<p><strong>Preguntas de mierda,<\/strong>\u00a0el juego de cartas de preguntas y respuestas que tienen todas las preguntas que quieres que hagan los dem\u00e1s y t\u00fa jam\u00e1s querr\u00edas responder. Las preguntas de mierda se dividen en 6 categor\u00edas:\u00a0<strong>Vida cotidiana, Filosof\u00eda y Progreso, Imaginario, Cultura, Sexo, y Gore.<\/strong><\/p>\n<p>De 4 a 8 jugadores<\/p>\n<div class=\"box_features\">\n<div class=\"iconfeature\"><img decoding=\"async\" class=\"\" title=\"Duraci\u00f3n aproximada del juego: 30 minutos\" src=\"https:\/\/juegosdelamesaredonda.com\/img\/caracteristicas\/7.svg\" alt=\"Duraci\u00f3n aproximada del juego: 30 minutos\" \/> <span class=\"name\">Duraci\u00f3n aproximada:<\/span><span class=\"value\">30 minutos<\/span><\/div>\n<\/div>\n<div class=\"box_features\">\n<div class=\"iconfeature\"><img decoding=\"async\" class=\"\" title=\"Edad m\u00ednima recomendada: 16 a\u00f1os\" src=\"https:\/\/juegosdelamesaredonda.com\/img\/caracteristicas\/10.svg\" alt=\"Edad m\u00ednima recomendada: 16 a\u00f1os\" \/> <span class=\"name\">Edad m\u00ednima:<\/span><span class=\"value\">16 a\u00f1os<\/span><\/div>\n<\/div>\n<div class=\"box_features\">\n<div class=\"iconfeature\"><img decoding=\"async\" class=\"\" title=\"Tipo: Juego de cartas\" src=\"https:\/\/juegosdelamesaredonda.com\/img\/caracteristicas\/11.svg\" alt=\"Tipo: Juego de cartas\" \/> <span class=\"name\">Tipo:<\/span><span class=\"value\">Juego de cartas<\/span><\/div>\n<\/div>\n<div class=\"box_features\">\n<div class=\"iconfeature\"><img decoding=\"async\" class=\"\" title=\"G\u00e9nero: Ingenio\" src=\"https:\/\/juegosdelamesaredonda.com\/img\/caracteristicas\/12.svg\" alt=\"G\u00e9nero: Ingenio\" \/> <span class=\"name\">G\u00e9nero:<\/span><span class=\"value\">Ingenio<\/span><\/div>\n<\/div>\n<div class=\"box_features\">\n<div class=\"iconfeature\"><img decoding=\"async\" class=\"\" title=\"Idioma: Espa\u00f1ol\" src=\"https:\/\/juegosdelamesaredonda.com\/img\/caracteristicas\/14.svg\" alt=\"Idioma: Espa\u00f1ol\" \/> <span class=\"name\">Idioma:<\/span><span class=\"value\">Espa\u00f1ol<\/span><\/div>\n<\/div>\n<div class=\"box_features\">\n<div class=\"iconfeature\"><img decoding=\"async\" class=\"\" title=\"Marca: Edge Entertainment\" src=\"https:\/\/juegosdelamesaredonda.com\/img\/caracteristicas\/13.svg\" alt=\"Marca: Edge Entertainment\" \/> <span class=\"name\">Marca:<\/span><span class=\"value\">Edge Entertainment<\/span><\/div>\n<\/div>\n","protected":false},"featured_media":5346,"comment_status":"open","ping_status":"closed","template":"","meta":{"_themeisle_gutenberg_block_has_review":false},"product_brand":[],"product_cat":[29,104],"product_tag":[411,155,308,890],"class_list":{"0":"post-5345","1":"product","2":"type-product","3":"status-publish","4":"has-post-thumbnail","6":"product_cat-juegos-de-mesa","7":"product_cat-edge","8":"product_tag-edgee","9":"product_tag-juegosdemesa","10":"product_tag-partygame","11":"product_tag-preguntasdemierda","13":"first","14":"instock","15":"shipping-taxable","16":"purchasable","17":"product-type-simple"},"_links":{"self":[{"href":"https:\/\/magicgamesbolivia.com\/index.php\/wp-json\/wp\/v2\/product\/5345","targetHints":{"allow":["GET"]}}],"collection":[{"href":"https:\/\/magicgamesbolivia.com\/index.php\/wp-json\/wp\/v2\/product"}],"about":[{"href":"https:\/\/magicgamesbolivia.com\/index.php\/wp-json\/wp\/v2\/types\/product"}],"replies":[{"embeddable":true,"href":"https:\/\/magicgamesbolivia.com\/index.php\/wp-json\/wp\/v2\/comments?post=5345"}],"version-history":[{"count":1,"href":"https:\/\/magicgamesbolivia.com\/index.php\/wp-json\/wp\/v2\/product\/5345\/revisions"}],"predecessor-version":[{"id":5347,"href":"https:\/\/magicgamesbolivia.com\/index.php\/wp-json\/wp\/v2\/product\/5345\/revisions\/5347"}],"wp:featuredmedia":[{"embeddable":true,"href":"https:\/\/magicgamesbolivia.com\/index.php\/wp-json\/wp\/v2\/media\/5346"}],"wp:attachment":[{"href":"https:\/\/magicgamesbolivia.com\/index.php\/wp-json\/wp\/v2\/media?parent=5345"}],"wp:term":[{"taxonomy":"product_brand","embeddable":true,"href":"https:\/\/magicgamesbolivia.com\/index.php\/wp-json\/wp\/v2\/product_brand?post=5345"},{"taxonomy":"product_cat","embeddable":true,"href":"https:\/\/magicgamesbolivia.com\/index.php\/wp-json\/wp\/v2\/product_cat?post=5345"},{"taxonomy":"product_tag","embeddable":true,"href":"https:\/\/magicgamesbolivia.com\/index.php\/wp-json\/wp\/v2\/product_tag?post=5345"}],"curies":[{"name":"wp","href":"https:\/\/api.w.org\/{rel}","templated":true}]}}