{"id":5335,"date":"2024-10-29T19:41:39","date_gmt":"2024-10-29T19:41:39","guid":{"rendered":"https:\/\/magicgamesbolivia.com\/?post_type=product&#038;p=5335"},"modified":"2026-03-30T02:33:27","modified_gmt":"2026-03-30T02:33:27","slug":"survive-the-island-nueva-edicion","status":"publish","type":"product","link":"https:\/\/magicgamesbolivia.com\/index.php\/product\/survive-the-island-nueva-edicion\/","title":{"rendered":"Survive The Island &#8211; Nueva Edicion"},"content":{"rendered":"<p style=\"font-weight: 500;\"><strong style=\"font-weight: 600;\">Survive The Island &#8211; Nueva Edici\u00f3n<\/strong>\u00a0es un\u00a0<strong style=\"font-weight: 600;\">juego de mesa<\/strong>\u00a0en el que el\u00a0<strong style=\"font-weight: 600;\">peligro<\/strong>\u00a0acecha por doquier&#8230; \u00bfConseguir\u00e1s\u00a0<strong style=\"font-weight: 600;\">escapar<\/strong>? La\u00a0<strong style=\"font-weight: 600;\">isla<\/strong>\u00a0se\u00a0<strong style=\"font-weight: 600;\">hunde<\/strong>, y t\u00fa est\u00e1s en medio de la vor\u00e1gine intentando\u00a0<strong style=\"font-weight: 600;\">salvar<\/strong>\u00a0el\u00a0<strong style=\"font-weight: 600;\">trasero<\/strong>\u00a0a tus\u00a0<strong style=\"font-weight: 600;\">expedicionarios<\/strong>, y si para ello hay que\u00a0<strong style=\"font-weight: 600;\">usar<\/strong>\u00a0a los\u00a0<strong style=\"font-weight: 600;\">otros<\/strong>\u00a0de\u00a0<strong style=\"font-weight: 600;\">cebo<\/strong>\u00a0para\u00a0<strong style=\"font-weight: 600;\">monstruos<\/strong>\u00a0y\u00a0<strong style=\"font-weight: 600;\">tiburones<\/strong>\u00a0\u00a1no tendr\u00e1s\u00a0<strong style=\"font-weight: 600;\">piedad<\/strong>!<\/p>\n<p style=\"font-weight: 500;\">La\u00a0<strong style=\"font-weight: 600;\">expedici\u00f3n<\/strong>\u00a0en busca de\u00a0<strong style=\"font-weight: 600;\">tesoros<\/strong>\u00a0iba viento en popa hasta que de repente empezaste a o\u00edr\u00a0<strong style=\"font-weight: 600;\">estruendos<\/strong>\u00a0y sentir\u00a0<strong style=\"font-weight: 600;\">temblores<\/strong>\u00a0por toda la\u00a0<strong style=\"font-weight: 600;\">isla<\/strong>. Despu\u00e9s de una siesta de m\u00e1s de un siglo, los\u00a0<strong style=\"font-weight: 600;\">volcanes<\/strong>\u00a0han decidido entrar en\u00a0<strong style=\"font-weight: 600;\">erupci\u00f3n<\/strong>, y parece ser que unas\u00a0<strong style=\"font-weight: 600;\">enormes<\/strong>\u00a0y\u00a0<strong style=\"font-weight: 600;\">ancestrales<\/strong>\u00a0<strong style=\"font-weight: 600;\">criaturas<\/strong>\u00a0quieren unirse a la fiesta&#8230;<\/p>\n<p style=\"font-weight: 500;\">Y encima la\u00a0<strong style=\"font-weight: 600;\">isla<\/strong>\u00a0se est\u00e1\u00a0<strong style=\"font-weight: 600;\">hundiendo<\/strong>\u00a0lentamente en el mar. \u00bfNecesitas m\u00e1s se\u00f1ales? \u00a1Es hora de\u00a0<strong style=\"font-weight: 600;\">largarse<\/strong>\u00a0con todo el\u00a0<strong style=\"font-weight: 600;\">bot\u00edn<\/strong>\u00a0que puedas! \u00a1Hasta que no encuentres\u00a0<strong style=\"font-weight: 600;\">tierra<\/strong>\u00a0<strong style=\"font-weight: 600;\">firme<\/strong>\u00a0tu vida correr\u00e1\u00a0<strong style=\"font-weight: 600;\">peligro<\/strong>!<\/p>\n<p style=\"font-weight: 500;\">Y, por si fuera poco, quedan\u00a0<strong style=\"font-weight: 600;\">pocas<\/strong>\u00a0<strong style=\"font-weight: 600;\">balsas<\/strong>\u00a0y no est\u00e1s solo en esta isla. \u00a1Todo el\u00a0<strong style=\"font-weight: 600;\">mundo<\/strong>\u00a0quiere\u00a0<strong style=\"font-weight: 600;\">escapar<\/strong>!<\/p>\n<p style=\"font-weight: 500;\"><strong style=\"font-weight: 600;\">Al\u00e9jate<\/strong>\u00a0de los\u00a0<strong style=\"font-weight: 600;\">volcanes<\/strong>\u00a0y\u00a0<strong style=\"font-weight: 600;\">huye<\/strong>\u00a0de las\u00a0<strong style=\"font-weight: 600;\">criaturas<\/strong>\u00a0que acechan bajo el mar y en las profundidades de la jungla, pero, sobre todo,\u00a0<strong style=\"font-weight: 600;\">no<\/strong>\u00a0<strong style=\"font-weight: 600;\">te<\/strong>\u00a0<strong style=\"font-weight: 600;\">f\u00edes<\/strong>\u00a0de las dem\u00e1s\u00a0<strong style=\"font-weight: 600;\">expediciones<\/strong>&#8230; \u00a1Todas\u00a0<strong style=\"font-weight: 600;\">juegan<\/strong>\u00a0<strong style=\"font-weight: 600;\">sucio<\/strong>!<\/p>\n<p style=\"font-weight: 500;\"><em><strong style=\"font-weight: 600;\">Nueva reedici\u00f3n actualizada y mejorada con nuevos dise\u00f1os en la caja exterior y contenidos. Reglamento simplificado y a\u00f1ade un quinto jugador.<\/strong><\/em><\/p>\n","protected":false},"excerpt":{"rendered":"<p><b>Survive The Island &#8211; Nueva Edici\u00f3n<\/b>\u00a0es un\u00a0<b>juego de mesa<\/b>\u00a0en el que el\u00a0<b>peligro<\/b>\u00a0acecha por doquier&#8230; \u00bfConseguir\u00e1s\u00a0<b>escapar<\/b>? La\u00a0<b>isla<\/b>\u00a0se\u00a0<b>hunde<\/b>, y t\u00fa est\u00e1s en medio de la vor\u00e1gine intentando\u00a0<b>salvar<\/b>\u00a0el\u00a0<b>trasero<\/b>\u00a0a tus\u00a0<b>expedicionarios<\/b>, y si para ello hay que\u00a0<b>usar<\/b>\u00a0a los\u00a0<b>otros<\/b>\u00a0de\u00a0<b>cebo<\/b>\u00a0para\u00a0<b>monstruos<\/b>\u00a0y\u00a0<b>tiburones<\/b>\u00a0\u00a1no tendr\u00e1s\u00a0<b>piedad<\/b>!<\/p>\n<div class=\"box_features\">\n<div class=\"iconfeature\"><img decoding=\"async\" class=\"\" title=\"N\u00famero de jugadores: De 2 a 5 jugadores\" src=\"https:\/\/juegosdelamesaredonda.com\/img\/caracteristicas\/9.svg\" alt=\"N\u00famero de jugadores: De 2 a 5 jugadores\" \/> <span class=\"name\">N\u00famero de jugadores:<\/span><span class=\"value\">De 2 a 5 jugadores<\/span><\/div>\n<\/div>\n<div class=\"box_features\">\n<div class=\"iconfeature\"><img decoding=\"async\" class=\"\" title=\"Duraci\u00f3n aproximada del juego: 45 minutos\" src=\"https:\/\/juegosdelamesaredonda.com\/img\/caracteristicas\/7.svg\" alt=\"Duraci\u00f3n aproximada del juego: 45 minutos\" \/> <span class=\"name\">Duraci\u00f3n aproximada:<\/span><span class=\"value\">45 minutos<\/span><\/div>\n<\/div>\n<div class=\"box_features\">\n<div class=\"iconfeature\"><img decoding=\"async\" class=\"\" title=\"Edad m\u00ednima recomendada: 8 a\u00f1os\" src=\"https:\/\/juegosdelamesaredonda.com\/img\/caracteristicas\/10.svg\" alt=\"Edad m\u00ednima recomendada: 8 a\u00f1os\" \/> <span class=\"name\">Edad m\u00ednima:<\/span><span class=\"value\">8 a\u00f1os<\/span><\/div>\n<\/div>\n<div class=\"box_features\">\n<div class=\"iconfeature\"><img decoding=\"async\" class=\"\" title=\"Tipo: Juego de tablero\" src=\"https:\/\/juegosdelamesaredonda.com\/img\/caracteristicas\/11.svg\" alt=\"Tipo: Juego de tablero\" \/> <span class=\"name\">Tipo:<\/span><span class=\"value\">Juego de tablero<\/span><\/div>\n<\/div>\n<div class=\"box_features\">\n<div class=\"iconfeature\"><img decoding=\"async\" class=\"\" title=\"G\u00e9nero: Estrategia\" src=\"https:\/\/juegosdelamesaredonda.com\/img\/caracteristicas\/12.svg\" alt=\"G\u00e9nero: Estrategia\" \/> <span class=\"name\">G\u00e9nero:<\/span><span class=\"value\">Estrategia<\/span><\/div>\n<\/div>\n<div class=\"box_features\">\n<div class=\"iconfeature\"><img decoding=\"async\" class=\"\" title=\"Idioma: Espa\u00f1ol\" src=\"https:\/\/juegosdelamesaredonda.com\/img\/caracteristicas\/14.svg\" alt=\"Idioma: Espa\u00f1ol\" \/> <span class=\"name\">Idioma:<\/span><span class=\"value\">Espa\u00f1ol<\/span><\/div>\n<\/div>\n<div class=\"box_features\">\n<div class=\"iconfeature\"><img decoding=\"async\" class=\"\" title=\"Marca: Asmodee\" src=\"https:\/\/juegosdelamesaredonda.com\/img\/caracteristicas\/13.svg\" alt=\"Marca: Asmodee\" \/> <span class=\"name\">Marca:<\/span><span class=\"value\">Asmodee<\/span><\/div>\n<\/div>\n","protected":false},"featured_media":5336,"comment_status":"open","ping_status":"closed","template":"","meta":{"_themeisle_gutenberg_block_has_review":false},"product_brand":[],"product_cat":[352,29],"product_tag":[279,267,155,888,310],"class_list":{"0":"post-5335","1":"product","2":"type-product","3":"status-publish","4":"has-post-thumbnail","6":"product_cat-asmodee","7":"product_cat-juegos-de-mesa","8":"product_tag-asmodee","9":"product_tag-familiar","10":"product_tag-juegosdemesa","11":"product_tag-survive","12":"product_tag-theisland","14":"first","15":"instock","16":"shipping-taxable","17":"purchasable","18":"product-type-simple"},"_links":{"self":[{"href":"https:\/\/magicgamesbolivia.com\/index.php\/wp-json\/wp\/v2\/product\/5335","targetHints":{"allow":["GET"]}}],"collection":[{"href":"https:\/\/magicgamesbolivia.com\/index.php\/wp-json\/wp\/v2\/product"}],"about":[{"href":"https:\/\/magicgamesbolivia.com\/index.php\/wp-json\/wp\/v2\/types\/product"}],"replies":[{"embeddable":true,"href":"https:\/\/magicgamesbolivia.com\/index.php\/wp-json\/wp\/v2\/comments?post=5335"}],"version-history":[{"count":1,"href":"https:\/\/magicgamesbolivia.com\/index.php\/wp-json\/wp\/v2\/product\/5335\/revisions"}],"predecessor-version":[{"id":5338,"href":"https:\/\/magicgamesbolivia.com\/index.php\/wp-json\/wp\/v2\/product\/5335\/revisions\/5338"}],"wp:featuredmedia":[{"embeddable":true,"href":"https:\/\/magicgamesbolivia.com\/index.php\/wp-json\/wp\/v2\/media\/5336"}],"wp:attachment":[{"href":"https:\/\/magicgamesbolivia.com\/index.php\/wp-json\/wp\/v2\/media?parent=5335"}],"wp:term":[{"taxonomy":"product_brand","embeddable":true,"href":"https:\/\/magicgamesbolivia.com\/index.php\/wp-json\/wp\/v2\/product_brand?post=5335"},{"taxonomy":"product_cat","embeddable":true,"href":"https:\/\/magicgamesbolivia.com\/index.php\/wp-json\/wp\/v2\/product_cat?post=5335"},{"taxonomy":"product_tag","embeddable":true,"href":"https:\/\/magicgamesbolivia.com\/index.php\/wp-json\/wp\/v2\/product_tag?post=5335"}],"curies":[{"name":"wp","href":"https:\/\/api.w.org\/{rel}","templated":true}]}}