{"id":5321,"date":"2024-10-23T19:39:12","date_gmt":"2024-10-23T19:39:12","guid":{"rendered":"https:\/\/magicgamesbolivia.com\/?post_type=product&#038;p=5321"},"modified":"2025-11-24T11:18:47","modified_gmt":"2025-11-24T11:18:47","slug":"hive-pocket","status":"publish","type":"product","link":"https:\/\/magicgamesbolivia.com\/index.php\/product\/hive-pocket\/","title":{"rendered":"Hive Pocket"},"content":{"rendered":"<p><strong>Hive<\/strong>\u00a0<strong>Pocket Edition<\/strong>\u00a0es un juego de mesa altamente adictivo para\u00a0<strong>dos jugadores<\/strong>\u00a0que no est\u00e1 restringido por un tablero y que puede ser jugado en cualquier sitio. Hive est\u00e1 compuesto de\u00a0<strong>22 piezas de juego<\/strong>\u00a0(once para cada jugador) que muestran una variedad de criaturas, cada una con su forma \u00fanica de moverse. Esta nueva edici\u00f3n trae toda la esencia de\u00a0<strong>Hive<\/strong>\u00a0en un peque\u00f1o formato a un precio muy econ\u00f3mico. Adem\u00e1s,\u00a0<strong>incluye las expansiones Mosquito y Mariquita.<\/strong><\/p>\n<p>&nbsp;<\/p>\n<p>Al no haber preparaci\u00f3n alguna, el juego comienza al\u00a0<strong>ponerse la primera pieza.<\/strong>\u00a0A medida que se colocan las piezas, estas van formando un patr\u00f3n que conforma la superficie de juego, llamada\u00a0<strong>Colmena<\/strong>\u00a0(es decir, las piezas mismas van formando el tablero). A diferencia de otros juegos, en\u00a0<strong>Hive<\/strong>\u00a0<strong>Pocket Edition<\/strong>\u00a0las piezas nunca son eliminadas, y no es obligatorio jugarlas todas.<\/p>\n<p>El<strong>\u00a0objetivo del jueg<\/strong>o es rodear por completo a la\u00a0<strong>Abeja Reina<\/strong>\u00a0del oponente, mientras que al mismo tiempo intentas evitar que tu oponente haga lo propio con tu\u00a0<strong>Reina.<\/strong>\u00a0El jugador que rodee completamente a la Reina de su oponente gana el juego. Las piezas que rodean a la Reina pueden ser una mezcla de piezas del oponente y de tus propias piezas.<\/p>\n<p><strong>Los diferentes animales de la colmena<\/strong><\/p>\n<p><strong>Hormiga<\/strong>: Mu\u00e9vete donde quieras, siempre por fuera, sin poder entrar por agujeros.<\/p>\n<p><strong>Ara\u00f1a<\/strong>: Mu\u00e9vete igual que la hormiga, pero s\u00f3lo tres pasitos. Inteligente usarlo al principio, donde puede recorrer casi todo el tablero.<\/p>\n<p><strong>Saltamontes<\/strong>: Nuestro verde amigo puede saltar en l\u00ednea recta, y nos ayudar\u00e1 a rellenar esos huecos en nuestra estrategia.<\/p>\n<p><strong>Escarabajo<\/strong>: Es lento pero letal. Mueve de uno en uno, pero puede pisar a las otras fichas, paralizarlas y tornarlas de su color. Una maravilla de la ingenier\u00eda.<\/p>\n<p><strong>Abeja<\/strong>: Nuestra reina que tenemos que proteger. Se mueve de uno en uno.<\/p>\n<p>Y lo m\u00e1s interesante de todo, la regla principal:\u00a0<strong>NUNCA ROMPAS LA COLMENA<\/strong>.<\/p>\n<p><strong>Hive<\/strong>\u00a0es un juego ideal para llevar de acampada, al bar o a la playa y posiblemente el mejor juego para 2 personas. Hive es un peque\u00f1o gran juego de f\u00e1cil aprendizaje y r\u00e1pido desarrollo. Altamente adictivo y con un formato sorprendente: sin tablero, la uni\u00f3n de unas piezas con otras va dando forma a la\u00a0<strong>colmena.<\/strong><\/p>\n","protected":false},"excerpt":{"rendered":"<p><strong>Hive<\/strong>\u00a0<strong>Pocket Edition<\/strong>\u00a0es un juego de mesa altamente adictivo para\u00a0<strong>dos jugadores<\/strong>\u00a0que no est\u00e1 restringido por un tablero y que puede ser jugado en cualquier sitio. Esta nueva edici\u00f3n trae toda la esencia de\u00a0<strong>Hive<\/strong>\u00a0en un peque\u00f1o formato a un precio muy econ\u00f3mico. Adem\u00e1s,\u00a0<strong>incluye las expansiones Mosquito y Mariquita.<\/strong><\/p>\n<div class=\"box_features\">\n<div class=\"iconfeature\"><img decoding=\"async\" class=\"\" title=\"N\u00famero de jugadores: Para 2 jugadores\" src=\"https:\/\/juegosdelamesaredonda.com\/img\/caracteristicas\/9.svg\" alt=\"N\u00famero de jugadores: Para 2 jugadores\" \/> <span class=\"name\">N\u00famero de jugadores:<\/span><span class=\"value\">Para 2 jugadores<\/span><\/div>\n<\/div>\n<div class=\"box_features\">\n<div class=\"iconfeature\"><img decoding=\"async\" class=\"\" title=\"Duraci\u00f3n aproximada del juego: 20 minutos\" src=\"https:\/\/juegosdelamesaredonda.com\/img\/caracteristicas\/7.svg\" alt=\"Duraci\u00f3n aproximada del juego: 20 minutos\" \/> <span class=\"name\">Duraci\u00f3n aproximada:<\/span><span class=\"value\">20 minutos<\/span><\/div>\n<\/div>\n<div class=\"box_features\">\n<div class=\"iconfeature\"><img decoding=\"async\" class=\"\" title=\"Edad m\u00ednima recomendada: 9 a\u00f1os\" src=\"https:\/\/juegosdelamesaredonda.com\/img\/caracteristicas\/10.svg\" alt=\"Edad m\u00ednima recomendada: 9 a\u00f1os\" \/> <span class=\"name\">Edad m\u00ednima:<\/span><span class=\"value\">9 a\u00f1os<\/span><\/div>\n<\/div>\n<div class=\"box_features\">\n<div class=\"iconfeature\"><img decoding=\"async\" class=\"\" title=\"Tipo: Juego de tablero\" src=\"https:\/\/juegosdelamesaredonda.com\/img\/caracteristicas\/11.svg\" alt=\"Tipo: Juego de tablero\" \/> <span class=\"name\">Tipo:<\/span><span class=\"value\">Juego de tablero<\/span><\/div>\n<\/div>\n<div class=\"box_features\">\n<div class=\"iconfeature\"><img decoding=\"async\" class=\"\" title=\"G\u00e9nero: Estrategia\" src=\"https:\/\/juegosdelamesaredonda.com\/img\/caracteristicas\/12.svg\" alt=\"G\u00e9nero: Estrategia\" \/> <span class=\"name\">G\u00e9nero:<\/span><span class=\"value\">Estrategia<\/span><\/div>\n<\/div>\n<div class=\"box_features\">\n<div class=\"iconfeature\"><img decoding=\"async\" class=\"\" title=\"Idioma: Espa\u00f1ol\" src=\"https:\/\/juegosdelamesaredonda.com\/img\/caracteristicas\/14.svg\" alt=\"Idioma: Espa\u00f1ol\" \/> <span class=\"name\">Idioma:<\/span><span class=\"value\">Espa\u00f1ol<\/span><\/div>\n<\/div>\n<div class=\"box_features\">\n<div class=\"iconfeature\"><img decoding=\"async\" class=\"\" title=\"Marca: Maldito Games\" src=\"https:\/\/juegosdelamesaredonda.com\/img\/caracteristicas\/13.svg\" alt=\"Marca: Maldito Games\" \/> <span class=\"name\">Marca:<\/span><span class=\"value\">Maldito Game<\/span><\/div>\n<\/div>\n","protected":false},"featured_media":5322,"comment_status":"open","ping_status":"closed","template":"","meta":{"_themeisle_gutenberg_block_has_review":false},"product_brand":[],"product_cat":[29,93],"product_tag":[815,299,885,218,197],"class_list":{"0":"post-5321","1":"product","2":"type-product","3":"status-publish","4":"has-post-thumbnail","6":"product_cat-juegos-de-mesa","7":"product_cat-maldito-games","8":"product_tag-2personas","9":"product_tag-espanol","10":"product_tag-hive","11":"product_tag-juegodemesa","12":"product_tag-malditogames","14":"first","15":"instock","16":"shipping-taxable","17":"purchasable","18":"product-type-simple"},"_links":{"self":[{"href":"https:\/\/magicgamesbolivia.com\/index.php\/wp-json\/wp\/v2\/product\/5321","targetHints":{"allow":["GET"]}}],"collection":[{"href":"https:\/\/magicgamesbolivia.com\/index.php\/wp-json\/wp\/v2\/product"}],"about":[{"href":"https:\/\/magicgamesbolivia.com\/index.php\/wp-json\/wp\/v2\/types\/product"}],"replies":[{"embeddable":true,"href":"https:\/\/magicgamesbolivia.com\/index.php\/wp-json\/wp\/v2\/comments?post=5321"}],"version-history":[{"count":1,"href":"https:\/\/magicgamesbolivia.com\/index.php\/wp-json\/wp\/v2\/product\/5321\/revisions"}],"predecessor-version":[{"id":5324,"href":"https:\/\/magicgamesbolivia.com\/index.php\/wp-json\/wp\/v2\/product\/5321\/revisions\/5324"}],"wp:featuredmedia":[{"embeddable":true,"href":"https:\/\/magicgamesbolivia.com\/index.php\/wp-json\/wp\/v2\/media\/5322"}],"wp:attachment":[{"href":"https:\/\/magicgamesbolivia.com\/index.php\/wp-json\/wp\/v2\/media?parent=5321"}],"wp:term":[{"taxonomy":"product_brand","embeddable":true,"href":"https:\/\/magicgamesbolivia.com\/index.php\/wp-json\/wp\/v2\/product_brand?post=5321"},{"taxonomy":"product_cat","embeddable":true,"href":"https:\/\/magicgamesbolivia.com\/index.php\/wp-json\/wp\/v2\/product_cat?post=5321"},{"taxonomy":"product_tag","embeddable":true,"href":"https:\/\/magicgamesbolivia.com\/index.php\/wp-json\/wp\/v2\/product_tag?post=5321"}],"curies":[{"name":"wp","href":"https:\/\/api.w.org\/{rel}","templated":true}]}}