{"id":5308,"date":"2024-10-21T22:10:43","date_gmt":"2024-10-21T22:10:43","guid":{"rendered":"https:\/\/magicgamesbolivia.com\/?post_type=product&#038;p=5308"},"modified":"2024-10-30T14:00:46","modified_gmt":"2024-10-30T14:00:46","slug":"el-jardin-de-alicia","status":"publish","type":"product","link":"https:\/\/magicgamesbolivia.com\/index.php\/product\/el-jardin-de-alicia\/","title":{"rendered":"El Jardin de Alicia"},"content":{"rendered":"<p><em>Los pobres jardineros se esfuerzan para tratar de evitar la ira de la Reina. Pero, \u00bfacaso es posible complacer a Su Majestad?\u00a0<\/em><\/p>\n<p><strong>El Jardin de Alicia<\/strong>\u00a0es un\u00a0<strong>juego de mesa<\/strong>\u00a0en donde los jugadores\u00a0<strong>tomar\u00e1n el papel de jardineros<\/strong>, que tratar\u00e1n de esforzarse por\u00a0<strong>cuidar el jard\u00edn de la Reina de Corazones<\/strong>\u00a0y as\u00ed aplacar su ira.<\/p>\n<p>La Reina\u00a0<strong>desea que los \u00e1rboles est\u00e9n lo m\u00e1s distanciados posible<\/strong>\u00a0y exige los\u00a0<strong>arbustos de rosas<\/strong>\u00a0m\u00e1s suntuosos del Pa\u00eds de las Maravillas.<\/p>\n<p>Y\u00a0<strong>si los caminos no est\u00e1n impolutos<\/strong>\u00a0para que las piezas de ajedrez puedan caminar por ellos, \u00a1har\u00e1 que\u00a0<strong>le corten la cabeza a los jardineros<\/strong>! Alicia no se imagin\u00f3 lo dif\u00edcil que ser\u00eda ayudarles. \u00a1<strong>\u00c9chale una mano<\/strong>\u00a0y crea el mejor jard\u00edn para complacer a la exigente Reina de Corazones!<\/p>\n","protected":false},"excerpt":{"rendered":"<div class=\"box_features\">\n<div><strong>El Jardin de Alicia<\/strong>\u00a0es un\u00a0<strong>juego de mesa<\/strong>\u00a0en donde los jugadores\u00a0<strong>tomar\u00e1n el papel de jardineros<\/strong>, que tratar\u00e1n de esforzarse por\u00a0<strong>cuidar el jard\u00edn de la Reina de Corazones<\/strong>\u00a0y as\u00ed aplacar su ira.<\/div>\n<div class=\"iconfeature\"><img decoding=\"async\" class=\"\" title=\"N\u00famero de jugadores: De 1 a 4 jugadores\" src=\"https:\/\/juegosdelamesaredonda.com\/img\/caracteristicas\/9.svg\" alt=\"N\u00famero de jugadores: De 1 a 4 jugadores\" \/> <span class=\"name\">N\u00famero de jugadores:<\/span><span class=\"value\">De 1 a 4 jugadores<\/span><\/div>\n<\/div>\n<div class=\"box_features\">\n<div class=\"iconfeature\"><img decoding=\"async\" class=\"\" title=\"Duraci\u00f3n aproximada del juego: 30 minutos\" src=\"https:\/\/juegosdelamesaredonda.com\/img\/caracteristicas\/7.svg\" alt=\"Duraci\u00f3n aproximada del juego: 30 minutos\" \/> <span class=\"name\">Duraci\u00f3n aproximada:<\/span><span class=\"value\">30 minutos<\/span><\/div>\n<\/div>\n<div class=\"box_features\">\n<div class=\"iconfeature\"><img decoding=\"async\" class=\"\" title=\"Edad m\u00ednima recomendada: 8 a\u00f1os\" src=\"https:\/\/juegosdelamesaredonda.com\/img\/caracteristicas\/10.svg\" alt=\"Edad m\u00ednima recomendada: 8 a\u00f1os\" \/> <span class=\"name\">Edad m\u00ednima:<\/span><span class=\"value\">8 a\u00f1os<\/span><\/div>\n<\/div>\n<div class=\"box_features\">\n<div class=\"iconfeature\"><img decoding=\"async\" class=\"\" title=\"Tipo: Juego de tablero\" src=\"https:\/\/juegosdelamesaredonda.com\/img\/caracteristicas\/11.svg\" alt=\"Tipo: Juego de tablero\" \/> <span class=\"name\">Tipo:<\/span><span class=\"value\">Juego de tablero<\/span><\/div>\n<\/div>\n<div class=\"box_features\">\n<div class=\"iconfeature\"><img decoding=\"async\" class=\"\" title=\"G\u00e9nero: Estrategia\" src=\"https:\/\/juegosdelamesaredonda.com\/img\/caracteristicas\/12.svg\" alt=\"G\u00e9nero: Estrategia\" \/> <span class=\"name\">G\u00e9nero:<\/span><span class=\"value\">Estrategia<\/span><\/div>\n<\/div>\n<div class=\"box_features\">\n<div class=\"iconfeature\"><img decoding=\"async\" class=\"\" title=\"Idioma: Espa\u00f1ol\" src=\"https:\/\/juegosdelamesaredonda.com\/img\/caracteristicas\/14.svg\" alt=\"Idioma: Espa\u00f1ol\" \/> <span class=\"name\">Idioma:<\/span><span class=\"value\">Espa\u00f1ol<\/span><\/div>\n<\/div>\n<div class=\"box_features\">\n<div class=\"iconfeature\"><img decoding=\"async\" class=\"\" title=\"Marca: Maldito Games\" src=\"https:\/\/juegosdelamesaredonda.com\/img\/caracteristicas\/13.svg\" alt=\"Marca: Maldito Games\" \/> <span class=\"name\">Marca:<\/span><span class=\"value\">Maldito Games<\/span><\/div>\n<\/div>\n","protected":false},"featured_media":5309,"comment_status":"open","ping_status":"closed","template":"","meta":{"_themeisle_gutenberg_block_has_review":false},"product_brand":[],"product_cat":[29,93],"product_tag":[440,884,362,197],"class_list":{"0":"post-5308","1":"product","2":"type-product","3":"status-publish","4":"has-post-thumbnail","6":"product_cat-juegos-de-mesa","7":"product_cat-maldito-games","8":"product_tag-alicia","9":"product_tag-eneljardindealicia","10":"product_tag-fantasia","11":"product_tag-malditogames","13":"first","14":"outofstock","15":"shipping-taxable","16":"purchasable","17":"product-type-simple"},"_links":{"self":[{"href":"https:\/\/magicgamesbolivia.com\/index.php\/wp-json\/wp\/v2\/product\/5308","targetHints":{"allow":["GET"]}}],"collection":[{"href":"https:\/\/magicgamesbolivia.com\/index.php\/wp-json\/wp\/v2\/product"}],"about":[{"href":"https:\/\/magicgamesbolivia.com\/index.php\/wp-json\/wp\/v2\/types\/product"}],"replies":[{"embeddable":true,"href":"https:\/\/magicgamesbolivia.com\/index.php\/wp-json\/wp\/v2\/comments?post=5308"}],"version-history":[{"count":2,"href":"https:\/\/magicgamesbolivia.com\/index.php\/wp-json\/wp\/v2\/product\/5308\/revisions"}],"predecessor-version":[{"id":5313,"href":"https:\/\/magicgamesbolivia.com\/index.php\/wp-json\/wp\/v2\/product\/5308\/revisions\/5313"}],"wp:featuredmedia":[{"embeddable":true,"href":"https:\/\/magicgamesbolivia.com\/index.php\/wp-json\/wp\/v2\/media\/5309"}],"wp:attachment":[{"href":"https:\/\/magicgamesbolivia.com\/index.php\/wp-json\/wp\/v2\/media?parent=5308"}],"wp:term":[{"taxonomy":"product_brand","embeddable":true,"href":"https:\/\/magicgamesbolivia.com\/index.php\/wp-json\/wp\/v2\/product_brand?post=5308"},{"taxonomy":"product_cat","embeddable":true,"href":"https:\/\/magicgamesbolivia.com\/index.php\/wp-json\/wp\/v2\/product_cat?post=5308"},{"taxonomy":"product_tag","embeddable":true,"href":"https:\/\/magicgamesbolivia.com\/index.php\/wp-json\/wp\/v2\/product_tag?post=5308"}],"curies":[{"name":"wp","href":"https:\/\/api.w.org\/{rel}","templated":true}]}}