{"id":5300,"date":"2024-10-21T20:53:57","date_gmt":"2024-10-21T20:53:57","guid":{"rendered":"https:\/\/magicgamesbolivia.com\/?post_type=product&#038;p=5300"},"modified":"2025-04-04T20:03:10","modified_gmt":"2025-04-04T20:03:10","slug":"cortex-challenge-caja-blanca","status":"publish","type":"product","link":"https:\/\/magicgamesbolivia.com\/index.php\/product\/cortex-challenge-caja-blanca\/","title":{"rendered":"Cortex Challenge Caja Blanca"},"content":{"rendered":"<p><strong>\u00a1Bienvenido de nuevo al universo Cortex!<\/strong><\/p>\n<p>&nbsp;<\/p>\n<p><strong>Cortex Challenge 2<\/strong>\u00a0es un\u00a0<strong>juego de cartas de ingenio<\/strong>\u00a0que sigue la saga de su\u00a0<strong>predecesor Cortex Challenge<\/strong>\u00a0y nos trae nuevos retos mentales.<\/p>\n<p>Pon a juego tu agilidad visual, tu coordinaci\u00f3n, tu memoria, capacidad de razonamiento\u2026 \u00a1incluso la sensibilidad de tu tacto!<\/p>\n<p>El objetivo del juego es\u00a0<strong>ganar la mayor cantidad de cartas reto<\/strong>. Los jugadores colocar\u00e9is el mazo de cartas, boca abajo, en el centro de la mesa. El dibujo del reverso de la primera carta os indicar\u00e1 el tipo de prueba que se va a jugar: memoria, laberinto, color, coordinaci\u00f3n, repetici\u00f3n, frecuencia, razonamiento o desaf\u00edo t\u00e1ctil. Contad hasta tres y dad la vuelta a la carta. \u00bfqui\u00e9n ser\u00e1 el primero en resolver el acertijo?\u00a0Debes ser\u00a0el primer jugador en tapar la carta en curso con la mano y dar la respuesta correcta si quieres ganarla.<\/p>\n<p>Cuando un jugador consiga tener dos cartas del mismo tipo de prueba, podr\u00e1 cambiarlas por una de las 4 piezas del puzzle-cerebro que ha de completar, \u00a1si quiere ser el ganador de la partida!<\/p>\n<p>Disfruta de la segunda parte del juego Cortex Challenge con\u00a0nuevos acertijos y nuevos retos&#8230;\u00a0<strong>\u00a1Sigue entrenando tu cerebro!<\/strong><\/p>\n","protected":false},"excerpt":{"rendered":"<p><span class=\"il\">Ya est\u00e1 aqu\u00ed<\/span><strong><span class=\"il\">\u00a0Cortex<\/span> Challenge Caja Blanca<\/strong>, la segunda parte del ingenioso\u00a0<strong>juego de cartas<\/strong>\u00a0que desaf\u00eda tu mente! Hasta\u00a0<strong>8 tipos de acertijos\u00a0diferentes<\/strong>\u00a0pondr\u00e1n en juego tus habilidades cognitivas. El objetivo del juego ser\u00e1<strong>\u00a0ganar la mayor cantidad de cartas reto dando las respuestas correctas.<\/strong><\/p>\n<div class=\"box_features\">\n<div class=\"iconfeature\"><img decoding=\"async\" class=\"\" title=\"N\u00famero de jugadores: De 2 a 6 jugadores\" src=\"https:\/\/juegosdelamesaredonda.com\/img\/caracteristicas\/9.svg\" alt=\"N\u00famero de jugadores: De 2 a 6 jugadores\" \/> <span class=\"name\">N\u00famero de jugadores:<\/span><span class=\"value\">De 2 a 6 jugadores<\/span><\/div>\n<\/div>\n<div class=\"box_features\">\n<div class=\"iconfeature\"><img decoding=\"async\" class=\"\" title=\"Duraci\u00f3n aproximada del juego: 15 Minutos\" src=\"https:\/\/juegosdelamesaredonda.com\/img\/caracteristicas\/7.svg\" alt=\"Duraci\u00f3n aproximada del juego: 15 Minutos\" \/> <span class=\"name\">Duraci\u00f3n aproximada:<\/span><span class=\"value\">15 Minutos<\/span><\/div>\n<\/div>\n<div class=\"box_features\">\n<div class=\"iconfeature\"><img decoding=\"async\" class=\"\" title=\"Edad m\u00ednima recomendada: 8 a\u00f1os\" src=\"https:\/\/juegosdelamesaredonda.com\/img\/caracteristicas\/10.svg\" alt=\"Edad m\u00ednima recomendada: 8 a\u00f1os\" \/> <span class=\"name\">Edad m\u00ednima:<\/span><span class=\"value\">8 a\u00f1os<\/span><\/div>\n<\/div>\n<div class=\"box_features\">\n<div class=\"iconfeature\"><img decoding=\"async\" class=\"\" title=\"Tipo: Juego de cartas\" src=\"https:\/\/juegosdelamesaredonda.com\/img\/caracteristicas\/11.svg\" alt=\"Tipo: Juego de cartas\" \/> <span class=\"name\">Tipo:<\/span><span class=\"value\">Juego de cartas<\/span><\/div>\n<\/div>\n<div class=\"box_features\">\n<div class=\"iconfeature\"><img decoding=\"async\" class=\"\" title=\"G\u00e9nero: Ingenio\" src=\"https:\/\/juegosdelamesaredonda.com\/img\/caracteristicas\/12.svg\" alt=\"G\u00e9nero: Ingenio\" \/> <span class=\"name\">G\u00e9nero:<\/span><span class=\"value\">Ingenio<\/span><\/div>\n<\/div>\n<div class=\"box_features\">\n<div class=\"iconfeature\"><img decoding=\"async\" class=\"\" title=\"Idioma: Espa\u00f1ol y portugu\u00e9s\" src=\"https:\/\/juegosdelamesaredonda.com\/img\/caracteristicas\/14.svg\" alt=\"Idioma: Espa\u00f1ol y portugu\u00e9s\" \/> <span class=\"name\">Idioma:<\/span><span class=\"value\">Espa\u00f1ol y portugu\u00e9s<\/span><\/div>\n<\/div>\n<div class=\"box_features\">\n<div class=\"iconfeature\"><img decoding=\"async\" class=\"\" title=\"Marca: Asmodee\" src=\"https:\/\/juegosdelamesaredonda.com\/img\/caracteristicas\/13.svg\" alt=\"Marca: Asmodee\" \/> <span class=\"name\">Marca:<\/span><span class=\"value\">Asmodee<\/span><\/div>\n<\/div>\n","protected":false},"featured_media":5301,"comment_status":"open","ping_status":"closed","template":"","meta":{"_themeisle_gutenberg_block_has_review":false},"product_brand":[],"product_cat":[352,29],"product_tag":[279,220,883,155,308],"class_list":{"0":"post-5300","1":"product","2":"type-product","3":"status-publish","4":"has-post-thumbnail","6":"product_cat-asmodee","7":"product_cat-juegos-de-mesa","8":"product_tag-asmodee","9":"product_tag-cortex","10":"product_tag-inteligencia","11":"product_tag-juegosdemesa","12":"product_tag-partygame","14":"first","15":"instock","16":"shipping-taxable","17":"purchasable","18":"product-type-simple"},"_links":{"self":[{"href":"https:\/\/magicgamesbolivia.com\/index.php\/wp-json\/wp\/v2\/product\/5300","targetHints":{"allow":["GET"]}}],"collection":[{"href":"https:\/\/magicgamesbolivia.com\/index.php\/wp-json\/wp\/v2\/product"}],"about":[{"href":"https:\/\/magicgamesbolivia.com\/index.php\/wp-json\/wp\/v2\/types\/product"}],"replies":[{"embeddable":true,"href":"https:\/\/magicgamesbolivia.com\/index.php\/wp-json\/wp\/v2\/comments?post=5300"}],"version-history":[{"count":1,"href":"https:\/\/magicgamesbolivia.com\/index.php\/wp-json\/wp\/v2\/product\/5300\/revisions"}],"predecessor-version":[{"id":5303,"href":"https:\/\/magicgamesbolivia.com\/index.php\/wp-json\/wp\/v2\/product\/5300\/revisions\/5303"}],"wp:featuredmedia":[{"embeddable":true,"href":"https:\/\/magicgamesbolivia.com\/index.php\/wp-json\/wp\/v2\/media\/5301"}],"wp:attachment":[{"href":"https:\/\/magicgamesbolivia.com\/index.php\/wp-json\/wp\/v2\/media?parent=5300"}],"wp:term":[{"taxonomy":"product_brand","embeddable":true,"href":"https:\/\/magicgamesbolivia.com\/index.php\/wp-json\/wp\/v2\/product_brand?post=5300"},{"taxonomy":"product_cat","embeddable":true,"href":"https:\/\/magicgamesbolivia.com\/index.php\/wp-json\/wp\/v2\/product_cat?post=5300"},{"taxonomy":"product_tag","embeddable":true,"href":"https:\/\/magicgamesbolivia.com\/index.php\/wp-json\/wp\/v2\/product_tag?post=5300"}],"curies":[{"name":"wp","href":"https:\/\/api.w.org\/{rel}","templated":true}]}}