{"id":5283,"date":"2024-10-01T21:39:05","date_gmt":"2024-10-01T21:39:05","guid":{"rendered":"https:\/\/magicgamesbolivia.com\/?post_type=product&#038;p=5283"},"modified":"2026-03-30T01:47:50","modified_gmt":"2026-03-30T01:47:50","slug":"a-prueba-de-retos","status":"publish","type":"product","link":"https:\/\/magicgamesbolivia.com\/index.php\/product\/a-prueba-de-retos\/","title":{"rendered":"A prueba de Retos"},"content":{"rendered":"<p><strong>A prueba de Retos<\/strong>\u00a0es un\u00a0<strong>juego de mesa<\/strong>\u00a0repleto de\u00a0<strong>retos<\/strong>\u00a0\u201c<strong>f\u00e1ciles<\/strong>\u201d que tus\u00a0<strong>amigos<\/strong>\u00a0har\u00e1n tremendamente\u00a0<strong>dif\u00edciles<\/strong>. Un divertido\u00a0<strong>party<\/strong>\u00a0<strong>game<\/strong>\u00a0en el que el que sea capaz de\u00a0<strong>complicar<\/strong>\u00a0m\u00e1s el \u201c<strong>asunto<\/strong>\u201d se har\u00e1 con la\u00a0<strong>victoria<\/strong>.<\/p>\n<p>Esta caja est\u00e1\u00a0<strong>llena<\/strong>\u00a0de\u00a0<strong>retos<\/strong>\u00a0<strong>divertid\u00edsimos<\/strong>\u00a0en los que tendr\u00e1s que utilizar pelotas, bol\u00edgrafos, cubitos de hielo e incluso tu m\u00f3vil.<\/p>\n<p>Los\u00a0<strong>retos<\/strong>\u00a0son\u00a0<strong>f\u00e1ciles<\/strong>.\u00a0<strong>Antes<\/strong>\u00a0de que\u00a0<strong>empieces<\/strong>\u00a0el reto, tus amigos te lo pondr\u00e1n m\u00e1s\u00a0<strong>dif\u00edcil<\/strong>. Quien lo haga m\u00e1s dif\u00edcil se convertir\u00e1 en tu\u00a0<strong>Ayudante<\/strong>. Si realizas el\u00a0<strong>reto<\/strong>\u00a0con\u00a0<strong>\u00e9xito<\/strong>,\u00a0<strong>ambos<\/strong>\u00a0os\u00a0<strong>llev\u00e1is<\/strong>\u00a0<strong>puntos<\/strong>. Si\u00a0<strong>fallas<\/strong>, todos los\u00a0<strong>dem\u00e1s<\/strong>\u00a0se\u00a0<strong>llevan<\/strong>\u00a0los\u00a0<strong>puntos<\/strong>.<\/p>\n<p>\u00a1A divertirse!<\/p>\n","protected":false},"excerpt":{"rendered":"<p><strong>A prueba de Retos<\/strong>\u00a0es un\u00a0<strong>juego de mesa<\/strong>\u00a0repleto de\u00a0<strong>retos<\/strong>\u00a0\u201c<strong>f\u00e1ciles<\/strong>\u201d que tus\u00a0<strong>amigos<\/strong>\u00a0har\u00e1n tremendamente\u00a0<strong>dif\u00edciles<\/strong>. Un divertido\u00a0<strong>party<\/strong>\u00a0<strong>game<\/strong>\u00a0en el que el que sea capaz de\u00a0<strong>complicar<\/strong>\u00a0m\u00e1s el \u201c<strong>asunto<\/strong>\u201d se har\u00e1 con la\u00a0<strong>victoria<\/strong>.<\/p>\n<div class=\"box_features\">\n<div class=\"iconfeature\"><img decoding=\"async\" class=\"\" title=\"N\u00famero de jugadores: De 2 a 5 jugadores\" src=\"https:\/\/juegosdelamesaredonda.com\/img\/caracteristicas\/9.svg\" alt=\"N\u00famero de jugadores: De 2 a 5 jugadores\" \/> <span class=\"name\">N\u00famero de jugadores:<\/span><span class=\"value\">De 2 + jugadores<\/span><\/div>\n<\/div>\n<div class=\"box_features\">\n<div class=\"iconfeature\"><img decoding=\"async\" class=\"\" title=\"Duraci\u00f3n aproximada del juego: 20 minutos\" src=\"https:\/\/juegosdelamesaredonda.com\/img\/caracteristicas\/7.svg\" alt=\"Duraci\u00f3n aproximada del juego: 20 minutos\" \/> <span class=\"name\">Duraci\u00f3n aproximada:<\/span><span class=\"value\">20 minutos<\/span><\/div>\n<\/div>\n<div class=\"box_features\">\n<div class=\"iconfeature\"><img decoding=\"async\" class=\"\" title=\"Edad m\u00ednima recomendada: 7 a\u00f1os\" src=\"https:\/\/juegosdelamesaredonda.com\/img\/caracteristicas\/10.svg\" alt=\"Edad m\u00ednima recomendada: 7 a\u00f1os\" \/> <span class=\"name\">Edad m\u00ednima:<\/span><span class=\"value\">7 a\u00f1os<\/span><\/div>\n<\/div>\n<div class=\"box_features\">\n<div class=\"iconfeature\"><img decoding=\"async\" class=\"\" title=\"Tipo: Juego de tablero\" src=\"https:\/\/juegosdelamesaredonda.com\/img\/caracteristicas\/11.svg\" alt=\"Tipo: Juego de tablero\" \/> <span class=\"name\">Tipo:<\/span><span class=\"value\">Juego de tablero<\/span><\/div>\n<\/div>\n<div class=\"box_features\">\n<div class=\"iconfeature\"><img decoding=\"async\" class=\"\" title=\"G\u00e9nero: Humor\" src=\"https:\/\/juegosdelamesaredonda.com\/img\/caracteristicas\/12.svg\" alt=\"G\u00e9nero: Humor\" \/> <span class=\"name\">G\u00e9nero:<\/span><span class=\"value\">Humor<\/span><\/div>\n<\/div>\n<div class=\"box_features\">\n<div class=\"iconfeature\"><img decoding=\"async\" class=\"\" title=\"Idioma: Espa\u00f1ol\" src=\"https:\/\/juegosdelamesaredonda.com\/img\/caracteristicas\/14.svg\" alt=\"Idioma: Espa\u00f1ol\" \/> <span class=\"name\">Idioma:<\/span><span class=\"value\">Espa\u00f1ol<\/span><\/div>\n<\/div>\n<div class=\"box_features\">\n<div class=\"iconfeature\"><img decoding=\"async\" class=\"\" title=\"Marca: Asmodee\" src=\"https:\/\/juegosdelamesaredonda.com\/img\/caracteristicas\/13.svg\" alt=\"Marca: Asmodee\" \/> <span class=\"name\">Marca:<\/span><span class=\"value\">Asmodee<\/span><\/div>\n<\/div>\n","protected":false},"featured_media":5284,"comment_status":"open","ping_status":"closed","template":"","meta":{"_themeisle_gutenberg_block_has_review":false},"product_brand":[],"product_cat":[352,29],"product_tag":[881,279,155,351],"class_list":{"0":"post-5283","1":"product","2":"type-product","3":"status-publish","4":"has-post-thumbnail","6":"product_cat-asmodee","7":"product_cat-juegos-de-mesa","8":"product_tag-apruebaderetos","9":"product_tag-asmodee","10":"product_tag-juegosdemesa","11":"product_tag-partygames","13":"first","14":"instock","15":"shipping-taxable","16":"purchasable","17":"product-type-simple"},"_links":{"self":[{"href":"https:\/\/magicgamesbolivia.com\/index.php\/wp-json\/wp\/v2\/product\/5283","targetHints":{"allow":["GET"]}}],"collection":[{"href":"https:\/\/magicgamesbolivia.com\/index.php\/wp-json\/wp\/v2\/product"}],"about":[{"href":"https:\/\/magicgamesbolivia.com\/index.php\/wp-json\/wp\/v2\/types\/product"}],"replies":[{"embeddable":true,"href":"https:\/\/magicgamesbolivia.com\/index.php\/wp-json\/wp\/v2\/comments?post=5283"}],"version-history":[{"count":1,"href":"https:\/\/magicgamesbolivia.com\/index.php\/wp-json\/wp\/v2\/product\/5283\/revisions"}],"predecessor-version":[{"id":5285,"href":"https:\/\/magicgamesbolivia.com\/index.php\/wp-json\/wp\/v2\/product\/5283\/revisions\/5285"}],"wp:featuredmedia":[{"embeddable":true,"href":"https:\/\/magicgamesbolivia.com\/index.php\/wp-json\/wp\/v2\/media\/5284"}],"wp:attachment":[{"href":"https:\/\/magicgamesbolivia.com\/index.php\/wp-json\/wp\/v2\/media?parent=5283"}],"wp:term":[{"taxonomy":"product_brand","embeddable":true,"href":"https:\/\/magicgamesbolivia.com\/index.php\/wp-json\/wp\/v2\/product_brand?post=5283"},{"taxonomy":"product_cat","embeddable":true,"href":"https:\/\/magicgamesbolivia.com\/index.php\/wp-json\/wp\/v2\/product_cat?post=5283"},{"taxonomy":"product_tag","embeddable":true,"href":"https:\/\/magicgamesbolivia.com\/index.php\/wp-json\/wp\/v2\/product_tag?post=5283"}],"curies":[{"name":"wp","href":"https:\/\/api.w.org\/{rel}","templated":true}]}}